{"id":81,"date":"2015-07-02T14:00:40","date_gmt":"2015-07-02T11:00:40","guid":{"rendered":"http:\/\/cargomax.lv\/?page_id=81"},"modified":"2015-07-02T14:55:36","modified_gmt":"2015-07-02T11:55:36","slug":"noderigi-resursi","status":"publish","type":"page","link":"https:\/\/cargomax.lv\/ru\/noderigi\/noderigi-resursi\/","title":{"rendered":"Noder\u012bgi resursi"},"content":{"rendered":"<p>\u0160eit atrad\u012bsiet inform\u0101ciju par papildus noder\u012bgiem \u0101rvalstu un Latvijas resursiem ikdienas transporta organiz\u0113\u0161an\u0101, kuri pal\u012bdz\u0113s Jums atrast svar\u012bgu inform\u0101ciju par visu, kas saist\u012bts ar kravu p\u0101rvad\u0101jumiem &#8211; CMR konvencija, ISO 6346 standarts, kas attiecin\u0101ms uz j\u016bras p\u0101rvad\u0101jumiem un konteineru mar\u0137\u0113\u0161anu, kod\u0113\u0161anu un identific\u0113\u0161anu, gan interneta linku, kur l\u016bkoties, ja ir nepiecie\u0161ams uzzin\u0101t prec\u012bzu laiku k\u0101d\u0101 valst\u012b, un v\u0113l citi.<\/p>\n<p>&nbsp;<\/p>\n<p>CMR Konvencijas piln\u0101 versija<\/p>\n<p><a href=\"http:\/\/likumi.lv\/ta\/lv\/starptautiskie-ligumi\/id\/673\" target=\"_blank\">http:\/\/likumi.lv\/ta\/lv\/starptautiskie-ligumi\/id\/673<\/a><\/p>\n<p>&nbsp;<\/p>\n<p>Inform\u0101cija par j\u016bras kravu p\u0101rvad\u0101jumiem un konteineriem<\/p>\n<p><a href=\"http:\/\/www.containerhandbuch.de\/chb_e\/stra\/index.html?\/chb_e\/stra\/stra_03_04_00.html\" target=\"_blank\">http:\/\/www.containerhandbuch.de\/chb_e\/stra\/index.html?\/chb_e\/stra\/stra_03_04_00.html<\/a><\/p>\n<p>&nbsp;<\/p>\n<p>Prec\u012bzs laiks ikvien\u0101 Pasaules viet\u0101<\/p>\n<p><a href=\"http:\/\/www.pareizslaiks.lv\/\" target=\"_blank\">http:\/\/www.pareizslaiks.lv\/<\/a><\/p>\n","protected":false},"excerpt":{"rendered":"<p>\u0160eit atrad\u012bsiet inform\u0101ciju par papildus noder\u012bgiem \u0101rvalstu un Latvijas resursiem ikdienas transporta organiz\u0113\u0161an\u0101, kuri pal\u012bdz\u0113s Jums atrast svar\u012bgu inform\u0101ciju par visu, kas saist\u012bts ar [&hellip;]<\/p>\n","protected":false},"author":1,"featured_media":0,"parent":20,"menu_order":0,"comment_status":"open","ping_status":"open","template":"","meta":[],"_links":{"self":[{"href":"https:\/\/cargomax.lv\/ru\/wp-json\/wp\/v2\/pages\/81\/"}],"collection":[{"href":"https:\/\/cargomax.lv\/ru\/wp-json\/wp\/v2\/pages\/"}],"about":[{"href":"https:\/\/cargomax.lv\/ru\/wp-json\/wp\/v2\/types\/page\/"}],"author":[{"embeddable":true,"href":"https:\/\/cargomax.lv\/ru\/wp-json\/wp\/v2\/users\/1\/"}],"replies":[{"embeddable":true,"href":"https:\/\/cargomax.lv\/ru\/wp-json\/wp\/v2\/comments\/?post=81"}],"version-history":[{"count":4,"href":"https:\/\/cargomax.lv\/ru\/wp-json\/wp\/v2\/pages\/81\/revisions\/"}],"predecessor-version":[{"id":746,"href":"https:\/\/cargomax.lv\/ru\/wp-json\/wp\/v2\/pages\/81\/revisions\/746\/"}],"up":[{"embeddable":true,"href":"https:\/\/cargomax.lv\/ru\/wp-json\/wp\/v2\/pages\/20\/"}],"wp:attachment":[{"href":"https:\/\/cargomax.lv\/ru\/wp-json\/wp\/v2\/media\/?parent=81"}],"curies":[{"name":"wp","href":"https:\/\/api.w.org\/{rel}","templated":true}]}}