{"id":79,"date":"2015-01-05T15:29:14","date_gmt":"2015-01-05T15:29:14","guid":{"rendered":"http:\/\/cargomax.lv\/?page_id=79"},"modified":"2015-01-05T15:29:14","modified_gmt":"2015-01-05T15:29:14","slug":"kravu-apdrosinasana","status":"publish","type":"page","link":"https:\/\/cargomax.lv\/ru\/noderigi\/kravu-apdrosinasana\/","title":{"rendered":"Kravu apdro\u0161in\u0101\u0161ana"},"content":{"rendered":"","protected":false},"excerpt":{"rendered":"","protected":false},"author":1,"featured_media":0,"parent":20,"menu_order":0,"comment_status":"open","ping_status":"open","template":"","meta":[],"_links":{"self":[{"href":"https:\/\/cargomax.lv\/ru\/wp-json\/wp\/v2\/pages\/79\/"}],"collection":[{"href":"https:\/\/cargomax.lv\/ru\/wp-json\/wp\/v2\/pages\/"}],"about":[{"href":"https:\/\/cargomax.lv\/ru\/wp-json\/wp\/v2\/types\/page\/"}],"author":[{"embeddable":true,"href":"https:\/\/cargomax.lv\/ru\/wp-json\/wp\/v2\/users\/1\/"}],"replies":[{"embeddable":true,"href":"https:\/\/cargomax.lv\/ru\/wp-json\/wp\/v2\/comments\/?post=79"}],"version-history":[{"count":1,"href":"https:\/\/cargomax.lv\/ru\/wp-json\/wp\/v2\/pages\/79\/revisions\/"}],"predecessor-version":[{"id":80,"href":"https:\/\/cargomax.lv\/ru\/wp-json\/wp\/v2\/pages\/79\/revisions\/80\/"}],"up":[{"embeddable":true,"href":"https:\/\/cargomax.lv\/ru\/wp-json\/wp\/v2\/pages\/20\/"}],"wp:attachment":[{"href":"https:\/\/cargomax.lv\/ru\/wp-json\/wp\/v2\/media\/?parent=79"}],"curies":[{"name":"wp","href":"https:\/\/api.w.org\/{rel}","templated":true}]}}