{"id":75,"date":"2015-01-05T15:28:35","date_gmt":"2015-01-05T15:28:35","guid":{"rendered":"http:\/\/cargomax.lv\/?page_id=75"},"modified":"2015-04-15T16:56:48","modified_gmt":"2015-04-15T13:56:48","slug":"kravas-iepakosanas-kludas","status":"publish","type":"page","link":"https:\/\/cargomax.lv\/ru\/noderigi\/kravas-iepakosanas-kludas\/","title":{"rendered":"Tipisk\u0101k\u0101s un visbie\u017e\u0101k pie\u013caut\u0101s kravas iepako\u0161anas k\u013c\u016bdas"},"content":{"rendered":"<p><strong>Tipisk\u0101k\u0101s un visbie\u017e\u0101k pie\u013caut\u0101s s\u016bt\u012bjuma iepako\u0161anas k\u013c\u016bdas.<\/strong><\/p>\n<p>Nereti gad\u0101s, kad transporta komp\u0101nija vai kurjers atsak\u0101s pa\u0146emt J\u016bsu kravu. Visbie\u017e\u0101k \u0161\u0101di atteikumi ir tamd\u0113\u013c, ka s\u016bt\u0101m\u0101 prece nav iepakota vai ar\u012b, ja ir iepakota, tad neatbilsto\u0161i.<br \/>\nTamd\u0113\u013c \u0161odien apskat\u012bsim tipisk\u0101k\u0101s iepako\u0161anas k\u013c\u016bdas, ko pie\u013cauj nos\u016bt\u012bt\u0101js, jo tikai pats nos\u016bt\u012bt\u0101js ir atbild\u012bgs par pareizu un dro\u0161u kravas iepakojumu.<\/p>\n<p><span style=\"text-decoration: underline;\"><strong>Tipisk\u0101k\u0101s un visbie\u017e\u0101k pie\u013caut\u0101s iepako\u0161anas k\u013c\u016bdas ir sekojo\u0161as:<\/strong><\/span><br \/>\n&#8211; Liel\u0101m krav\u0101m, iek\u0101rt\u0101m u.c. veida s\u016bt\u012bjumiem netiek izmantots ori\u0123in\u0101lais iepakojums, t\u0101 viet\u0101 krava vai nu tiek tikai apt\u012bta ar p\u0101rtikas pl\u0113vi vai visp\u0101r tiek izsniegta bez \u0101r\u0113j\u0101 iepakojuma. Da\u017eos gad\u012bjumos tiek izmantots jau lietots vai k\u0101das citas kravas iepakojums, kas nav piem\u0113rots konkr\u0113tajai kravai.<\/p>\n<p>&#8211; Krava nav stabila. Visbie\u017e\u0101k \u0161\u012b probl\u0113ma v\u0113rojama situ\u0101cij\u0101s, kad uz paletes atrodas \u013coti daudz da\u017e\u0101da izm\u0113ra kastes, kuras ir haotiski saliktas uz paletes, neiev\u0113rojot kastu lieluma un svara proporcijas, k\u0101 rezult\u0101t\u0101 palete ir \u0161\u0137\u012bba, smaguma centrs nav paletes vid\u016b, un bez papildus paletes nostiprin\u0101\u0161anas ma\u0161\u012bn\u0101, \u0161o kravu nav iesp\u0113jams dro\u0161i transport\u0113t, k\u0101 ar\u012b smag\u0101k\u0101s kastes boj\u0101 apak\u0161\u0101 novietot\u0101s viegl\u0101k\u0101s kastes.<\/p>\n<p>&#8211; Paletes j\u016bk \u0101r\u0101. \u0160\u012b situ\u0101cija m\u0113dz b\u016bt gan tajos br\u012b\u017eos, kad pati palete jau ir veca un neturas kop\u0101, k\u0101 ar\u012b situ\u0101cij\u0101, kad kastes nav stabili saliktas uz paletes un not\u012btas cie\u0161i kop\u0101 ar paleti t\u0101, lai krava neizjuktu pa ce\u013cam. Nenofiks\u0113jot k\u0101rt\u012bgi kastes un paleti, rodas t\u0101da situ\u0101cija, ka transport\u0113\u0161anas laik\u0101, krava ir pusizjukusi.<\/p>\n<p>&#8211; Tiek nodota prece atv\u0113rt\u0101 iepakojum\u0101<\/p>\n<p>&#8211; Netiek izmantota kvalitat\u012bva un atbilsto\u0161a platuma l\u012bmlente, k\u0101 rezult\u0101t\u0101 kastes var jebkur\u0101 br\u012bd\u012b atv\u0113rties, krava izjukt vai k\u0101d\u0101 cit\u0101 veid\u0101 tikt saboj\u0101ta.<\/p>\n<p>&#8211; Trausli un smalki priek\u0161meti netiek atbilsto\u0161i iepakoti. Trauslus un smalkus priek\u0161metus noteikti ir j\u0101iepako atsevi\u0161\u0137i papildus dro\u0161\u0101 iepakojum\u0101 k\u0101 burbu\u013cpl\u0113ve, vate, putoplast\u0101, lai transport\u0113\u0161anas laik\u0101 tiem neb\u016btu iesp\u0113ja saskarties ar citiem priek\u0161metiem un trieciena vai berzes gad\u012bjum\u0101 tie netiktu boj\u0101ti.<\/p>\n<p>&#8211; S\u0101k tec\u0113t \u0161\u0137idrumi un citas da\u017e\u0101da bl\u012bvuma vielas, jo to iepakojums nav piem\u0113rots transport\u0113\u0161anai \u2013 v\u0101ki vai apvalki kr\u012bt nost no pudel\u0113m, spai\u0146iem, k\u0101rb\u0101m, muc\u0101m. Jau nodo\u0161anas laik\u0101 m\u0113dz b\u016bt boj\u0101ts iepakojums, k\u0101 rezult\u0101t\u0101 transport\u0113\u0161anas laik\u0101 \u0161\u0137idrums iztek, radot zaud\u0113jumus ne tikai pa\u0161am preces sa\u0146\u0113m\u0113jam, bet ar\u012b cit\u0101m krav\u0101m un ma\u0161\u012bnai (piem\u0113ram, izliju\u0161u e\u013c\u013cu neb\u016bt nav tik viegli iesp\u0113jams sav\u0101kt).<\/p>\n<p>&#8211; Pie iepakojuma piestiprina preci bez \u0101r\u0113j\u0101 iepakojuma, kurai nepietika vietas pamata iepakojum\u0101.<\/p>\n<p>&#8211; Divu un vair\u0101ku iepakojuma s\u016bt\u012b\u0161anas gad\u012bjum\u0101 uz da\u017e\u0101d\u0101m adres\u0113m, netiek nor\u0101d\u012bta pieg\u0101des adrese uz katra iepakojuma, k\u0101 rezult\u0101t\u0101 kravu neb\u016bs iesp\u0113jams nog\u0101d\u0101t pareizaj\u0101s viet\u0101s.<\/p>\n<p>&#8211; Kravas pavaddokumenti vai pieg\u0101des adrese ir nev\u0113r\u012bgi piestiprin\u0101ti, k\u0101 rezult\u0101t\u0101 tie pa ce\u013cam var pazust vai norauties nost, tamd\u0113\u013c visi dokumenti k\u0101rt\u012bgi j\u0101piestiprina iepakojuma aug\u0161pus\u0113 vai uz plat\u0101k\u0101s malas un pieg\u0101des adrese j\u0101piel\u012bm\u0113 k\u0101rt\u012bgi, lai izvair\u012btos no liekiem p\u0101rpratumiem un probl\u0113m\u0101m.<\/p>\n<p>&#8211; Krava ar asiem st\u016briem, asi priek\u0161meti tiek nodoti bez iepakojuma, t\u0101d\u0113j\u0101di radot draudus jau prim\u0101ri cilv\u0113kiem (noliktavas darbinieki, \u0161oferis, termin\u0101la darbinieki), k\u0101 ar\u012b apdraud blakuseso\u0161\u0101s kravas, jo var t\u0101s saboj\u0101t.<\/p>\n<p>&#8211; Un k\u0101 p\u0113d\u0113jais svar\u012bgais punkts, kas izriet no visiem iepriek\u0161\u0113jiem un balst\u0101s uz iepakojuma pamatfunkciju \u2013 kravas iepakojumiem ir j\u0101iztur testa kritiens no 80-90 cm augstuma un t\u0101 laik\u0101 j\u0101pasarg\u0101 iepakojum\u0101 eso\u0161\u0101 krava. Protams, tas nenoz\u012bm\u0113, ka visas kravas tiek m\u0113t\u0101tas un p\u0101rbaud\u012btas, bet transport\u0113\u0161anas laik\u0101 m\u0113dz gad\u012bties neparedz\u0113tas \u0101rk\u0101rtas situ\u0101cijas, tehnikas \u0137ibeles vai av\u0101rijas, k\u0101 rezult\u0101t\u0101 krava var piedz\u012bvot kritienu. Tamd\u0113\u013c laikus ir v\u0113rts padom\u0101t par atbilsto\u0161u iepakojumu, lai prece pie sa\u0146\u0113m\u0113ja non\u0101ktu sveika un vesela.<\/p>\n<p><span style=\"text-decoration: underline;\"><strong>K\u0101 izvair\u012bties no \u0161\u0101d\u0101m iepako\u0161anas k\u013c\u016bd\u0101m?<\/strong><\/span><\/p>\n<p>Iepaz\u012bstieties ar zem\u0101k eso\u0161o inform\u0101ciju par pareizo un v\u0113lamo kravas iepakojuma veidu, lai J\u016bsu kravas tiktu bez starpgad\u012bjumiem pa\u0146emtas un nog\u0101d\u0101tas pie sa\u0146\u0113m\u0113ja.<\/p>\n<p>&#8211; Ikvienam s\u016bt\u012bjumam ir j\u0101b\u016bt iepakotam t\u0101, lai taj\u0101 eso\u0161ajam saturam neb\u016btu iesp\u0113jams piek\u013c\u016bt, nesaboj\u0101jot \u0101r\u0113jo iepakojumu, k\u0101 ar\u012b, lai transport\u0113\u0161anas laik\u0101 nekas no t\u0101 neizbirtu. T\u0101p\u0113c s\u016bt\u012bjums ir j\u0101nodod k\u0101rt\u012bgi iepakots nevis atv\u0113rt\u0101 veid\u0101.<\/p>\n<p>&#8211; Ja ir j\u0101s\u016bta asi priek\u0161meti \u2013 notiniet tos papildus ar burbu\u013cpl\u0113vi vai asos galus iepakojiet gofr\u0113taj\u0101 karton\u0101.<\/p>\n<p>&#8211; Izmantotaj\u0101m iepakojuma kast\u0113m j\u0101b\u016bt triecieniztur\u012bg\u0101m, l\u012bdzen\u0101m un ar vien\u0101diem st\u016briem, un \u013coti v\u0113lams ir izv\u0113l\u0113ties jaunas kastes, kas l\u012bdz \u0161im nav tiku\u0161as izmantotas.<\/p>\n<p>&#8211; Ar\u012b paliktnim vai paletei j\u0101b\u016bt iztur\u012bgai, t\u0101 nedr\u012bkt \u0161\u0137ob\u012bties un nestabili tur\u0113ties.<\/p>\n<p>&#8211; Ja s\u016bt\u0101m\u0101 krava ir maz\u0101ka par pa\u0161u iepakojumu un nav iesp\u0113jams piemekl\u0113t konkr\u0113tajiem s\u016bt\u0101m\u0101s kravas parametriem piem\u0113rotu iepakojumu, tad tuk\u0161\u0101s vietas aizpildiet ar k\u0101du no iepakojuma materi\u0101liem, kas ne\u013cautu kravai kast\u0113 br\u012bvi p\u0101rvietoties un samazin\u0101tu boj\u0101juma draudus.<\/p>\n<p>&#8211; Noteikti j\u0101piev\u0113r\u0161 uzman\u012bba s\u016bt\u0101m\u0101s kravas svaram un pie\u013caujamajam svaram, ko sp\u0113j iztur\u0113t pats iepakojums. Diez vai liksim kast\u0113, kura sp\u0113j iztur\u0113t 10 kg s\u016bt\u012bjumu, k\u0101du smag\u0101ku deta\u013cu, kuras svars sasniedz 30 kg.<\/p>\n<p>&#8211; Trauslus, mazus un s\u012bkus priek\u0161metus ir j\u0101ieliek s\u0101kotn\u0113ji tiem piem\u0113rotos iepakojumos, trauslus priek\u0161metus ir j\u0101ietin papildus iepakojum\u0101 k\u0101 burbu\u013cpl\u0113ve, un tad j\u0101liek kast\u0113, kur\u0101 atrodas papildus iepakojuma materi\u0101li, kas ne\u013cauj kravai br\u012bvi p\u0101rvieties iepakojuma iek\u0161ien\u0113 un amortiz\u0113 \u0101r\u0113jos triecienus.<\/p>\n<p>&#8211; Izmantojot papildus iepako\u0161anas materi\u0101lus, lai aizpild\u012btu br\u012bvo vietu iepakojum\u0101 \u2013 izmantojiet \u0161os materi\u0101lus pietiekam\u0101 daudzum\u0101, lai aizpild\u012btu patie\u0161\u0101m visu br\u012bvo telpu, t\u0101d\u0113j\u0101di stabili fiks\u0113jot s\u016bt\u0101mo preci iepakojum\u0101.<\/p>\n<p>&#8211; P\u0101rbaudiet l\u012bm\u0113jam\u0101 materi\u0101la kvalit\u0101ti un izmantojiet tikai kvalitat\u012bvu un atbilsto\u0161a platuma l\u012bmlenti, lai aizl\u012bm\u0113t\u0101 kaste neatv\u0113rtos un neizbirtu t\u0101s saturs.<\/p>\n<p>&#8211; Ja s\u016btiet preces, kuras ir j\u016bt\u012bgas pret mitrumu un putek\u013ciem, ievietojiet t\u0101s papildus iepakojum\u0101 vai plastmasas mais\u0101.<\/p>\n<p>&#8211; Ja s\u016btiet riepas, tad iepakojiet t\u0101s pl\u0113v\u0113 un tikai uz pl\u0113ves l\u012bm\u0113jiet inform\u0101ciju par pieg\u0101des adresi, sa\u0146\u0113m\u0113ju un citus datus. Riepas gumijas materi\u0101ls liel\u0101kaj\u0101 da\u013c\u0101 atgr\u016b\u017e l\u012bm\u0113jamo materi\u0101lu un pavaddokuments ar svar\u012bgo inform\u0101ciju atl\u012bm\u0113jas diezgan \u0101tri.<\/p>\n<p>&#8211; Pavadlapas, informat\u012bv\u0101s uzl\u012bmes, nor\u0101des, sa\u0146\u0113m\u0113ja inform\u0101cija ir j\u0101l\u012bm\u0113 uz iepakojuma salas\u0101m\u0101 veid\u0101 vai nu uz s\u0101na vai virspus\u0113, un j\u0101piel\u012bm\u0113 vai j\u0101nostiprina k\u0101rt\u012bgi, lai transport\u0113\u0161anas laik\u0101 \u0161\u012b inform\u0101cija nepazustu.<\/p>\n<p>&#8211; Ja kravai ir specifiski transport\u0113\u0161anas noteikumi, t\u0101 ir j\u0101novieto k\u0101d\u0101 noteikt\u0101 poz\u012bcij\u0101, tad \u0161ai inform\u0101cijai noteikti j\u0101b\u016bt uz iepakojuma.<\/p>\n","protected":false},"excerpt":{"rendered":"<p>Tipisk\u0101k\u0101s un visbie\u017e\u0101k pie\u013caut\u0101s s\u016bt\u012bjuma iepako\u0161anas k\u013c\u016bdas. Nereti gad\u0101s, kad transporta komp\u0101nija vai kurjers atsak\u0101s pa\u0146emt J\u016bsu kravu. Visbie\u017e\u0101k \u0161\u0101di atteikumi ir tamd\u0113\u013c, ka [&hellip;]<\/p>\n","protected":false},"author":1,"featured_media":0,"parent":20,"menu_order":0,"comment_status":"open","ping_status":"open","template":"","meta":[],"_links":{"self":[{"href":"https:\/\/cargomax.lv\/ru\/wp-json\/wp\/v2\/pages\/75\/"}],"collection":[{"href":"https:\/\/cargomax.lv\/ru\/wp-json\/wp\/v2\/pages\/"}],"about":[{"href":"https:\/\/cargomax.lv\/ru\/wp-json\/wp\/v2\/types\/page\/"}],"author":[{"embeddable":true,"href":"https:\/\/cargomax.lv\/ru\/wp-json\/wp\/v2\/users\/1\/"}],"replies":[{"embeddable":true,"href":"https:\/\/cargomax.lv\/ru\/wp-json\/wp\/v2\/comments\/?post=75"}],"version-history":[{"count":3,"href":"https:\/\/cargomax.lv\/ru\/wp-json\/wp\/v2\/pages\/75\/revisions\/"}],"predecessor-version":[{"id":445,"href":"https:\/\/cargomax.lv\/ru\/wp-json\/wp\/v2\/pages\/75\/revisions\/445\/"}],"up":[{"embeddable":true,"href":"https:\/\/cargomax.lv\/ru\/wp-json\/wp\/v2\/pages\/20\/"}],"wp:attachment":[{"href":"https:\/\/cargomax.lv\/ru\/wp-json\/wp\/v2\/media\/?parent=75"}],"curies":[{"name":"wp","href":"https:\/\/api.w.org\/{rel}","templated":true}]}}