{"id":63,"date":"2015-01-05T15:25:23","date_gmt":"2015-01-05T15:25:23","guid":{"rendered":"http:\/\/cargomax.lv\/?page_id=63"},"modified":"2015-04-15T14:15:36","modified_gmt":"2015-04-15T11:15:36","slug":"kravu-transportesanas-pavaddokumenti","status":"publish","type":"page","link":"https:\/\/cargomax.lv\/ru\/noderigi\/kravu-transportesanas-pavaddokumenti\/","title":{"rendered":"Kravu transport\u0113\u0161anas pavaddokumenti"},"content":{"rendered":"<p>Pamata noteikumi, kuri tiek izmantoti autotransporta p\u0101rvad\u0101jumos Eirop\u0101 ir CMR konvencija. Citur pasaul\u0113 ir ar\u012b citi dokumenti, bet Latvija t\u0101 pat k\u0101 v\u0113l 55 valstis ir ratific\u0113jusi CMR konvenciju, l\u012bdz ar to ar\u012b visi pavaddokumenti tiek sast\u0101d\u012bti atbilsto\u0161i CMR konvencijai, ta\u010du vai mums ir zin\u0101ms k\u0101di dokumenti un pras\u012bbas ir nepiecie\u0161amas, ja krava ir:<\/p>\n<p>1) Standarta krava;<\/p>\n<p>2) B\u012bstama(ADR) krava;<\/p>\n<p>3) Nepiecie\u0161ama papildus apdro\u0161in\u0101\u0161ana.<\/p>\n<p>M\u016bsu uz\u0146\u0113mums nepied\u0101v\u0101 temperat\u016bras kontroles kravas, t\u0101d\u0113\u013c par \u0161o sada\u013cu \u0161oreiz nest\u0101st\u012bsim, lai nezin\u0101\u0161anas rezult\u0101t\u0101 nesan\u0101ktu k\u0101du maldin\u0101t. T\u0101 pat \u0161is temats ir sal\u012bdzino\u0161i pla\u0161s, t\u0101d\u0113\u013c \u0161oreiz inform\u0101cija b\u016bt tikai par standarta kravas, bet par ADR un papildus apdro\u0161in\u0101\u0161anu rakst\u012bsim k\u0101d\u0101 no sekojo\u0161aj\u0101m ned\u0113\u013c\u0101m.<\/p>\n<p>Standarta kravas &#8211; transport\u0113jot standarta kravas kravu p\u0101rvad\u0101t\u0101jam vien\u012bgais nepiecie\u0161amais dokument ir atbilsto\u0161i CMR konvencijai noform\u0113ts kravas pa\u0146em\u0161anas un pieg\u0101di aptrino\u0161s dokuments. Bie\u017e\u0101k pielietotie ir CMR un POD(prof of delivery) \u2013 form\u0101ti. Pamata at\u0161\u0137ir\u012bba ir t\u0101, ka CMR pamat\u0101 tiek izmantota kad krava tiek vesta ar tie\u0161o ma\u0161\u012bnu, bet POD \u2013 kad krava brauc caur termin\u0101liem. Atbilsto\u0161i CMR konvencijas 6. punktam \u0161iem dokumentiem j\u0101ietver:<\/p>\n<p><strong>1. Pavadz\u012bme satur sekojo\u0161as zi\u0146as:<\/strong><\/p>\n<ol style=\"list-style-type: lower-alpha;\">\n<li>pavadz\u012bmes noform\u0113\u0161anas laiku un vietu;<\/li>\n<li>kravas nos\u016bt\u012bt\u0101ja nosaukumu un adresi;<\/li>\n<li>kravas p\u0101rvad\u0101t\u0101ja nosaukumu un adresi;<\/li>\n<li>kravas pie\u0146em\u0161anas laiku un vietu, k\u0101 ari nor\u0101d\u012btu nog\u0101d\u0101\u0161anas vietu;<\/li>\n<li>kravas sa\u0146\u0113m\u0113ja nosaukumu un adresi;<\/li>\n<li>kravas veida un t\u0101s iepakojuma pie\u0146emto apz\u012bm\u0113jumu un b\u012bstamas kravas p\u0101rvad\u0101juma gad\u012bjum\u0101 t\u0101s visp\u0101rpie\u0146emto apz\u012bm\u0113jumu;<\/li>\n<li>iesai\u0146ojumu skaitu, to \u012bpa\u0161os apz\u012bm\u0113jumus un numurus;<\/li>\n<li>kravas bruto svaru vai t\u0101s daudzumu, izteiktu cit\u0101s m\u0113rvien\u012bb\u0101s;<\/li>\n<li>ar p\u0101rvad\u0101jumu saist\u012btos maks\u0101jumus (maksu par p\u0101rvad\u0101jumu, papildmaksas, muitas nodok\u013cus un p\u0101r\u0113jos maks\u0101jumus no l\u012bguma nosl\u0113g\u0161anas br\u012b\u017ea l\u012bdz kravas nog\u0101d\u0101\u0161anas br\u012bdim);<\/li>\n<li>nepiecie\u0161am\u0101s instrukcijas muitas un citu formalit\u0101\u0161u k\u0101rto\u0161anai;<br \/>\npazi\u0146ojumu, ka, neskatoties ne uz k\u0101du l\u012bguma pantu, p\u0101rvad\u0101jums tiek veikts p\u0113c \u0161\u012bs Konvencijas noteikumiem.<\/li>\n<\/ol>\n<p><strong>2. Nepiecie\u0161am\u012bbas gad\u012bjum\u0101 pavadz\u012bme var satur\u0113t sekojo\u0161as zi\u0146as:<\/strong><\/p>\n<ol style=\"list-style-type: lower-alpha;\">\n<li>pazi\u0146ojumu, ka p\u0101rkrau\u0161ana nav at\u013cauta;<\/li>\n<li>maks\u0101jumus, kurus nos\u016bt\u012bt\u0101js ap\u0146emas samaks\u0101t;<\/li>\n<li>maks\u0101juma summu, kas samaks\u0101jama kravas nog\u0101d\u0101\u0161anas viet\u0101;<\/li>\n<li>noteikto kravas v\u0113rt\u012bbu un summu, kas sag\u0101d\u0101 \u012bpa\u0161u ieinteres\u0113t\u012bbu kravas nog\u0101d\u0101\u0161an\u0101;<\/li>\n<li>nos\u016bt\u012btaj\u0101 instrukcijas p\u0101rvad\u0101t\u0101jam attiec\u012bb\u0101 uz kravas apdro\u0161in\u0101\u0161anu;<\/li>\n<li>saska\u0146otu termi\u0146u, l\u012bdz kuram p\u0101rvad\u0101jumam j\u0101b\u016bt veiktam;<\/li>\n<li>p\u0101rvad\u0101t\u0101jam nodoto dokumentu sarakstu.<\/li>\n<\/ol>\n<p><strong>3. L\u012bgumsl\u0113dz\u0113jas Puses var iek\u013caut pavadz\u012bm\u0113 jebkuras citas zi\u0146as, kuras t\u0101s atz\u012bst par nepiecie\u0161am\u0101m.<\/strong><\/p>\n<p>Kas ir b\u016btiski, tad atbilsto\u0161i CMR konvencijas 4. punktam: P\u0101rvad\u0101juma l\u012bgums tiek apstiprin\u0101ts, sast\u0101dot pavadz\u012bmi. Pavadz\u012bmes tr\u016bkums, nepareizs izpild\u012bjums vai zaud\u0113jums neietekm\u0113 p\u0101rvad\u0101juma l\u012bguma past\u0101v\u0113\u0161anu vai der\u012bgumu, tas paliek pak\u013cauts \u0161\u012bs Konvencijas noteikumiem. T\u0101d\u0113\u013c n\u0101kamreiz, kad p\u0101rvad\u0101t\u0101js atbrauks ar Jums neredz\u0113tu kravas pavadz\u012bmi nesatraucaties, jo J\u016bsu krava jebkur\u0101 gad\u012bjum\u0101 ir j\u0101transport\u0113 atbilsto\u0161i CMR konvencijas noteikumiem.<\/p>\n","protected":false},"excerpt":{"rendered":"<p>Pamata noteikumi, kuri tiek izmantoti autotransporta p\u0101rvad\u0101jumos Eirop\u0101 ir CMR konvencija. Citur pasaul\u0113 ir ar\u012b citi dokumenti, bet Latvija t\u0101 pat k\u0101 v\u0113l 55 [&hellip;]<\/p>\n","protected":false},"author":1,"featured_media":0,"parent":20,"menu_order":0,"comment_status":"open","ping_status":"open","template":"","meta":[],"_links":{"self":[{"href":"https:\/\/cargomax.lv\/ru\/wp-json\/wp\/v2\/pages\/63\/"}],"collection":[{"href":"https:\/\/cargomax.lv\/ru\/wp-json\/wp\/v2\/pages\/"}],"about":[{"href":"https:\/\/cargomax.lv\/ru\/wp-json\/wp\/v2\/types\/page\/"}],"author":[{"embeddable":true,"href":"https:\/\/cargomax.lv\/ru\/wp-json\/wp\/v2\/users\/1\/"}],"replies":[{"embeddable":true,"href":"https:\/\/cargomax.lv\/ru\/wp-json\/wp\/v2\/comments\/?post=63"}],"version-history":[{"count":10,"href":"https:\/\/cargomax.lv\/ru\/wp-json\/wp\/v2\/pages\/63\/revisions\/"}],"predecessor-version":[{"id":441,"href":"https:\/\/cargomax.lv\/ru\/wp-json\/wp\/v2\/pages\/63\/revisions\/441\/"}],"up":[{"embeddable":true,"href":"https:\/\/cargomax.lv\/ru\/wp-json\/wp\/v2\/pages\/20\/"}],"wp:attachment":[{"href":"https:\/\/cargomax.lv\/ru\/wp-json\/wp\/v2\/media\/?parent=63"}],"curies":[{"name":"wp","href":"https:\/\/api.w.org\/{rel}","templated":true}]}}