{"id":61,"date":"2015-01-05T15:24:44","date_gmt":"2015-01-05T15:24:44","guid":{"rendered":"http:\/\/cargomax.lv\/?page_id=61"},"modified":"2015-04-14T12:52:11","modified_gmt":"2015-04-14T09:52:11","slug":"adr-kravu-klasifikacija","status":"publish","type":"page","link":"https:\/\/cargomax.lv\/ru\/noderigi\/bistamas-adr-kravas\/adr-kravu-klasifikacija\/","title":{"rendered":"ADR kravu klasifik\u0101cija"},"content":{"rendered":"<p>Par b\u012bstamu tiek uzskat\u012bta t\u0101da krava, kura, neiev\u0113rojot b\u012bstamo kravu p\u0101rvad\u0101\u0161anas noteikumus, var rad\u012bt kait\u0113jumu cilv\u0113ka dz\u012bv\u012bbai un vesel\u012bbai, k\u0101 ar\u012b nodar\u012bt post\u012bjumus apk\u0101rt\u0113jai videi.<\/p>\n<p>Apvienoto N\u0101ciju Organiz\u0101cija ir izstr\u0101d\u0101jusi b\u012bstam\u012bbas krit\u0113rijus p\u0113c kuriem tiek atbilsto\u0161i klasific\u0113tas b\u012bstam\u0101s kravas.<\/p>\n<p>B\u012bstamo kravu klasifik\u0101cija saska\u0146\u0101 ar Eiropas valstu nol\u012bgumu par b\u012bstamo kravu p\u0101rvad\u0101jumiem (ADR)<\/p>\n","protected":false},"excerpt":{"rendered":"<p>Par b\u012bstamu tiek uzskat\u012bta t\u0101da krava, kura, neiev\u0113rojot b\u012bstamo kravu p\u0101rvad\u0101\u0161anas noteikumus, var rad\u012bt kait\u0113jumu cilv\u0113ka dz\u012bv\u012bbai un vesel\u012bbai, k\u0101 ar\u012b nodar\u012bt post\u012bjumus apk\u0101rt\u0113jai [&hellip;]<\/p>\n","protected":false},"author":1,"featured_media":0,"parent":57,"menu_order":0,"comment_status":"open","ping_status":"open","template":"","meta":[],"_links":{"self":[{"href":"https:\/\/cargomax.lv\/ru\/wp-json\/wp\/v2\/pages\/61\/"}],"collection":[{"href":"https:\/\/cargomax.lv\/ru\/wp-json\/wp\/v2\/pages\/"}],"about":[{"href":"https:\/\/cargomax.lv\/ru\/wp-json\/wp\/v2\/types\/page\/"}],"author":[{"embeddable":true,"href":"https:\/\/cargomax.lv\/ru\/wp-json\/wp\/v2\/users\/1\/"}],"replies":[{"embeddable":true,"href":"https:\/\/cargomax.lv\/ru\/wp-json\/wp\/v2\/comments\/?post=61"}],"version-history":[{"count":11,"href":"https:\/\/cargomax.lv\/ru\/wp-json\/wp\/v2\/pages\/61\/revisions\/"}],"predecessor-version":[{"id":386,"href":"https:\/\/cargomax.lv\/ru\/wp-json\/wp\/v2\/pages\/61\/revisions\/386\/"}],"up":[{"embeddable":true,"href":"https:\/\/cargomax.lv\/ru\/wp-json\/wp\/v2\/pages\/57\/"}],"wp:attachment":[{"href":"https:\/\/cargomax.lv\/ru\/wp-json\/wp\/v2\/media\/?parent=61"}],"curies":[{"name":"wp","href":"https:\/\/api.w.org\/{rel}","templated":true}]}}