{"id":59,"date":"2015-01-05T15:24:21","date_gmt":"2015-01-05T15:24:21","guid":{"rendered":"http:\/\/cargomax.lv\/?page_id=59"},"modified":"2015-04-14T07:53:05","modified_gmt":"2015-04-14T05:53:05","slug":"adr-kravu-parvadajumu-noteikumi","status":"publish","type":"page","link":"https:\/\/cargomax.lv\/ru\/noderigi\/bistamas-adr-kravas\/adr-kravu-parvadajumu-noteikumi\/","title":{"rendered":"ADR kravu p\u0101rvad\u0101jumu noteikumi"},"content":{"rendered":"<p>Kas tad \u012bsti ir b\u012bstama krava? Autotransport\u0101 par b\u012bstamu kravu tiek uzskat\u012bta t\u0101da krava, kas, neiev\u0113rojot b\u012bstamo kravu p\u0101rvad\u0101\u0161anas noteikumus, var rad\u012bt kait\u0113jumu cilv\u0113ka dz\u012bv\u012bbai un vesel\u012bbai, k\u0101 ar\u012b nodar\u012bt post\u012bjumus apk\u0101rt\u0113jai videi.<\/p>\n<p>Apvienoto N\u0101ciju Organiz\u0101cija ir izstr\u0101d\u0101jusi b\u012bstam\u012bbas krit\u0113rijus p\u0113c kuriem tiek atbilsto\u0161i klasific\u0113tas b\u012bstam\u0101s kravas.<\/p>\n<p>Lai veiktu b\u012bstamas kravas p\u0101rvad\u0101jumus, transporta l\u012bdzekl\u012b noteikti j\u0101b\u016bt kravas pavaddokumentam, rakstiskajai instrukcijai (av\u0101\u0157ijas karti\u0146a), autovad\u012bt\u0101ja apliec\u012bbai b\u012bstamo kravu autop\u0101rvad\u0101jumiem un transportl\u012bdzek\u013cu atbilst\u012bbas sertifik\u0101tam (tas attiecas tie\u0161i uz cisternu p\u0101rvad\u0101jumiem un veicot 1.klases kravu p\u0101rvad\u0101jumus).<\/p>\n<p>Savuk\u0101rt, kravas pavaddokument\u0101 j\u0101b\u016bt nor\u0101d\u012btai sekojo\u0161ai inform\u0101cijai:<\/p>\n<ul>\n<li>ANO numurs, kas seko p\u0113c burtu salikuma UN, piem\u0113ram, UN 3291;<\/li>\n<li>Pareizs un ofici\u0101ls kravas nosaukums;<\/li>\n<li>B\u012bstam\u012bbas z\u012bmes parauga numurs;<\/li>\n<li>Vielas iepako\u0161anas grupa, ja t\u0101da ir pie\u0161\u0137irta;<\/li>\n<li>Tune\u013ca kods, ja p\u0101rvad\u0101juma mar\u0161rut\u0101 ir tune\u013ci;<\/li>\n<li>Kop\u0113jais daudzums transportl\u012bdzekl\u012b;<\/li>\n<li>Iepakojuma skaits un apraksts.<\/li>\n<\/ul>\n<p>K\u0101 ar\u012b bez pareizi aizpild\u012btiem un kl\u0101tien\u0113 eso\u0161iem kravas pavaddokumentiem, ir virkne pras\u012bbu, kas j\u0101iev\u0113ro p\u0101rvad\u0101t\u0101jam, lai transporta l\u012bdzeklis atbilstu b\u012bstamu kravu p\u0101rvad\u0101\u0161anas noteikumiem un visp\u0101r var\u0113tu veikt \u0161\u0101du kravu p\u0101rvad\u0101\u0161anu, neapdraudot ne apk\u0101rt\u0113jo vidi, ne apk\u0101rteso\u0161o personu dz\u012bv\u012bbu un vesel\u012bbu.<\/p>\n<p>Pamata pras\u012bbas, kas j\u0101iev\u0113ro un kam noteikti j\u0101atrodas ma\u0161\u012bn\u0101, kas ved b\u012bstam\u0101s kravas:<\/p>\n<p>&#8211; ma\u0161\u012bn\u0101 ir j\u0101atrodas sekojo\u0161am visp\u0101r\u0113j\u0101s noz\u012bmes dro\u0161\u012bbas apr\u012bkojumam:<\/p>\n<ul>\n<li>Vismaz vienam transportl\u012bdzek\u013ca svaram un rite\u0146u diametram atbilsto\u0161am st\u0101vbalstam;<\/li>\n<li>Atstarojo\u0161ai vestei katram transportl\u012bdzek\u013ca apkalpes loceklim;<\/li>\n<li>Kabatas lukturim katram transportl\u012bdzek\u013ca apkalpes loceklim;<\/li>\n<li>Div\u0101m patst\u0101v\u012bgi st\u0101vo\u0161\u0101m br\u012bdin\u0101juma z\u012bm\u0113m;<\/li>\n<li>Acu skalo\u0161anas \u0161\u0137idrumam;<\/li>\n<li>Aizsargcimdu p\u0101rim katram;<\/li>\n<li>Acu aizsardz\u012bbas l\u012bdzekliem (piem\u0113ram, aizsargbrilles).<\/li>\n<\/ul>\n<p>&#8211; papildu apr\u012bkojums atsevi\u0161\u0137\u0101m klas\u0113m;<\/p>\n<p>&#8211; transportl\u012bdzek\u013ca pilnai masai atbilsto\u0161iem ugunsdz\u0113\u0161amajiem apar\u0101tiem.<\/p>\n<p>P\u0113c k\u0101 tad m\u0113s varam ikdien\u0101 at\u0161\u0137irt transportl\u012bdzek\u013cus, kas p\u0101rvad\u0101 b\u012bstam\u0101s kravas? K\u0101 pirmais orientieris ir piestiprin\u0101t\u0101s oran\u017e\u0101s pl\u0101ksnes gan ma\u0161\u012bnas priek\u0161pus\u0113, gan aizmugur\u0113. Savuk\u0101rt cisternu ma\u0161\u012bnas, kas p\u0101rvad\u0101 \u0161\u0137idrumu, tiek papildus nomark\u0113tas ar\u012b s\u0101nos, sniedzot inform\u0101ciju par vielu, kas tiek vesta un laikus br\u012bdinot par riskiem, kas var rasties negad\u012bjuma br\u012bd\u012b.<\/p>\n<p>Bet ne vienm\u0113r ir oblig\u0101ta pras\u012bba iev\u0113rot visus iepriek\u0161min\u0113tos noteikumus, jo ir t\u0101 saucamie iz\u0146\u0113mumi. K\u0101di tie ir?<\/p>\n<p>B\u012bstamo (ADR) kravu p\u0101rvad\u0101\u0161anas noteikumi netiek attiecin\u0101ti vai tiek da\u013c\u0113ji attiecin\u0101ti, ja krava tiek p\u0101rvad\u0101ta ierobe\u017eot\u0101 daudzum\u0101. Situ\u0101cij\u0101s, kad ierobe\u017eota daudzuma ADR kravu p\u0101rvad\u0101 transportl\u012bdzeklis, kura masa ir liel\u0101ka par 12 tonn\u0101m, tad transporta l\u012bdzeklim j\u0101b\u016bt nomar\u0137\u0113tam ar paz\u012b\u0161an\u0101s z\u012bmi (balts rombs, kuram aug\u0161\u0113jais un apak\u0161\u0113jais st\u016bris ir iekr\u0101sots meln\u0101 kr\u0101s\u0101). Ja v\u0113laties ieg\u016bt detaliz\u0113t\u0101ku inform\u0101ciju un k\u0101rt\u012bgi izp\u0113t\u012bt visas s\u012bk\u0101s nianses, tad ar \u0161o inform\u0101ciju piln\u0101 izkl\u0101st\u0101 variet iepaz\u012bties ADR 3.4. noda\u013c\u0101.<\/p>\n<p>Savuk\u0101rt noda\u013c\u0101 ADR 1.1.3.6. ir pla\u0161s izkl\u0101sts, kas raksturo otru gad\u012bjumu, kad ir attiecin\u0101mi iz\u0146\u0113mumi uz oblig\u0101taj\u0101m ADR kravu p\u0101rvad\u0101\u0161anas pras\u012bb\u0101m. \u0160is otrs gad\u012bjums attiecas uz Iz\u0146\u0113muma daudzumu, kas raksturo daudzo vielu at\u0161\u0137ir\u012bbu p\u0113c to \u012bpa\u0161\u012bb\u0101m un p\u0113c attiec\u012bgi p\u0101rvad\u0101t\u0101 konkr\u0113t\u0101s vielas daudzuma. Jo at\u0161\u0137irsies, piem\u0113ram, transport\u0113\u0161anas noteikumi autocisternai, kas ved motore\u013c\u013cu un situ\u0101cij\u0101, kad tiek s\u016bt\u012bts 1L motore\u013c\u013cas iepakojums.<\/p>\n<p>Lai transport\u0113tu da\u017e\u0101das vielas, kuras nos\u016bt\u012bt\u0101js da\u017ek\u0101rt m\u0113dz s\u016bt\u012bt \u013coti minim\u0101los daudzumos, ir j\u0101iev\u0113ro vien tas, lai vien\u0101 transportl\u012bdzekl\u012b eso\u0161\u0101s b\u012bstam\u0101s kravas daudzums nep\u0101rsniedz 1000 riska vien\u012bbas.<\/p>\n<p>Bet, lai vestu \u0161\u0101da veida kravas, kas nep\u0101rsniedz noteikt\u0101s apjoma vien\u012bbas, noteikti ir j\u0101b\u016bt pareizi noform\u0113tiem kravas pavaddokumentiem un vedamajai kravai ir j\u0101b\u016bt atbilsto\u0161i apz\u012bm\u0113tai un iepakotai.<\/p>\n<p>Vedot b\u012bstam\u0101s kravas, liel\u0101koties jau vienm\u0113r ra\u017eot\u0101js vai nos\u016bt\u012bt\u0101js inform\u0113 pec\u012bzi par kravas aprakstu, cik daudz ir b\u012bstam\u0101s kravas un k\u0101das pras\u012bbas j\u0101iev\u0113ro, k\u0101 ar\u012b lielisks pal\u012bgs ir preces datu dro\u0161\u012bbas lapa.<\/p>\n","protected":false},"excerpt":{"rendered":"<p>Kas tad \u012bsti ir b\u012bstama krava? Autotransport\u0101 par b\u012bstamu kravu tiek uzskat\u012bta t\u0101da krava, kas, neiev\u0113rojot b\u012bstamo kravu p\u0101rvad\u0101\u0161anas noteikumus, var rad\u012bt kait\u0113jumu cilv\u0113ka [&hellip;]<\/p>\n","protected":false},"author":1,"featured_media":0,"parent":57,"menu_order":0,"comment_status":"open","ping_status":"open","template":"","meta":[],"_links":{"self":[{"href":"https:\/\/cargomax.lv\/ru\/wp-json\/wp\/v2\/pages\/59\/"}],"collection":[{"href":"https:\/\/cargomax.lv\/ru\/wp-json\/wp\/v2\/pages\/"}],"about":[{"href":"https:\/\/cargomax.lv\/ru\/wp-json\/wp\/v2\/types\/page\/"}],"author":[{"embeddable":true,"href":"https:\/\/cargomax.lv\/ru\/wp-json\/wp\/v2\/users\/1\/"}],"replies":[{"embeddable":true,"href":"https:\/\/cargomax.lv\/ru\/wp-json\/wp\/v2\/comments\/?post=59"}],"version-history":[{"count":4,"href":"https:\/\/cargomax.lv\/ru\/wp-json\/wp\/v2\/pages\/59\/revisions\/"}],"predecessor-version":[{"id":321,"href":"https:\/\/cargomax.lv\/ru\/wp-json\/wp\/v2\/pages\/59\/revisions\/321\/"}],"up":[{"embeddable":true,"href":"https:\/\/cargomax.lv\/ru\/wp-json\/wp\/v2\/pages\/57\/"}],"wp:attachment":[{"href":"https:\/\/cargomax.lv\/ru\/wp-json\/wp\/v2\/media\/?parent=59"}],"curies":[{"name":"wp","href":"https:\/\/api.w.org\/{rel}","templated":true}]}}