{"id":57,"date":"2015-01-05T15:23:56","date_gmt":"2015-01-05T15:23:56","guid":{"rendered":"http:\/\/cargomax.lv\/?page_id=57"},"modified":"2015-03-12T14:56:32","modified_gmt":"2015-03-12T12:56:32","slug":"bistamas-adr-kravas","status":"publish","type":"page","link":"https:\/\/cargomax.lv\/ru\/noderigi\/bistamas-adr-kravas\/","title":{"rendered":"B\u012bstam\u0101s (ADR) kravas"},"content":{"rendered":"<table>\n<thead>\n<tr style=\"vertical-align: middle;\">\n<th><strong>Klase<\/strong><\/th>\n<th><strong>Apraksts<\/strong><\/th>\n<th><strong>Att\u0113ls<\/strong><\/th>\n<\/tr>\n<\/thead>\n<tbody>\n<tr style=\"vertical-align: middle;\">\n<td><strong>1<\/strong><\/td>\n<td>Spr\u0101gstvielas<\/td>\n<td><a href=\"http:\/\/cargomax.lv\/wp-content\/uploads\/2015\/01\/1-class.jpg\" rel=\"lightbox[57]\"><img decoding=\"async\" loading=\"lazy\" class=\"alignnone wp-image-265 size-thumbnail\" src=\"http:\/\/cargomax.lv\/wp-content\/uploads\/2015\/01\/1-class-150x150.jpg\" alt=\"1-class\" width=\"75\" height=\"75\" srcset=\"https:\/\/cargomax.lv\/wp-content\/uploads\/2015\/01\/1-class-150x150.jpg 150w, https:\/\/cargomax.lv\/wp-content\/uploads\/2015\/01\/1-class-300x300.jpg 300w, https:\/\/cargomax.lv\/wp-content\/uploads\/2015\/01\/1-class-146x146.jpg 146w, https:\/\/cargomax.lv\/wp-content\/uploads\/2015\/01\/1-class-50x50.jpg 50w, https:\/\/cargomax.lv\/wp-content\/uploads\/2015\/01\/1-class-110x110.jpg 110w, https:\/\/cargomax.lv\/wp-content\/uploads\/2015\/01\/1-class-90x90.jpg 90w, https:\/\/cargomax.lv\/wp-content\/uploads\/2015\/01\/1-class.jpg 960w\" sizes=\"(max-width: 75px) 100vw, 75px\" \/><\/a><\/td>\n<\/tr>\n<tr style=\"vertical-align: middle;\">\n<td><strong>2<\/strong><\/td>\n<td>Viegli uzliesmojo\u0161as vielas<\/td>\n<td><a href=\"http:\/\/cargomax.lv\/wp-content\/uploads\/2015\/01\/1-class.jpg\" rel=\"lightbox[57]\"><img decoding=\"async\" loading=\"lazy\" class=\"alignnone size-thumbnail wp-image-265\" src=\"http:\/\/cargomax.lv\/wp-content\/uploads\/2015\/01\/1-class-150x150.jpg\" alt=\"1-class\" width=\"75\" height=\"75\" srcset=\"https:\/\/cargomax.lv\/wp-content\/uploads\/2015\/01\/1-class-150x150.jpg 150w, https:\/\/cargomax.lv\/wp-content\/uploads\/2015\/01\/1-class-300x300.jpg 300w, https:\/\/cargomax.lv\/wp-content\/uploads\/2015\/01\/1-class-146x146.jpg 146w, https:\/\/cargomax.lv\/wp-content\/uploads\/2015\/01\/1-class-50x50.jpg 50w, https:\/\/cargomax.lv\/wp-content\/uploads\/2015\/01\/1-class-110x110.jpg 110w, https:\/\/cargomax.lv\/wp-content\/uploads\/2015\/01\/1-class-90x90.jpg 90w, https:\/\/cargomax.lv\/wp-content\/uploads\/2015\/01\/1-class.jpg 960w\" sizes=\"(max-width: 75px) 100vw, 75px\" \/><\/a><\/td>\n<\/tr>\n<tr style=\"vertical-align: middle;\">\n<td><strong>3<\/strong><\/td>\n<td>Viegli uzliesmojo\u0161as vielas<\/td>\n<td><a href=\"http:\/\/cargomax.lv\/wp-content\/uploads\/2015\/01\/1-class.jpg\" rel=\"lightbox[57]\"><img decoding=\"async\" loading=\"lazy\" class=\"alignnone size-thumbnail wp-image-265\" src=\"http:\/\/cargomax.lv\/wp-content\/uploads\/2015\/01\/1-class-150x150.jpg\" alt=\"1-class\" width=\"75\" height=\"75\" srcset=\"https:\/\/cargomax.lv\/wp-content\/uploads\/2015\/01\/1-class-150x150.jpg 150w, https:\/\/cargomax.lv\/wp-content\/uploads\/2015\/01\/1-class-300x300.jpg 300w, https:\/\/cargomax.lv\/wp-content\/uploads\/2015\/01\/1-class-146x146.jpg 146w, https:\/\/cargomax.lv\/wp-content\/uploads\/2015\/01\/1-class-50x50.jpg 50w, https:\/\/cargomax.lv\/wp-content\/uploads\/2015\/01\/1-class-110x110.jpg 110w, https:\/\/cargomax.lv\/wp-content\/uploads\/2015\/01\/1-class-90x90.jpg 90w, https:\/\/cargomax.lv\/wp-content\/uploads\/2015\/01\/1-class.jpg 960w\" sizes=\"(max-width: 75px) 100vw, 75px\" \/><\/a><\/td>\n<\/tr>\n<tr style=\"vertical-align: middle;\">\n<td><strong>4<\/strong><\/td>\n<td>Viegli uzliesmojo\u0161as vielas<\/td>\n<td><a href=\"http:\/\/cargomax.lv\/wp-content\/uploads\/2015\/01\/1-class.jpg\" rel=\"lightbox[57]\"><img decoding=\"async\" loading=\"lazy\" class=\"alignnone size-thumbnail wp-image-265\" src=\"http:\/\/cargomax.lv\/wp-content\/uploads\/2015\/01\/1-class-150x150.jpg\" alt=\"1-class\" width=\"75\" height=\"75\" srcset=\"https:\/\/cargomax.lv\/wp-content\/uploads\/2015\/01\/1-class-150x150.jpg 150w, https:\/\/cargomax.lv\/wp-content\/uploads\/2015\/01\/1-class-300x300.jpg 300w, https:\/\/cargomax.lv\/wp-content\/uploads\/2015\/01\/1-class-146x146.jpg 146w, https:\/\/cargomax.lv\/wp-content\/uploads\/2015\/01\/1-class-50x50.jpg 50w, https:\/\/cargomax.lv\/wp-content\/uploads\/2015\/01\/1-class-110x110.jpg 110w, https:\/\/cargomax.lv\/wp-content\/uploads\/2015\/01\/1-class-90x90.jpg 90w, https:\/\/cargomax.lv\/wp-content\/uploads\/2015\/01\/1-class.jpg 960w\" sizes=\"(max-width: 75px) 100vw, 75px\" \/><\/a><\/td>\n<\/tr>\n<tr style=\"vertical-align: middle;\">\n<td><strong>5<\/strong><\/td>\n<td>Viegli uzliesmojo\u0161as vielas<\/td>\n<td><a href=\"http:\/\/cargomax.lv\/wp-content\/uploads\/2015\/01\/1-class.jpg\" rel=\"lightbox[57]\"><img decoding=\"async\" loading=\"lazy\" class=\"alignnone size-thumbnail wp-image-265\" src=\"http:\/\/cargomax.lv\/wp-content\/uploads\/2015\/01\/1-class-150x150.jpg\" alt=\"1-class\" width=\"75\" height=\"75\" srcset=\"https:\/\/cargomax.lv\/wp-content\/uploads\/2015\/01\/1-class-150x150.jpg 150w, https:\/\/cargomax.lv\/wp-content\/uploads\/2015\/01\/1-class-300x300.jpg 300w, https:\/\/cargomax.lv\/wp-content\/uploads\/2015\/01\/1-class-146x146.jpg 146w, https:\/\/cargomax.lv\/wp-content\/uploads\/2015\/01\/1-class-50x50.jpg 50w, https:\/\/cargomax.lv\/wp-content\/uploads\/2015\/01\/1-class-110x110.jpg 110w, https:\/\/cargomax.lv\/wp-content\/uploads\/2015\/01\/1-class-90x90.jpg 90w, https:\/\/cargomax.lv\/wp-content\/uploads\/2015\/01\/1-class.jpg 960w\" sizes=\"(max-width: 75px) 100vw, 75px\" \/><\/a><\/td>\n<\/tr>\n<\/tbody>\n<\/table>\n","protected":false},"excerpt":{"rendered":"<p>Klase Apraksts Att\u0113ls 1 Spr\u0101gstvielas 2 Viegli uzliesmojo\u0161as vielas 3 Viegli uzliesmojo\u0161as vielas 4 Viegli uzliesmojo\u0161as vielas 5 Viegli uzliesmojo\u0161as vielas<\/p>\n","protected":false},"author":1,"featured_media":0,"parent":20,"menu_order":0,"comment_status":"open","ping_status":"open","template":"","meta":[],"_links":{"self":[{"href":"https:\/\/cargomax.lv\/ru\/wp-json\/wp\/v2\/pages\/57\/"}],"collection":[{"href":"https:\/\/cargomax.lv\/ru\/wp-json\/wp\/v2\/pages\/"}],"about":[{"href":"https:\/\/cargomax.lv\/ru\/wp-json\/wp\/v2\/types\/page\/"}],"author":[{"embeddable":true,"href":"https:\/\/cargomax.lv\/ru\/wp-json\/wp\/v2\/users\/1\/"}],"replies":[{"embeddable":true,"href":"https:\/\/cargomax.lv\/ru\/wp-json\/wp\/v2\/comments\/?post=57"}],"version-history":[{"count":15,"href":"https:\/\/cargomax.lv\/ru\/wp-json\/wp\/v2\/pages\/57\/revisions\/"}],"predecessor-version":[{"id":280,"href":"https:\/\/cargomax.lv\/ru\/wp-json\/wp\/v2\/pages\/57\/revisions\/280\/"}],"up":[{"embeddable":true,"href":"https:\/\/cargomax.lv\/ru\/wp-json\/wp\/v2\/pages\/20\/"}],"wp:attachment":[{"href":"https:\/\/cargomax.lv\/ru\/wp-json\/wp\/v2\/media\/?parent=57"}],"curies":[{"name":"wp","href":"https:\/\/api.w.org\/{rel}","templated":true}]}}