{"id":55,"date":"2015-01-05T15:20:28","date_gmt":"2015-01-05T15:20:28","guid":{"rendered":"http:\/\/cargomax.lv\/?page_id=55"},"modified":"2015-04-14T11:13:47","modified_gmt":"2015-04-14T08:13:47","slug":"juras-kravu-parvadajumi","status":"publish","type":"page","link":"https:\/\/cargomax.lv\/ru\/noderigi\/kravu-parvadajumu-veidi\/juras-kravu-parvadajumi\/","title":{"rendered":"J\u016bras kravu p\u0101rvad\u0101jumi"},"content":{"rendered":"<p><strong>J\u016bras kravu p\u0101rvad\u0101jumu iesp\u0113jas<\/strong><\/p>\n<h3>Iesp\u0113jamie risin\u0101jumi un k\u0101 tas darbojas:<\/h3>\n<p>1)\u00a0<strong>Salikto kravu p\u0101rvad\u0101jumi<\/strong>\u00a0\u2013 salikto kravu p\u0101rvad\u0101jumu gad\u012bjum\u0101 J\u016bsu krava tiek vesta konteiner\u0101 kop\u0101 ar cit\u0101m krav\u0101m. \u0160is risin\u0101jums p\u0101rsvar\u0101 tiek izmantots gad\u012bjumos, kad klientiem ir nepiecie\u0161ams atvest nelielu daudzumu kravas, nemaks\u0101jot par visu konteineri. Liel\u0101kais \u0161\u012b transporta veida m\u012bnuss ir tas, ka konteiner\u0101 ar klienta kravu ir ar\u012b citas kravas, kas noz\u012bm\u0113, ka klienta krava var uz\u0146emt citas kravas smar\u017eu, tikt nosm\u0113r\u0113ta vai k\u0101 sav\u0101d\u0101k boj\u0101ta, ja t\u0101 ir j\u016bt\u012bga pret apk\u0101rt\u0113j\u0101s vides faktoriem.<\/p>\n<p>2)\u00a0<strong>Pilno konteineru p\u0101rvad\u0101jumi<\/strong>\u00a0\u2013 \u0161o transporta veidu izmanto gad\u012bjumos, kad j\u0101ved sal\u012bdzino\u0161i liels kravas apjoms, vai ar\u012b gad\u012bjumos, kad krava ir j\u016bt\u012bga pret \u0101r\u0113j\u0101s vides faktoriem un t\u0101 nedr\u012bkst tikt transport\u0113ta kop\u0101 ar citu kravu, jo, pas\u016btot savu konteineru, klientam ir pilna kontrole par kravas izvietojumu konteiner\u0101 un t\u0101 dro\u0161\u012bbu taj\u0101. K\u0101 m\u012bnusu var\u0113tu min\u0113t main\u012bg\u0101s cenas, kuras main\u0101s vienu reizi kalend\u0101raj\u0101 m\u0113nes\u012b, kas ne\u013cauj prec\u012bzi prognoz\u0113t transporta izmaksas ilglaic\u012bg\u0101 period\u0101.<\/p>\n<p>3)\u00a0<strong>Ku\u0123a vai t\u0101 da\u013cas frakts<\/strong>\u00a0\u2013 tiek liel\u0101koties izmantots beramo k\u0101 ar\u012b nestandarta kravu p\u0101rvad\u0101jumos, kad svar\u012bg\u0101kais ir nevis transporta laiks un izmaksas, bet kravas dro\u0161\u012bba, jo ku\u0123u frakt\u0113\u0161ana ir d\u0101rga, k\u0101 ar\u012b t\u0101 ir j\u0101veic \u013coti savlaic\u012bgi.<\/p>\n<h3>Papildus risin\u0101jumi un iesp\u0113jas:<\/h3>\n<p>1)\u00a0<strong>B\u012bstamo (ADR) kravu p\u0101rvad\u0101jumi<\/strong>\u00a0\u2013 var tikt nodro\u0161in\u0101ti bez ierobe\u017eojumiem visiem j\u016bras kravu p\u0101rvad\u0101jumu risin\u0101jumiem.<\/p>\n<p>2)\u00a0<strong>Temperat\u016bras re\u017e\u012bms<\/strong>\u00a0\u2013 parasti k\u0101 risin\u0101jums tiek nodro\u0161in\u0101ts konteineru p\u0101rvad\u0101jumu vai ku\u0123a frakta gad\u012bjum\u0101. Diem\u017e\u0113l, bet savas milz\u012bg\u0101s specifikas un ierobe\u017eojumu d\u0113\u013c temperat\u016bras re\u017e\u012bma kravas ir \u013coti gr\u016bti transport\u0113t k\u0101 salikto kravu.<\/p>\n<p>3)\u00a0<strong>Mitruma kontrole<\/strong>\u00a0\u2013 ret\u0101k pras\u012bts risin\u0101jums, kur\u0161 parasti tiek nodro\u0161in\u0101ts kop\u0101 ar temperat\u016bras re\u017e\u012bmu. P\u0101rsvar\u0101 \u0161\u012b mitruma kontrole ir pieejama konteineru vai ku\u0123a frakta gad\u012bjum\u0101.<\/p>\n","protected":false},"excerpt":{"rendered":"<p>J\u016bras kravu p\u0101rvad\u0101jumu iesp\u0113jas Iesp\u0113jamie risin\u0101jumi un k\u0101 tas darbojas: 1)\u00a0Salikto kravu p\u0101rvad\u0101jumi\u00a0\u2013 salikto kravu p\u0101rvad\u0101jumu gad\u012bjum\u0101 J\u016bsu krava tiek vesta konteiner\u0101 kop\u0101 ar [&hellip;]<\/p>\n","protected":false},"author":1,"featured_media":0,"parent":49,"menu_order":0,"comment_status":"open","ping_status":"open","template":"","meta":[],"_links":{"self":[{"href":"https:\/\/cargomax.lv\/ru\/wp-json\/wp\/v2\/pages\/55\/"}],"collection":[{"href":"https:\/\/cargomax.lv\/ru\/wp-json\/wp\/v2\/pages\/"}],"about":[{"href":"https:\/\/cargomax.lv\/ru\/wp-json\/wp\/v2\/types\/page\/"}],"author":[{"embeddable":true,"href":"https:\/\/cargomax.lv\/ru\/wp-json\/wp\/v2\/users\/1\/"}],"replies":[{"embeddable":true,"href":"https:\/\/cargomax.lv\/ru\/wp-json\/wp\/v2\/comments\/?post=55"}],"version-history":[{"count":4,"href":"https:\/\/cargomax.lv\/ru\/wp-json\/wp\/v2\/pages\/55\/revisions\/"}],"predecessor-version":[{"id":384,"href":"https:\/\/cargomax.lv\/ru\/wp-json\/wp\/v2\/pages\/55\/revisions\/384\/"}],"up":[{"embeddable":true,"href":"https:\/\/cargomax.lv\/ru\/wp-json\/wp\/v2\/pages\/49\/"}],"wp:attachment":[{"href":"https:\/\/cargomax.lv\/ru\/wp-json\/wp\/v2\/media\/?parent=55"}],"curies":[{"name":"wp","href":"https:\/\/api.w.org\/{rel}","templated":true}]}}