{"id":47,"date":"2025-02-03T10:00:52","date_gmt":"2025-02-03T07:00:52","guid":{"rendered":"http:\/\/cargomax.lv\/?page_id=47"},"modified":"2025-04-02T11:30:19","modified_gmt":"2025-04-02T08:30:19","slug":"brivdienas-un-svetku-dienas","status":"publish","type":"page","link":"https:\/\/cargomax.lv\/ru\/noderigi\/brivdienas-un-svetku-dienas\/","title":{"rendered":"Br\u012bvdienas un sv\u0113tku dienas Eirop\u0101 un Pasaul\u0113"},"content":{"rendered":"<p class=\"\" style=\"text-align: center;\" data-start=\"0\" data-end=\"7\"><strong><img decoding=\"async\" loading=\"lazy\" class=\"alignnone size-large wp-image-2505\" src=\"https:\/\/cargomax.lv\/wp-content\/uploads\/2025\/04\/pexels-bertellifotografia-29509399-1024x683.jpg\" alt=\"\" width=\"950\" height=\"634\" srcset=\"https:\/\/cargomax.lv\/wp-content\/uploads\/2025\/04\/pexels-bertellifotografia-29509399-1024x683.jpg 1024w, https:\/\/cargomax.lv\/wp-content\/uploads\/2025\/04\/pexels-bertellifotografia-29509399-300x200.jpg 300w, https:\/\/cargomax.lv\/wp-content\/uploads\/2025\/04\/pexels-bertellifotografia-29509399-768x512.jpg 768w, https:\/\/cargomax.lv\/wp-content\/uploads\/2025\/04\/pexels-bertellifotografia-29509399-219x146.jpg 219w, https:\/\/cargomax.lv\/wp-content\/uploads\/2025\/04\/pexels-bertellifotografia-29509399-50x33.jpg 50w, https:\/\/cargomax.lv\/wp-content\/uploads\/2025\/04\/pexels-bertellifotografia-29509399-460x307.jpg 460w, https:\/\/cargomax.lv\/wp-content\/uploads\/2025\/04\/pexels-bertellifotografia-29509399-165x110.jpg 165w, https:\/\/cargomax.lv\/wp-content\/uploads\/2025\/04\/pexels-bertellifotografia-29509399-135x90.jpg 135w\" sizes=\"(max-width: 950px) 100vw, 950px\" \/><\/strong><\/p>\n<p class=\"\" data-start=\"9\" data-end=\"279\">Apr\u012bl\u012b vair\u0101k\u0101s pasaules liel\u0101kaj\u0101s ekonomik\u0101s notiek noz\u012bm\u012bgi sv\u0113tki un br\u012bvdienas, kas var ietekm\u0113t lo\u0123istikas pl\u0101no\u0161anu. Pl\u0101nojot kravu pa\u0146em\u0161anu un nos\u016bt\u012b\u0161anu, ir svar\u012bgi iepriek\u0161 p\u0101rbaud\u012bt iesp\u0113jamos ierobe\u017eojumus un piel\u0101got grafikus atbilsto\u0161i re\u0123ionu specifikai.<\/p>\n<p class=\"\" data-start=\"281\" data-end=\"321\">Galvenie datumi, kam j\u0101piev\u0113r\u0161 uzman\u012bba:<\/p>\n<p class=\"\" data-start=\"323\" data-end=\"337\"><strong data-start=\"323\" data-end=\"337\">15. ned\u0113\u013ca<\/strong><\/p>\n<ul data-start=\"338\" data-end=\"654\">\n<li class=\"\" data-start=\"501\" data-end=\"581\">\n<p class=\"\" data-start=\"503\" data-end=\"581\"><strong data-start=\"503\" data-end=\"524\">Sestdiena, 12.04.<\/strong> \u2013 <em data-start=\"527\" data-end=\"546\">L\u0101carus sestdiena<\/em> (pareiztic\u012bgo kristie\u0161u kopien\u0101s).<\/p>\n<\/li>\n<li class=\"\" data-start=\"582\" data-end=\"654\">\n<p class=\"\" data-start=\"584\" data-end=\"654\"><strong data-start=\"584\" data-end=\"605\">Sv\u0113tdiena, 13.04.<\/strong> \u2013 <em data-start=\"608\" data-end=\"625\">Palmu sv\u0113tdiena<\/em> (daudz\u0101s kristie\u0161u valst\u012bs).<\/p>\n<\/li>\n<\/ul>\n<p class=\"\" data-start=\"656\" data-end=\"670\"><strong data-start=\"656\" data-end=\"670\">16. ned\u0113\u013ca<\/strong><\/p>\n<ul data-start=\"671\" data-end=\"1359\">\n<li class=\"\" data-start=\"671\" data-end=\"751\">\n<p class=\"\" data-start=\"673\" data-end=\"751\"><strong data-start=\"673\" data-end=\"694\">Pirmdiena, 14.04.<\/strong> \u2013 <em data-start=\"697\" data-end=\"718\">Tamilu Jaunais gads<\/em> (Indij\u0101, \u012bpa\u0161i Tamiln\u0101du \u0161tat\u0101).<\/p>\n<\/li>\n<li class=\"\" data-start=\"752\" data-end=\"866\">\n<p class=\"\" data-start=\"754\" data-end=\"866\"><strong data-start=\"754\" data-end=\"777\">Ceturtdiena, 17.04.<\/strong> \u2013 <em data-start=\"780\" data-end=\"798\">Za\u013c\u0101 ceturtdiena<\/em> (D\u0101nij\u0101, Portug\u0101l\u0113, Sp\u0101nij\u0101) .<\/p>\n<\/li>\n<li class=\"\" data-start=\"867\" data-end=\"1142\">\n<p class=\"\" data-start=\"869\" data-end=\"1142\"><strong data-start=\"869\" data-end=\"891\">Piektdiena, 18.04.<\/strong> \u2013 <em data-start=\"894\" data-end=\"912\">Liel\u0101 piektdiena<\/em> (Bulg\u0101rij\u0101, Kipr\u0101, \u010cehij\u0101, D\u0101nij\u0101, Igaunij\u0101, Somij\u0101, Francij\u0101, V\u0101cij\u0101, Grie\u0137ij\u0101, Ung\u0101rij\u0101, \u012arij\u0101, Latvij\u0101, Luksemburg\u0101, Malt\u0101, N\u012bderland\u0113, Portug\u0101l\u0113, Rum\u0101nij\u0101, Slov\u0101kij\u0101, Sp\u0101nij\u0101, Zviedrij\u0101) .<\/p>\n<\/li>\n<li class=\"\" data-start=\"1143\" data-end=\"1286\">\n<p class=\"\" data-start=\"1145\" data-end=\"1286\"><strong data-start=\"1145\" data-end=\"1166\">Sv\u0113tdiena, 20.04.<\/strong> \u2013 <em data-start=\"1169\" data-end=\"1181\">Lieldienas<\/em> (daudz\u0101s kristie\u0161u valst\u012bs, tostarp ASV, Kan\u0101d\u0101, Eiropas valst\u012bs) .<\/p>\n<\/li>\n<li class=\"\" data-start=\"1287\" data-end=\"1359\">\n<p class=\"\" data-start=\"1289\" data-end=\"1359\"><strong data-start=\"1289\" data-end=\"1310\">Pirmdiena, 21.04.<\/strong> \u2013 <em data-start=\"1313\" data-end=\"1331\">Otr\u0101s Lieldienas<\/em> (vair\u0101k\u0101s Eiropas valst\u012bs).<\/p>\n<\/li>\n<\/ul>\n<p class=\"\" data-start=\"1361\" data-end=\"1375\"><strong data-start=\"1361\" data-end=\"1375\">17. ned\u0113\u013ca<\/strong><\/p>\n<ul data-start=\"1376\" data-end=\"1668\">\n<li class=\"\" data-start=\"1376\" data-end=\"1494\">\n<p class=\"\" data-start=\"1378\" data-end=\"1494\"><strong data-start=\"1378\" data-end=\"1398\">Otrdiena, 22.04.<\/strong> \u2013 <em data-start=\"1401\" data-end=\"1414\">Zemes diena<\/em> (starptautiska vides aizsardz\u012bbas diena) .<\/p>\n<\/li>\n<li class=\"\" data-start=\"1495\" data-end=\"1668\">\n<p class=\"\" data-start=\"1497\" data-end=\"1668\"><strong data-start=\"1497\" data-end=\"1519\">Piektdiena, 25.04.<\/strong> \u2013 <em data-start=\"1522\" data-end=\"1542\">Atbr\u012bvo\u0161anas diena<\/em> (It\u0101lij\u0101), <em data-start=\"1554\" data-end=\"1570\">Br\u012bv\u012bbas diena<\/em> (Portug\u0101l\u0113), <em data-start=\"1584\" data-end=\"1617\">Uprising Against Occupation Day<\/em> (Slov\u0113nij\u0101) .<\/p>\n<\/li>\n<\/ul>\n<p class=\"\" data-start=\"1670\" data-end=\"1716\"><strong data-start=\"1670\" data-end=\"1716\">Papildu inform\u0101cija par ES un EEZ valst\u012bm:<\/strong><\/p>\n<ul data-start=\"1718\" data-end=\"2706\">\n<li class=\"\" data-start=\"1718\" data-end=\"1884\">\n<p class=\"\" data-start=\"1720\" data-end=\"1884\"><strong data-start=\"1720\" data-end=\"1746\">Re\u0123ion\u0101l\u0101s br\u012bvdienas:<\/strong> Papildus valsts m\u0113roga br\u012bvdien\u0101m da\u017e\u0101s valst\u012bs ir ar\u012b re\u0123ion\u0101las br\u012bvdienas, kas var ietekm\u0113t lo\u0123istikas oper\u0101cijas noteiktos apgabalos.<\/p>\n<\/li>\n<li class=\"\" data-start=\"1885\" data-end=\"2055\">\n<p class=\"\" data-start=\"1887\" data-end=\"2055\"><strong data-start=\"1887\" data-end=\"1915\">Transporta ierobe\u017eojumi:<\/strong> Ofici\u0101laj\u0101s br\u012bvdien\u0101s var b\u016bt sp\u0113k\u0101 \u012bpa\u0161i transporta ierobe\u017eojumi, piem\u0113ram, smago kravas automa\u0161\u012bnu kust\u012bbas aizliegumi noteiktos laikos.<\/p>\n<\/li>\n<li class=\"\" data-start=\"2056\" data-end=\"2209\">\n<p class=\"\" data-start=\"2058\" data-end=\"2209\"><strong data-start=\"2058\" data-end=\"2083\">Darba laika izmai\u0146as:<\/strong> Uz\u0146\u0113mumu un valsts iest\u0101\u017eu darba laiks br\u012bvdien\u0101s var at\u0161\u0137irties, kas var ietekm\u0113t kravu iekrau\u0161anas un izkrau\u0161anas grafikus.<\/p>\n<\/li>\n<li class=\"\" data-start=\"2210\" data-end=\"2346\">\n<p class=\"\" data-start=\"2212\" data-end=\"2346\"><strong data-start=\"2212\" data-end=\"2238\">Iepriek\u0161\u0113ja pl\u0101no\u0161ana:<\/strong> \u0145emot v\u0113r\u0101 br\u012bvdienas, pl\u0101nojiet kravu nos\u016bt\u012b\u0161anu un sa\u0146em\u0161anu savlaic\u012bgi, lai izvair\u012btos no aizkav\u0113jumiem.<\/p>\n<\/li>\n<li class=\"\" data-start=\"2347\" data-end=\"2562\">\n<p class=\"\" data-start=\"2349\" data-end=\"2562\"><strong data-start=\"2349\" data-end=\"2374\">Sazi\u0146a ar partneriem:<\/strong> Konsult\u0113jieties ar viet\u0113jiem lo\u0123istikas partneriem un p\u0101rvad\u0101t\u0101jiem, lai ieg\u016btu prec\u012bzu inform\u0101ciju par iesp\u0113jamiem ierobe\u017eojumiem un darba laika izmai\u0146\u0101m konkr\u0113taj\u0101s valst\u012bs un re\u0123ionos.<\/p>\n<\/li>\n<li class=\"\" data-start=\"2563\" data-end=\"2706\">\n<p class=\"\" data-start=\"2565\" data-end=\"2706\"><strong data-start=\"2565\" data-end=\"2580\">Elast\u012bgums:<\/strong> Esiet gatavi piel\u0101got pieg\u0101des grafikus un mar\u0161rutus, lai nodro\u0161in\u0101tu savlaic\u012bgu kravu pieg\u0101di, \u0146emot v\u0113r\u0101 br\u012bvdienu ietekmi.<\/p>\n<\/li>\n<\/ul>\n<p class=\"\" data-start=\"2708\" data-end=\"2842\">\u0145emot v\u0113r\u0101 \u0161os faktorus, j\u016bs var\u0113siet efekt\u012bv\u0101k pl\u0101not lo\u0123istikas oper\u0101cijas un nodro\u0161in\u0101t nep\u0101rtrauktu pieg\u0101des \u0137\u0113des darb\u012bbu apr\u012bl\u012b.<\/p>\n","protected":false},"excerpt":{"rendered":"<p>Apr\u012bl\u012b vair\u0101k\u0101s pasaules liel\u0101kaj\u0101s ekonomik\u0101s notiek noz\u012bm\u012bgi sv\u0113tki un br\u012bvdienas, kas var ietekm\u0113t lo\u0123istikas pl\u0101no\u0161anu. Pl\u0101nojot kravu pa\u0146em\u0161anu un nos\u016bt\u012b\u0161anu, ir svar\u012bgi iepriek\u0161 p\u0101rbaud\u012bt [&hellip;]<\/p>\n","protected":false},"author":1,"featured_media":2505,"parent":20,"menu_order":0,"comment_status":"open","ping_status":"open","template":"","meta":[],"_links":{"self":[{"href":"https:\/\/cargomax.lv\/ru\/wp-json\/wp\/v2\/pages\/47\/"}],"collection":[{"href":"https:\/\/cargomax.lv\/ru\/wp-json\/wp\/v2\/pages\/"}],"about":[{"href":"https:\/\/cargomax.lv\/ru\/wp-json\/wp\/v2\/types\/page\/"}],"author":[{"embeddable":true,"href":"https:\/\/cargomax.lv\/ru\/wp-json\/wp\/v2\/users\/1\/"}],"replies":[{"embeddable":true,"href":"https:\/\/cargomax.lv\/ru\/wp-json\/wp\/v2\/comments\/?post=47"}],"version-history":[{"count":174,"href":"https:\/\/cargomax.lv\/ru\/wp-json\/wp\/v2\/pages\/47\/revisions\/"}],"predecessor-version":[{"id":2509,"href":"https:\/\/cargomax.lv\/ru\/wp-json\/wp\/v2\/pages\/47\/revisions\/2509\/"}],"up":[{"embeddable":true,"href":"https:\/\/cargomax.lv\/ru\/wp-json\/wp\/v2\/pages\/20\/"}],"wp:featuredmedia":[{"embeddable":true,"href":"https:\/\/cargomax.lv\/ru\/wp-json\/wp\/v2\/media\/2505\/"}],"wp:attachment":[{"href":"https:\/\/cargomax.lv\/ru\/wp-json\/wp\/v2\/media\/?parent=47"}],"curies":[{"name":"wp","href":"https:\/\/api.w.org\/{rel}","templated":true}]}}