{"id":41,"date":"2015-01-05T15:15:12","date_gmt":"2015-01-05T15:15:12","guid":{"rendered":"http:\/\/cargomax.lv\/?page_id=41"},"modified":"2015-04-21T12:56:19","modified_gmt":"2015-04-21T09:56:19","slug":"incoterms","status":"publish","type":"page","link":"https:\/\/cargomax.lv\/ru\/noderigi\/incoterms\/","title":{"rendered":"Incoterms"},"content":{"rendered":"<p><em><strong>Kas ir incotermi un k\u0101p\u0113c tie ir nepiecie\u0161ami?<\/strong><\/em><\/p>\n<p>Incotermi tiek izmantoti starptautiskaj\u0101 tirdzniec\u012bb\u0101 un ir v\u0113rsti uz p\u0101rdev\u0113ja saist\u012bb\u0101m attiec\u012bb\u0101 uz pieg\u0101di, t\u0101d\u0113j\u0101di nosakot prec\u012bzi pirc\u0113ja un p\u0101rdev\u0113ja pien\u0101kumu sadal\u012bjumu attiec\u012bb\u0101 uz pre\u010du pieg\u0101di, lai preces pieg\u0101des proces\u0101 nerastos sare\u017e\u0123\u012bjumi.<\/p>\n<p>Incotermi iedal\u0101s\u00a0<strong>E<\/strong>,\u00a0<strong>F<\/strong>,\u00a0<strong>C<\/strong>\u00a0un\u00a0<strong>D<\/strong>\u00a0terminu grup\u0101s.<\/p>\n","protected":false},"excerpt":{"rendered":"<p>Kas ir incotermi un k\u0101p\u0113c tie ir nepiecie\u0161ami? Incotermi tiek izmantoti starptautiskaj\u0101 tirdzniec\u012bb\u0101 un ir v\u0113rsti uz p\u0101rdev\u0113ja saist\u012bb\u0101m attiec\u012bb\u0101 uz pieg\u0101di, t\u0101d\u0113j\u0101di nosakot [&hellip;]<\/p>\n","protected":false},"author":1,"featured_media":0,"parent":20,"menu_order":0,"comment_status":"open","ping_status":"open","template":"","meta":[],"_links":{"self":[{"href":"https:\/\/cargomax.lv\/ru\/wp-json\/wp\/v2\/pages\/41\/"}],"collection":[{"href":"https:\/\/cargomax.lv\/ru\/wp-json\/wp\/v2\/pages\/"}],"about":[{"href":"https:\/\/cargomax.lv\/ru\/wp-json\/wp\/v2\/types\/page\/"}],"author":[{"embeddable":true,"href":"https:\/\/cargomax.lv\/ru\/wp-json\/wp\/v2\/users\/1\/"}],"replies":[{"embeddable":true,"href":"https:\/\/cargomax.lv\/ru\/wp-json\/wp\/v2\/comments\/?post=41"}],"version-history":[{"count":9,"href":"https:\/\/cargomax.lv\/ru\/wp-json\/wp\/v2\/pages\/41\/revisions\/"}],"predecessor-version":[{"id":449,"href":"https:\/\/cargomax.lv\/ru\/wp-json\/wp\/v2\/pages\/41\/revisions\/449\/"}],"up":[{"embeddable":true,"href":"https:\/\/cargomax.lv\/ru\/wp-json\/wp\/v2\/pages\/20\/"}],"wp:attachment":[{"href":"https:\/\/cargomax.lv\/ru\/wp-json\/wp\/v2\/media\/?parent=41"}],"curies":[{"name":"wp","href":"https:\/\/api.w.org\/{rel}","templated":true}]}}