{"id":14,"date":"2016-07-20T09:00:31","date_gmt":"2016-07-20T06:00:31","guid":{"rendered":"http:\/\/cargomax.lv\/?page_id=14"},"modified":"2020-04-22T16:48:03","modified_gmt":"2020-04-22T13:48:03","slug":"par-mums","status":"publish","type":"page","link":"https:\/\/cargomax.lv\/ru\/par-mums\/","title":{"rendered":"Par mums"},"content":{"rendered":"<p>Transporta komp\u0101nija Cargomax tika nodibin\u0101ta 2006.g. un uzs\u0101ka strauju att\u012bst\u012bbu \u012bs\u0101 laik\u0101 sasniedzot 2 miljonus EUR lielu apgroz\u012bjumu, un jau l\u012bdz\u00a02013. gadam iek\u013c\u016bstot sauszemes salikto kravu p\u0101rvad\u0101t\u0101ju l\u012bderu Top10 sarakst\u0101. \u0160ie un v\u0113l daudzi citi m\u016bsu uz\u0146\u0113muma sasniegumi liecina par darbinieku augsto profesionalit\u0101tes l\u012bmeni, kravu p\u0101rvad\u0101jumu kvalit\u0101ti un vispus\u012bgo transporta pakalpojumu kl\u0101stu, kuru pied\u0101v\u0101 uz\u0146\u0113mums. \u0160o gadu laik\u0101 uz\u0146\u0113mums ir nemit\u012bgi att\u012bst\u012bjies, palielinot sav\u0101 r\u012bc\u012bb\u0101 eso\u0161o transporta l\u012bdzek\u013cu skaitu, p\u0101rvesto kravu skaitu, papla\u0161inot sniegto pakalpojumu kl\u0101stu un darb\u012bbas \u0123eogr\u0101fiju.<\/p>\n<p>2015. gad\u0101 Cargomax apgroz\u012bjums sasniedza 3.6 milj. EUR, savuk\u0101rt p\u0101rvesto kravu skaits pietuvoj\u0101s skaitlim 11.9 t\u016bkst.<\/p>\n<p>Cargomax pamatdarb\u012bbas veids ir salikto un pilno kravu p\u0101rvad\u0101jumi ar auto, avio un j\u016bras transportu. Kas ir b\u016btiski, tad sauszemes auto p\u0101rvad\u0101jumos m\u0113s cen\u0161amies pa\u013cauties tikai uz saviem un savu apak\u0161uz\u0146\u0113m\u0113ju sp\u0113kiem, bet j\u016bras un avio p\u0101rvad\u0101jumos izmantojam lab\u0101k\u0101s un pieredz\u0113ju\u0161\u0101k\u0101s ku\u0123u un avio l\u012bnijas, kas mums \u013cauj nodro\u0161in\u0101t regul\u0101ras un \u0101tras pieg\u0101des ar konkur\u0113tsp\u0113j\u012bg\u0101m izmaks\u0101m.<\/p>\n<p>Uz atsevi\u0161\u0137u piepras\u012bjumu pamata Cargomax nodro\u0161ina ar\u012b kravu atmuito\u0161anu, apdro\u0161in\u0101\u0161anu, k\u0101 ar\u012b multimod\u0101los lo\u0123istikas risin\u0101jumus, kad kravas pieg\u0101de ietver sev\u012b vair\u0101kus transporta veidus k\u0101 j\u016bra-dzelzce\u013c\u0161 vai dzelzce\u013c\u0161-auto.<\/p>\n<p>Uz\u0146\u0113mums Cargomax ir \u0160veices lo\u0123istikas koncerna Transterminal Holding AG strukt\u016brvien\u012bba, k\u0101 ar\u012b t\u0101du apvien\u012bbu k\u0101 ELVIS un CargoLine ofici\u0101lais p\u0101rst\u0101vis Latvij\u0101 un Igaunij\u0101, nodro\u0161inot salikto kravu pieg\u0101des no 22 Eiropas valst\u012bm 2 reizes ned\u0113\u013c\u0101.<\/p>\n<p>Uz\u0146\u0113mums ir ieviesis kvalit\u0101tes uzraudz\u012bbas sist\u0113mu ISO 9001 : 2008, lai nodro\u0161in\u0101tu augsta l\u012bme\u0146a sniegto pakalpojumu kvalit\u0101ti klientiem un sadarb\u012bbas partneriem un ikviens klients sa\u0146emtu vislab\u0101ko servisu.<\/p>\n<p><em><strong>M\u016bsu v\u012bzija<\/strong><\/em><br \/>\nB\u016bt Top5 sauszemes salikto kravu p\u0101rvad\u0101t\u0101ju sarakst\u0101 Latvij\u0101.<\/p>\n<p><em><strong>M\u016bsu misija<\/strong><\/em><br \/>\nPast\u0101v\u012bga \u0123eogr\u0101fijas un transporta pakalpojumu portfe\u013ca papla\u0161in\u0101\u0161ana, darbinieku kvalifik\u0101cijas paaugstin\u0101\u0161ana, inov\u0101ciju ievie\u0161ana, moderna un ekolo\u0123iska autoparka ievie\u0161ana, lai samazin\u0101tu transport\u0113\u0161anas izmaksas un paaugstin\u0101tu kravu p\u0101rvad\u0101jumu kvalit\u0101ti.<\/p>\n<p><em><strong>M\u016bsu v\u0113rt\u012bbas<\/strong><\/em><br \/>\nProfesion\u0101la un motiv\u0113ta komanda, moderns, ekonomisks un ekolo\u0123isks autoparks, loj\u0101li un respektabli klienti da\u017e\u0101d\u0101s nozar\u0113s, atpaz\u012bstams un strauji augo\u0161s z\u012bmols, k\u0101 ar\u012b stabili partneri.<\/p>\n","protected":false},"excerpt":{"rendered":"<p>Transporta komp\u0101nija Cargomax tika nodibin\u0101ta 2006.g. un uzs\u0101ka strauju att\u012bst\u012bbu \u012bs\u0101 laik\u0101 sasniedzot 2 miljonus EUR lielu apgroz\u012bjumu, un jau l\u012bdz\u00a02013. gadam iek\u013c\u016bstot sauszemes [&hellip;]<\/p>\n","protected":false},"author":1,"featured_media":0,"parent":0,"menu_order":0,"comment_status":"open","ping_status":"open","template":"","meta":[],"_links":{"self":[{"href":"https:\/\/cargomax.lv\/ru\/wp-json\/wp\/v2\/pages\/14\/"}],"collection":[{"href":"https:\/\/cargomax.lv\/ru\/wp-json\/wp\/v2\/pages\/"}],"about":[{"href":"https:\/\/cargomax.lv\/ru\/wp-json\/wp\/v2\/types\/page\/"}],"author":[{"embeddable":true,"href":"https:\/\/cargomax.lv\/ru\/wp-json\/wp\/v2\/users\/1\/"}],"replies":[{"embeddable":true,"href":"https:\/\/cargomax.lv\/ru\/wp-json\/wp\/v2\/comments\/?post=14"}],"version-history":[{"count":6,"href":"https:\/\/cargomax.lv\/ru\/wp-json\/wp\/v2\/pages\/14\/revisions\/"}],"predecessor-version":[{"id":1819,"href":"https:\/\/cargomax.lv\/ru\/wp-json\/wp\/v2\/pages\/14\/revisions\/1819\/"}],"wp:attachment":[{"href":"https:\/\/cargomax.lv\/ru\/wp-json\/wp\/v2\/media\/?parent=14"}],"curies":[{"name":"wp","href":"https:\/\/api.w.org\/{rel}","templated":true}]}}