{"id":139,"date":"2015-01-09T14:00:15","date_gmt":"2015-01-09T14:00:15","guid":{"rendered":"http:\/\/cargomax.lv\/?page_id=139"},"modified":"2015-04-14T10:56:36","modified_gmt":"2015-04-14T07:56:36","slug":"avio-kravu-parvadajumi","status":"publish","type":"page","link":"https:\/\/cargomax.lv\/ru\/pakalpojumi\/starptautiskie-kravu-parvadajumi\/avio-kravu-parvadajumi\/","title":{"rendered":"Avio kravu p\u0101rvad\u0101jumi"},"content":{"rendered":"<p>Cargomax ir transporta komp\u0101nija, kas kop\u0161 2006. gada pied\u0101v\u0101 dro\u0161us un \u0101trus avio kravu p\u0101rvad\u0101jumus, da\u017e\u0101dus transporta pakalpojumus un individu\u0101lus lo\u0123istikas risin\u0101jumus.<\/p>\n<p>Situ\u0101cij\u0101s, kad ir nepiecie\u0161ams iev\u0113rojami samazin\u0101t kravas pieg\u0101des laiku, avio kravu p\u0101rvad\u0101jumi ir piem\u0113rot\u0101kais un efekt\u012bv\u0101kais risin\u0101jums. Gaisa transports ir viens no \u0101tr\u0101kajiem kravu pieg\u0101des veidiem, un, pateicoties Cargomax pla\u0161ajam partneru t\u012bklam un sadarb\u012bbai ar pasaules liel\u0101kaj\u0101m aviol\u012bnij\u0101m, past\u0101v iesp\u0113ja iev\u0113rojami samazin\u0101t preces pieg\u0101des laiku no nos\u016bt\u012bt\u0101ja l\u012bdz sa\u0146\u0113m\u0113jam.<\/p>\n<p>M\u0113s cie\u0161i sadarbojamies ar starptautisko holdingu <em>Militzer &amp; Muench,<\/em> un, izmantojot <em>Militzer &amp; Muench<\/em> fili\u0101\u013cu un a\u0123entu t\u012bklu visos kontinentos, avio kravu p\u0101rvad\u0101jumi tiek \u012bstenoti praktiski no jebkuras pasaules vietas. M\u0113s garant\u0113jam \u0101tru kravu pieg\u0101di starp jebkuriem diviem kontinentiem vai to iek\u0161ien\u0113. Avio kravu p\u0101rvad\u0101jumi ar aviotransportu tiek \u012bstenoti Krievijas, NVS un Baltijas valst\u012bs, Eirop\u0101, Tuvajos Austrumos, Austr\u0101lij\u0101, \u0100zij\u0101, \u0100frik\u0101, k\u0101 ar\u012b Amerik\u0101. Imports vai eksports, 5 kg vai 1,5 t, b\u012bstam\u0101 vai \u0123ener\u0101l\u0101 krava, Cargomax nodro\u0161in\u0101s jebkura veida kravu pieg\u0101des uz Jums vajadz\u012bgo valsti.<\/p>\n<p><strong>M\u016bsu aviotransporta pakalpojumu kompleks\u0101 ietilpst:<\/strong><\/p>\n<ul>\n<li>Kravu pieg\u0101de no durv\u012bm l\u012bdz durv\u012bm vai lidost\u0101s;<\/li>\n<li>B\u012bstamo (ADR) kravu p\u0101rvad\u0101jumi,<\/li>\n<li>Konsult\u0101cijas starptautisko kravu p\u0101rvad\u0101jumu optim\u0101lo sh\u0113mu organiz\u0101cijas jaut\u0101jumos;<\/li>\n<li>Nepiecie\u0161amo transporta dokumentu k\u0101rto\u0161ana starptautiskam aviop\u0101rvad\u0101jumam;<\/li>\n<li>Profesion\u0101la konsult\u0101cija un pal\u012bdz\u012bba muitas dokumentu noform\u0113\u0161anas jaut\u0101jumos;<\/li>\n<li>Kravu papildu apdro\u0161in\u0101\u0161anas organiz\u0113\u0161ana.<\/li>\n<\/ul>\n<p><strong>Multimod\u0101lie kravu p\u0101rvad\u0101jumi<\/strong><\/p>\n<p>Lai \u0101tri un dro\u0161i pieg\u0101d\u0101tu nepiecie\u0161amo kravu, m\u0113s iesaist\u0101m t\u0101dus transporta veidus k\u0101 autotransports, dzelzce\u013ca transports, gaisa transports un j\u016bras transports. Ja nepiecie\u0161ams k\u0101ds nestandarta risin\u0101jums<strong>, <\/strong>kad transport\u0113\u0161ana ir j\u0101veic izmantojot da\u017e\u0101dus transporta veidus, tad avio kravu p\u0101rvad\u0101jumi var tikt \u012bstenoti ar\u012b multimod\u0101l\u0101 pieg\u0101des veid\u0101, piem\u0113ram, autotransports + gaisa transports.<\/p>\n<p><strong>K\u0101p\u0113c izv\u0113l\u0113ties gaisa kravu p\u0101rvad\u0101jumus?<\/strong><\/p>\n<ul>\n<li>Avio kravu p\u0101rvad\u0101jumi ir \u0101trs un izdev\u012bgs kravu pieg\u0101des veids steidzam\u0101m krav\u0101m.<\/li>\n<li>Pateicoties \u012bsam tranz\u012bta laikam, ar aviotransportu ir izdev\u012bgi transport\u0113t t\u0101das preces, kas \u0101tri boj\u0101jas, k\u0101 ar\u012b \u012bstenot dz\u012bvnieku p\u0101rvad\u0101jumus.<\/li>\n<li>Gaisa transports ir ekonomisks, dro\u0161s un optim\u0101ls kravu transport\u0113\u0161anas veids.<\/li>\n<\/ul>\n<p><strong>K\u0101p\u0113c izv\u0113l\u0113ties gaisa kravu p\u0101rvad\u0101jumus, izmantojot Cargomax transporta pakalpojumus?<\/strong><\/p>\n<ul>\n<li>M\u0113s esam pieredz\u0113ju\u0161u un motiv\u0113tu profesion\u0101\u013cu komanda, kas darbojas jau vair\u0101k nek\u0101 8 gadus kravu p\u0101rvad\u0101jumu jom\u0101. Pateicoties ilggad\u0113jai pieredzei, m\u0113s nodro\u0161in\u0101m dro\u0161us avio kravu p\u0101rvad\u0101jumus, sniedzot klientiem tikai augst\u0101k\u0101s kvalit\u0101tes servisu.<\/li>\n<li>Avio p\u0101rvad\u0101jumos izmantojam lab\u0101k\u0101s un uzticam\u0101k\u0101s avio l\u012bnijas, kas mums \u013cauj nodro\u0161in\u0101t regul\u0101ras un \u0101tras pieg\u0101des par konkur\u0113tsp\u0113j\u012bg\u0101m izmaks\u0101m. Gaisa (avio) kravu p\u0101rvad\u0101jumu jom\u0101 sadarbojamies ar t\u0101d\u0101m avio l\u012bnij\u0101m k\u0101 <em>Finnair<\/em>, <em>Turkish Airlines<\/em>, <em>airBaltic<\/em>, <em>Aeroflot<\/em> un daudz\u0101m cit\u0101m uzticam\u0101m avio l\u012bnij\u0101m.<\/li>\n<li>Pateicoties m\u016bsu asoci\u0113to partneru un a\u0123entu p\u0101rst\u0101vniec\u012bb\u0101m vis\u0101 pasaul\u0113, avio kravu p\u0101rvad\u0101jumi tiek \u012bstenoti gandr\u012bz no\/uz jebkuru valsti jebkur\u0101 kontinent\u0101. Vis\u0101 uz\u0146\u0113muma darb\u012bbas laik\u0101, m\u0113s esam veiku\u0161i kravu transportu no\/uz Eiropu, \u0100ziju, \u0100friku, Austr\u0101liju, Dienvidameriku un Zieme\u013cameriku.<\/li>\n<li>M\u0113s necen\u0161amies gaisa (avio) kravu p\u0101rvad\u0101jumos vienm\u0113r pied\u0101v\u0101t l\u0113t\u0101kos variantus, bet gan pied\u0101v\u0101jam klientiem kvalitat\u012bv\u0101kos transporta pakalpojumus un izcilu servisu.<\/li>\n<li>M\u0113s esam viens no l\u012bderiem kravu p\u0101rvad\u0101jumu jom\u0101. J\u016bs varat mums uztic\u0113ties.<\/li>\n<\/ul>\n<p><strong>Sazinieties ar mums<\/strong><\/p>\n<p>Lai ieg\u016btu detaliz\u0113tu inform\u0101ciju par kravu p\u0101rvad\u0101jumiem ar aviotransportu, cen\u0101m, kravas pieg\u0101des nosac\u012bjumiem, J\u016bs varat sazin\u0101ties ar mums pa t\u0101lruni +371 67 359 770 vai ar Skype pal\u012bdz\u012bbu (<a href=\"skype:cargomax.info\">cargomax.info<\/a>), s\u016btot e-pastu uz <a href=\"mailto:info@cargomax.lv\">info@cargomax.lv<\/a> vai noform\u0113jot on-line piepras\u012bjumu m\u016bsu m\u0101jaslap\u0101.<\/p>\n","protected":false},"excerpt":{"rendered":"<p>Cargomax ir transporta komp\u0101nija, kas kop\u0161 2006. gada pied\u0101v\u0101 dro\u0161us un \u0101trus avio kravu p\u0101rvad\u0101jumus, da\u017e\u0101dus transporta pakalpojumus un individu\u0101lus lo\u0123istikas risin\u0101jumus. Situ\u0101cij\u0101s, kad [&hellip;]<\/p>\n","protected":false},"author":1,"featured_media":0,"parent":126,"menu_order":0,"comment_status":"open","ping_status":"open","template":"","meta":[],"_links":{"self":[{"href":"https:\/\/cargomax.lv\/ru\/wp-json\/wp\/v2\/pages\/139\/"}],"collection":[{"href":"https:\/\/cargomax.lv\/ru\/wp-json\/wp\/v2\/pages\/"}],"about":[{"href":"https:\/\/cargomax.lv\/ru\/wp-json\/wp\/v2\/types\/page\/"}],"author":[{"embeddable":true,"href":"https:\/\/cargomax.lv\/ru\/wp-json\/wp\/v2\/users\/1\/"}],"replies":[{"embeddable":true,"href":"https:\/\/cargomax.lv\/ru\/wp-json\/wp\/v2\/comments\/?post=139"}],"version-history":[{"count":3,"href":"https:\/\/cargomax.lv\/ru\/wp-json\/wp\/v2\/pages\/139\/revisions\/"}],"predecessor-version":[{"id":380,"href":"https:\/\/cargomax.lv\/ru\/wp-json\/wp\/v2\/pages\/139\/revisions\/380\/"}],"up":[{"embeddable":true,"href":"https:\/\/cargomax.lv\/ru\/wp-json\/wp\/v2\/pages\/126\/"}],"wp:attachment":[{"href":"https:\/\/cargomax.lv\/ru\/wp-json\/wp\/v2\/media\/?parent=139"}],"curies":[{"name":"wp","href":"https:\/\/api.w.org\/{rel}","templated":true}]}}