{"id":137,"date":"2015-01-09T13:59:54","date_gmt":"2015-01-09T13:59:54","guid":{"rendered":"http:\/\/cargomax.lv\/?page_id=137"},"modified":"2015-04-14T10:54:30","modified_gmt":"2015-04-14T07:54:30","slug":"juras-kravu-parvadajumi","status":"publish","type":"page","link":"https:\/\/cargomax.lv\/ru\/pakalpojumi\/starptautiskie-kravu-parvadajumi\/juras-kravu-parvadajumi\/","title":{"rendered":"J\u016bras kravu p\u0101rvad\u0101jumi"},"content":{"rendered":"<p>Kravu p\u0101rvad\u0101jumi ar j\u016bras transportu tiek izmantoti, kad nos\u016bt\u012b\u0161anas un pieg\u0101des punktu nesavieno sauszemes ce\u013ci, vai ar\u012b kad, nos\u016btot kravu, svar\u012bg\u0101kas ir maksim\u0101li zemas transporta izmaksas nevis pieg\u0101des laiks.<\/p>\n<p>Sadarbojoties ar starptautisko holdingu <em>Militzer &amp; Muench<\/em>, galvenaj\u0101m j\u016bras l\u012bnij\u0101m un esot <em>Global Container Group<\/em> asoci\u0101cijas biedram, Cargomax pied\u0101v\u0101 pilno un salikto kravu transport\u0113\u0161anu, izmantojot j\u016bras transportu no vis\u0101m liel\u0101kaj\u0101m pasaules ost\u0101m (imports\/eksports).<\/p>\n<p>J\u016bras kravu p\u0101rvad\u0101jumu specifika ir t\u0101da, ka liel\u0101koties ir nepiecie\u0161ams p\u0113c iesp\u0113jas \u0101tr\u0101ks pieg\u0101des laiks ar zem\u0101k\u0101m transporta izmaks\u0101m neatkar\u012bgi no t\u0101, vai krava ir j\u0101ved import\u0101 vai eksport\u0101. Tas ar\u012b ir iemesls, k\u0101p\u0113c m\u0113s sadarbojamies ar vis\u0101m R\u012bg\u0101 p\u0101rst\u0101v\u0113taj\u0101m liel\u0101kaj\u0101m ku\u0123u l\u012bnij\u0101m, k\u0101 ar\u012b ar daudz\u0101m maz\u0101m viet\u0113j\u0101 m\u0113roga ku\u0123u l\u012bnij\u0101m.<\/p>\n<p>M\u016bsu pied\u0101v\u0101tie j\u016bras p\u0101rvad\u0101jumi ir lielisks risin\u0101jums situ\u0101cij\u0101s, kad ir nepiecie\u0161ama \u0101tra un izmaksu zi\u0146\u0101 l\u0113ta pieg\u0101de, k\u0101 ar\u012b t\u0101d\u0101s situ\u0101cij\u0101s, kad j\u0101b\u016bt iev\u0113rotam optim\u0101lam kompromisam starp cenu un pieg\u0101des laiku.<\/p>\n<p>J\u016bras p\u0101rvad\u0101jumi tiek \u012bstenoti, izmantojot lab\u0101k\u0101s un uzticam\u0101k\u0101s ku\u0123u l\u012bnijas, kas mums \u013cauj nodro\u0161in\u0101t regul\u0101ras un \u0101tras pieg\u0101des par konkur\u0113tsp\u0113j\u012bg\u0101m izmaks\u0101m.<\/p>\n<p><strong>J\u016bras kravu p\u0101rvad\u0101jumi \u2013 m\u016bsu sniegtie pakalpojumi:<\/strong><\/p>\n<ul>\n<li>J\u016bras p\u0101rvad\u0101jumi no\/l\u012bdz sa\u0146\u0113m\u0113ja ostai vai no\/l\u012bdz sa\u0146\u0113m\u0113ja durv\u012bm;<\/li>\n<li>Kravu konsolid\u0101cija;<\/li>\n<li>B\u012bstamo (ADR) kravu p\u0101rvad\u0101jumi;<\/li>\n<li>Konsult\u0101cijas starptautisko kravu p\u0101rvad\u0101jumu optim\u0101lo sh\u0113mu organiz\u0101cijas jaut\u0101jumos;<\/li>\n<li>Nepiecie\u0161amo transporta dokumentu k\u0101rto\u0161ana starptautiskam j\u016bras p\u0101rvad\u0101jumam;<\/li>\n<li>Profesion\u0101la konsult\u0101cija un pal\u012bdz\u012bba muitas dokumentu noform\u0113\u0161anas jaut\u0101jumos;<\/li>\n<li>Kravu papildu apdro\u0161in\u0101\u0161anas organiz\u0113\u0161ana.<\/li>\n<\/ul>\n<p>Ir iesp\u0113jami b\u012bstamo kravu j\u016bras p\u0101rvad\u0101jumi un to pieg\u0101de no durv\u012bm l\u012bdz durv\u012bm.<\/p>\n<p><strong>Multimod\u0101lie kravu p\u0101rvad\u0101jumi<\/strong><\/p>\n<p>Lai \u0101tri un savlaic\u012bgi pieg\u0101d\u0101tu nepiecie\u0161amo kravu, m\u0113s iesaist\u0101m visus transporta veidus k\u0101 autotransports, dzelzce\u013ca p\u0101rvad\u0101jumus, gaisa un j\u016bras kravu p\u0101rvad\u0101jumus. Ja nepiecie\u0161ams k\u0101ds nestandarta risin\u0101jums, kad transport\u0113\u0161ana ir j\u0101veic izmantojot da\u017e\u0101dus transporta veidus, tad j\u016bras p\u0101rvad\u0101jumi var tikt \u012bstenoti ar\u012b multimod\u0101l\u0101 pieg\u0101des veid\u0101, piem\u0113ram, j\u016bra-auto.<\/p>\n<p><strong>K\u0101p\u0113c izv\u0113l\u0113ties kravu p\u0101rvad\u0101jumus ar j\u016bras transportu?<\/strong><\/p>\n<ul>\n<li>Ku\u0123u kravu p\u0101rvad\u0101jumi ir viens no ekonomisk\u0101kajiem un izdev\u012bg\u0101kajiem kravu p\u0101rvad\u0101jumu veidiem, ja nav nepiecie\u0161ams \u0101trs pieg\u0101des laiks.<\/li>\n<li>J\u016bras kravu p\u0101rvad\u0101jumu liel\u0101kais pluss ir ne tikai to sal\u012bdzino\u0161i zem\u0101s izmaksas, bet ar\u012b augstais dro\u0161\u012bbas l\u012bmenis.<\/li>\n<li>J\u016bras p\u0101rvad\u0101jumi ir labs risin\u0101jums liela apjoma un smagu kravu transport\u0113\u0161anai lielos att\u0101lumos.<\/li>\n<li>Lielizm\u0113ra j\u016bras kravu p\u0101rvad\u0101jumi ir iesp\u0113jami gandr\u012bz uz jebkuru pasaules valsti un kontinentu par izdev\u012bg\u0101kajiem cenu pied\u0101v\u0101jumiem.<\/li>\n<\/ul>\n<p><strong>K\u0101p\u0113c izv\u0113l\u0113ties j\u016bras p\u0101rvad\u0101jumus, izmantojot Cargomax transporta pakalpojumus?<\/strong><\/p>\n<ul>\n<li>Augst\u0101k\u0101 pakalpojuma kvalit\u0101te un lab\u0101k\u0101s cenas J\u016bsu kravu p\u0101rvad\u0101jumiem.<\/li>\n<li>Balstoties uz klientu v\u0113lm\u0113m, iesp\u0113jams multimod\u0101ls kravu transport\u0113\u0161anas veids, piem\u0113ram, j\u016bra + auto transports.<\/li>\n<li>Cargomax darbinieku augstais profesionalit\u0101tes l\u012bmenis un daudzveid\u012bgs transporta pakalpojumu kl\u0101sts \u013cauj nodro\u0161in\u0101t kvalitat\u012bvu, \u0113rtu un dro\u0161u servisu, pied\u0101v\u0101jot visda\u017e\u0101d\u0101kos kompleksos risin\u0101jumus un individu\u0101lus projektus.<\/li>\n<li>Visas nepiecie\u0161am\u0101s dokument\u0101cijas un muitas formalit\u0101\u0161u nok\u0101rto\u0161ana.<\/li>\n<li>Pateicoties uzticam\u0101m Cargomax asoci\u0113to partneru un a\u0123entu p\u0101rst\u0101vniec\u012bb\u0101m, m\u0113s att\u012bst\u0101m pla\u0161u j\u016bras p\u0101rvad\u0101jumu mar\u0161rutu sist\u0113mu, kas \u013cauj Jums nog\u0101d\u0101t kravu gandr\u012bz no\/uz jebkuru pasaules valsti.<\/li>\n<li>Pilna kl\u0101sta lo\u0123istikas pakalpojumu pied\u0101v\u0101jums.<\/li>\n<\/ul>\n<p><strong>Sazinieties ar mums<\/strong><\/p>\n<p>Lai ieg\u016btu detaliz\u0113tu inform\u0101ciju par kravu p\u0101rvad\u0101jumiem ar j\u016bras transportu, cen\u0101m un kravas pieg\u0101des nosac\u012bjumiem, J\u016bs varat sazin\u0101ties ar mums pa t\u0101lruni +371 67 359 770 vai ar Skype pal\u012bdz\u012bbu (<a href=\"skype:cargomax.info\">cargomax.info<\/a>), s\u016btot e-pastu uz <a href=\"mailto:info@cargomax.lv\">info@cargomax.lv<\/a> vai noform\u0113jot on-line piepras\u012bjumu m\u016bsu m\u0101jaslap\u0101.<\/p>\n","protected":false},"excerpt":{"rendered":"<p>Kravu p\u0101rvad\u0101jumi ar j\u016bras transportu tiek izmantoti, kad nos\u016bt\u012b\u0161anas un pieg\u0101des punktu nesavieno sauszemes ce\u013ci, vai ar\u012b kad, nos\u016btot kravu, svar\u012bg\u0101kas ir maksim\u0101li zemas [&hellip;]<\/p>\n","protected":false},"author":1,"featured_media":0,"parent":126,"menu_order":0,"comment_status":"open","ping_status":"open","template":"","meta":[],"_links":{"self":[{"href":"https:\/\/cargomax.lv\/ru\/wp-json\/wp\/v2\/pages\/137\/"}],"collection":[{"href":"https:\/\/cargomax.lv\/ru\/wp-json\/wp\/v2\/pages\/"}],"about":[{"href":"https:\/\/cargomax.lv\/ru\/wp-json\/wp\/v2\/types\/page\/"}],"author":[{"embeddable":true,"href":"https:\/\/cargomax.lv\/ru\/wp-json\/wp\/v2\/users\/1\/"}],"replies":[{"embeddable":true,"href":"https:\/\/cargomax.lv\/ru\/wp-json\/wp\/v2\/comments\/?post=137"}],"version-history":[{"count":4,"href":"https:\/\/cargomax.lv\/ru\/wp-json\/wp\/v2\/pages\/137\/revisions\/"}],"predecessor-version":[{"id":378,"href":"https:\/\/cargomax.lv\/ru\/wp-json\/wp\/v2\/pages\/137\/revisions\/378\/"}],"up":[{"embeddable":true,"href":"https:\/\/cargomax.lv\/ru\/wp-json\/wp\/v2\/pages\/126\/"}],"wp:attachment":[{"href":"https:\/\/cargomax.lv\/ru\/wp-json\/wp\/v2\/media\/?parent=137"}],"curies":[{"name":"wp","href":"https:\/\/api.w.org\/{rel}","templated":true}]}}