{"id":134,"date":"2015-01-09T13:57:49","date_gmt":"2015-01-09T13:57:49","guid":{"rendered":"http:\/\/cargomax.lv\/?page_id=134"},"modified":"2015-04-14T10:47:36","modified_gmt":"2015-04-14T07:47:36","slug":"sauszemes-kravu-parvadajumi","status":"publish","type":"page","link":"https:\/\/cargomax.lv\/ru\/pakalpojumi\/starptautiskie-kravu-parvadajumi\/sauszemes-kravu-parvadajumi\/","title":{"rendered":"Sauszemes kravu p\u0101rvad\u0101jumi"},"content":{"rendered":"<p>Starptautisk\u0101 kravu pieg\u0101de ar autotransportu ir viens no popul\u0101r\u0101kajiem kravu transport\u0113\u0161anas veidiem. Autop\u0101rvad\u0101jumu priek\u0161roc\u012bbas ir sal\u012bdzino\u0161i zem\u0101 cena un maksim\u0101li elast\u012bgi pieg\u0101des grafiki un mar\u0161ruti. Latvij\u0101 galven\u0101s importa un eksporta pl\u016bsmas tiek \u012bstenotas tie\u0161i pateicoties autotransportam.<\/p>\n<p>Pateicoties modernam un ekonomiskam autoparkam un sadarb\u012bbai ar transporta apvien\u012bb\u0101m <em>CargoLine<\/em> un <em>ELVIS<\/em>, sauszemes kravu p\u0101rvad\u0101jumi tiek nodro\u0161in\u0101ti no\/uz gandr\u012bz vis\u0101m Eiropas valst\u012bm. M\u0113s veicam salikto, da\u013c\u0113jo un pilno kravu pieg\u0101des, s\u0101kot no Portug\u0101les un \u012arijas un l\u012bdz pat It\u0101lijai un Turcijai, aptverot pla\u0161as mar\u0161rutu sist\u0113mas vis\u0101 Eiropas Savien\u012bb\u0101.<\/p>\n<p>Sauszemes kravu p\u0101rvad\u0101jumi tiek veikti atbilsto\u0161i CMR konvencijas pras\u012bb\u0101m ar pieg\u0101d\u0113m no durv\u012bm l\u012bdz durv\u012bm. M\u0113s nodro\u0161in\u0101m ar\u012b b\u012bstamo (ADR) kravu p\u0101rvad\u0101jumus.<\/p>\n<p><strong>Centr\u0101leiropa un Rietumeiropa<\/strong><\/p>\n<p>M\u0113s esam pilnv\u0113rt\u012bgs Eiropas transporta giganta <em>CargoLine<\/em> un <em>ELVIS<\/em> partneris, t\u0101p\u0113c m\u0113s garant\u0113jam dro\u0161u un \u0101tru salikto, da\u013c\u0113jo un pilno kravu pieg\u0101di. J\u016bs mekl\u0113jat iesp\u0113jas pieg\u0101d\u0101t kravu no\/uz N\u012bderlandi, V\u0101ciju vai \u0160veici? Jums ir krava no Austrijas, V\u0101cijas vai Slov\u0101kijas kalniem? M\u0113s ar garantiju veiksim J\u016bsu kravas iekrau\u0161anu jebkur\u0101 darba dien\u0101, no jebkuras pils\u0113tas. Atsevi\u0161\u0137os gad\u012bjumos m\u0113s nodro\u0161in\u0101sim ar\u012b kravu iekrau\u0161anu un pieg\u0101di br\u012bvdien\u0101s.<\/p>\n<p>Lai nodro\u0161in\u0101tu visaugst\u0101k\u0101s kvalit\u0101tes servisu, m\u016bsu ma\u0161\u012bnas no V\u0101cijas, Be\u013c\u0123ijas, Luksemburgas un N\u012bderlandes (Holandes) izbrauc\u00a02x ned\u0113\u013c\u0101 \u2013 otrdien\u0101s un piektdien\u0101s. Sauszemes kravu p\u0101rvad\u0101jumi no \u0161\u012bm valst\u012bm notiek 2-5 darba dienu laik\u0101, nodro\u0161inot pilnu pieg\u0101des servisu &#8221;no durv\u012bm l\u012bdz durv\u012bm&#8221;, un kravu iekrau\u0161ana tiek organiz\u0113ta katru darba dienu.<\/p>\n<p><strong>Lielbrit\u0101nija\/\u012arija<\/strong><\/p>\n<p>Sadarb\u012bb\u0101 ar Lielbrit\u0101nijas transporta komp\u0101niju <em>Redhead<\/em> m\u0113s esam pied\u0101v\u0101t\u0101 servisa l\u012bderis kravu transport\u0113\u0161an\u0101 no\/uz Lielbrit\u0101niju un \u012ariju.<\/p>\n<p><strong>Austrumeiropa<\/strong><\/p>\n<p>Pateicoties uzticamam un pla\u0161am starptautisko partneru t\u012bklam, m\u0113s nodro\u0161in\u0101m regul\u0101rus, kvalitat\u012bvus un \u0101trus kravu p\u0101rvad\u0101jumus liel\u0101koties vis\u0101 Austrumeiropas re\u0123ion\u0101.<\/p>\n<p><strong>Dienvideiropa\/Zieme\u013c\u0101frika<\/strong><\/p>\n<p>J\u016bs esat nodibin\u0101ju\u0161i dar\u012bjumu attiec\u012bbas ar partneriem It\u0101lij\u0101, Portug\u0101l\u0113 vai Tunisij\u0101, bet nezin\u0101t, k\u0101 veikt kravas pieg\u0101di no Dienvideiropas vai Zieme\u013c\u0101frikas? Cargomax sadarb\u012bb\u0101 ar <em>Militzer &amp; Muench<\/em> pied\u0101v\u0101 Jums profesion\u0101lus transporta pakalpojumus da\u017e\u0101du kravu pieg\u0101dei.<\/p>\n<p><strong>Cargomax papildus sniegtie pakalpojumi:<\/strong><\/p>\n<ul>\n<li>Muitas kravu p\u0101rvad\u0101jumi;<\/li>\n<li>Nestandarta kravu p\u0101rvad\u0101jumi;<\/li>\n<li>ADR kravu apkalpo\u0161ana;<\/li>\n<li>Konsult\u0101cijas.<\/li>\n<\/ul>\n<p><strong>J\u016bsu ieguvumi, izmantojot m\u016bsu pakalpojumus <\/strong><\/p>\n<p>Cargomax J\u016bsu uzdevum\u0101 noform\u0113s visus nepiecie\u0161amos transport\u0113\u0161anas dokumentus, nodro\u0161in\u0101s muitas proced\u016bras, k\u0101 ar\u012b organiz\u0113s kravu papildu apdro\u0161in\u0101\u0161anu.<\/p>\n<p>M\u0113s pied\u0101v\u0101jam ar\u012b viet\u0113jos kravu p\u0101rvad\u0101jumus Latvij\u0101 un Baltij\u0101 un individu\u0101lus lo\u0123istikas risin\u0101jumus. Ja J\u016bs v\u0113laties uzlabot savu \u0161\u012b br\u012b\u017ea lo\u0123istikas sist\u0113mu, izstr\u0101d\u0101t v\u0113rien\u012bgus projektus vai kompleksus risin\u0101jumus, tad Cargomax ir J\u016bsu uzticamais <em>on-stop-shop<\/em> partneris kravu p\u0101rvad\u0101jumu un lo\u0123istikas pakalpojumu jom\u0101.<\/p>\n<p>M\u016bsu darbinieki pal\u012bdz\u0113s optimiz\u0113t transport\u0113\u0161anas mar\u0161rutu. M\u0113s veicam p\u0101rvad\u0101juma diennakts monitoringu un kontrol\u0113jam katru transport\u0113\u0161anas etapu. Sauszemes kravu p\u0101rvad\u0101jumi ar autotransportu tiek \u012bstenoti maksim\u0101li \u012bsos termi\u0146os p\u0113c optim\u0101l\u0101s lo\u0123istikas sh\u0113mas, kura tiek sast\u0101d\u012bta individu\u0101li katram klientam.<\/p>\n<p>M\u016bsu speci\u0101listi veiksm\u012bgi \u012bsteno jebkuras sare\u017e\u0123\u012bt\u012bbas pak\u0101pes kravu p\u0101rvad\u0101jumus, pateicoties moderna autoparka izmanto\u0161anai un ilggad\u0113jai profesion\u0101lajai pieredzei transporta nozar\u0113.<\/p>\n<p>M\u016bsu liel\u0101k\u0101 v\u0113rt\u012bba ir m\u016bsu klienti, t\u0101p\u0113c m\u0113s past\u0101v\u012bgi att\u012bst\u0101m m\u016bsu pakalpojumus, piem\u0113ram, papla\u0161in\u0101m \u0123eogr\u0101fijas un transporta pakalpojumu pied\u0101v\u0101jumus, paaugstin\u0101m m\u016bsu darbinieku kvalifik\u0101ciju, ievie\u0161am da\u017e\u0101das inov\u0101cijas, lai samazin\u0101tu transport\u0113\u0161anas izmaksas un paaugstin\u0101tu kravu p\u0101rvad\u0101jumu kvalit\u0101ti.<\/p>\n<p><strong>Sazinieties ar mums<\/strong><\/p>\n<p>Lai ieg\u016btu detaliz\u0113tu inform\u0101ciju par kravu p\u0101rvad\u0101jumiem ar autotransportu, cen\u0101m, kravas pieg\u0101des nosac\u012bjumiem, J\u016bs varat sazin\u0101ties ar mums pa t\u0101lruni +371 67 359 770 vai ar Skype pal\u012bdz\u012bbu (<a href=\"skype:cargomax.info\">cargomax.info<\/a>), s\u016btot e-pastu uz <a href=\"mailto:info@cargomax.lv\">info@cargomax.lv<\/a> vai noform\u0113jot on-line piepras\u012bjumu m\u016bsu m\u0101jaslap\u0101.<\/p>\n","protected":false},"excerpt":{"rendered":"<p>Starptautisk\u0101 kravu pieg\u0101de ar autotransportu ir viens no popul\u0101r\u0101kajiem kravu transport\u0113\u0161anas veidiem. Autop\u0101rvad\u0101jumu priek\u0161roc\u012bbas ir sal\u012bdzino\u0161i zem\u0101 cena un maksim\u0101li elast\u012bgi pieg\u0101des grafiki un [&hellip;]<\/p>\n","protected":false},"author":1,"featured_media":0,"parent":126,"menu_order":0,"comment_status":"open","ping_status":"open","template":"","meta":[],"_links":{"self":[{"href":"https:\/\/cargomax.lv\/ru\/wp-json\/wp\/v2\/pages\/134\/"}],"collection":[{"href":"https:\/\/cargomax.lv\/ru\/wp-json\/wp\/v2\/pages\/"}],"about":[{"href":"https:\/\/cargomax.lv\/ru\/wp-json\/wp\/v2\/types\/page\/"}],"author":[{"embeddable":true,"href":"https:\/\/cargomax.lv\/ru\/wp-json\/wp\/v2\/users\/1\/"}],"replies":[{"embeddable":true,"href":"https:\/\/cargomax.lv\/ru\/wp-json\/wp\/v2\/comments\/?post=134"}],"version-history":[{"count":5,"href":"https:\/\/cargomax.lv\/ru\/wp-json\/wp\/v2\/pages\/134\/revisions\/"}],"predecessor-version":[{"id":372,"href":"https:\/\/cargomax.lv\/ru\/wp-json\/wp\/v2\/pages\/134\/revisions\/372\/"}],"up":[{"embeddable":true,"href":"https:\/\/cargomax.lv\/ru\/wp-json\/wp\/v2\/pages\/126\/"}],"wp:attachment":[{"href":"https:\/\/cargomax.lv\/ru\/wp-json\/wp\/v2\/media\/?parent=134"}],"curies":[{"name":"wp","href":"https:\/\/api.w.org\/{rel}","templated":true}]}}