{"id":128,"date":"2015-01-09T13:56:11","date_gmt":"2015-01-09T13:56:11","guid":{"rendered":"http:\/\/cargomax.lv\/?page_id=128"},"modified":"2015-04-14T10:50:23","modified_gmt":"2015-04-14T07:50:23","slug":"kravu-apdrosinasana","status":"publish","type":"page","link":"https:\/\/cargomax.lv\/ru\/pakalpojumi\/kravu-apdrosinasana\/","title":{"rendered":"Kravu apdro\u0161in\u0101\u0161ana"},"content":{"rendered":"<p>Transporta komp\u0101nija Cargomax ir viens no l\u012bderiem kravu p\u0101rvad\u0101jumu jom\u0101, darbojoties \u0161aj\u0101 lauci\u0146\u0101 jau kop\u0161 2006. gada. Pateicoties darbinieku augstajam profesionalit\u0101tes l\u012bmenim, kravu p\u0101rvad\u0101jumu kvalit\u0101tei un daudzveid\u012bgu transporta pakalpojumu snieg\u0161anai, uz\u0146\u0113mums nodro\u0161ina regul\u0101ras, dro\u0161as un \u0101tras kravu pieg\u0101des starptautiskaj\u0101 un viet\u0113j\u0101 m\u0113rog\u0101.<\/p>\n<p>Vair\u0101k nek\u0101 8 gadu laik\u0101 kop\u0161 uz\u0146\u0113muma darb\u012bbas uzs\u0101k\u0161anas m\u0113s esam veiku\u0161i kravu transport\u0113\u0161anu no\/uz Eiropu, \u0100ziju, \u0100friku, Austr\u0101liju, Dienvidameriku un Zieme\u013cameriku. K\u0101 papildu pakalpojumu m\u0113s nodro\u0161in\u0101m ar\u012b viet\u0113jos kravu p\u0101rvad\u0101jumus Latvij\u0101 un Baltij\u0101.<\/p>\n<p>M\u016bsu pamatdarb\u012bbas veids ir salikto un pilno kravu p\u0101rvad\u0101jumi ar auto, avio un j\u016bras transportu. Visa veida kravu pieg\u0101dei m\u0113s izv\u0113lamies tikai uzticamus un stabilus sadarb\u012bbas partnerus un lab\u0101k\u0101s ku\u0123u un avio l\u012bnijas, kas mums \u013cauj nodro\u0161in\u0101t dro\u0161as un savlaic\u012bgas pieg\u0101des par konkur\u0113tsp\u0113j\u012bg\u0101m cen\u0101m.<\/p>\n<p><strong>J\u016bsu kravas apdro\u0161in\u0101\u0161ana<\/strong><\/p>\n<p>Cargomax pied\u0101v\u0101 da\u017e\u0101dus kravu p\u0101rvad\u0101jumu veidus un lo\u0123istikas risin\u0101jumus, ietverot ar\u012b t\u0101du papildu pakalpojumu k\u0101 kravu apdro\u0161in\u0101\u0161ana, ko m\u0113s \u012bstenojam m\u016bsu klientu \u0113rt\u012bbai. Kravas apdro\u0161in\u0101\u0161ana tiek piem\u0113rota d\u0101rg\u0101m krav\u0101m, k\u0101 ar\u012b krav\u0101m ar paaugstin\u0101tu b\u012bstam\u012bbu vai k\u0101du citu specifisku faktoru gad\u012bjum\u0101.<\/p>\n<p>Bie\u017ei vien pas\u016bt\u012bt\u0101ji pa\u013caujas uz veiksmi un s\u016bta kravas bez papildu apdro\u0161in\u0101\u0161anas. Tom\u0113r ir svar\u012bgi zin\u0101t, ka p\u0101rvad\u0101t\u0101ja atbild\u012bbu par kravas boj\u0101jumu vai nozaud\u0113\u0161anu nosaka da\u017e\u0101das starptautiskas konvencijas. M\u0113s nodro\u0161in\u0101m savus pakalpojumus, pamatojoties uz CMR konvenciju (konvencija par starptautisko autop\u0101rvad\u0101jumu l\u012bgumu). P\u0101rvad\u0101jot kravu ar autotransportu, p\u0101rvad\u0101t\u0101ja atbild\u012bba ir noteikta l\u012bdz 8.33 SDR (ap 10 EUR atkar\u012bb\u0101 no val\u016btu kursa) par 1 kg, veicot kravas avio p\u0101rvad\u0101jumu &#8211; 17 SDR (ap 18 EUR) par 1 kg.<\/p>\n<p>\u0160is vienk\u0101r\u0161ais apr\u0113\u0137ins pal\u012bdz\u0113s Jums pie\u0146emt l\u0113mumu par kravas papildu apdro\u0161in\u0101\u0161anu, un nepiecie\u0161am\u012bbas gad\u012bjum\u0101 m\u0113s nodro\u0161in\u0101sim papildu apdro\u0161in\u0101\u0161anu kravas transport\u0113\u0161anas laik\u0101.<\/p>\n<p>Kravu apdro\u0161in\u0101\u0161ana paredz aizsardz\u012bbu no kravu boj\u0101jumiem transport\u0113\u0161anas, iekrau\u0161anas, izkrau\u0161anas un uzglab\u0101\u0161anas laik\u0101. Tie\u0161i t\u0101p\u0113c kravas apdro\u0161in\u0101\u0161ana nodro\u0161ina visu vai da\u013cu no boj\u0101t\u0101s kravas v\u0113rt\u012bbas summas atg\u016b\u0161anu.<\/p>\n<p><strong>Cargomax pied\u0101v\u0101 apdro\u0161in\u0101\u0161anas pakalpojumus:<\/strong><\/p>\n<ul>\n<li>sauszemes kravu p\u0101rvad\u0101jumiem;<\/li>\n<li>j\u016bras kravu p\u0101rvad\u0101jumiem;<\/li>\n<li>avio kravu p\u0101rvad\u0101jumiem;<\/li>\n<li>dzelzce\u013ca kravu p\u0101rvad\u0101jumiem.<\/li>\n<\/ul>\n<p><strong>Kravas apdro\u0161in\u0101\u0161anas aizsardz\u012bb\u0101 tiek iek\u013cauta:<\/strong><\/p>\n<ul>\n<li>importa\/eksporta kravu apdro\u0161in\u0101\u0161ana;<\/li>\n<li>risku apdro\u0161in\u0101\u0161ana;<\/li>\n<li>prognoz\u0113t\u0101s pe\u013c\u0146as no produkcijas realiz\u0101cijas apdro\u0161in\u0101\u0161ana;<\/li>\n<li>neprognoz\u0113tu transporta izmaksu apdro\u0161in\u0101\u0161ana u.c.<\/li>\n<\/ul>\n<p><strong>Apdro\u0161in\u0101\u0161anas likmes l\u012bmeni noteico\u0161ie faktori:<\/strong><\/p>\n<ul>\n<li>apdro\u0161in\u0101\u0161anas nosac\u012bjumi;<\/li>\n<li>kravas nomenklat\u016bra un iepakojums;<\/li>\n<li>kravas v\u0113rt\u012bba;<\/li>\n<li>\u0123eogr\u0101fiskais re\u0123ions;<\/li>\n<li>izv\u0113l\u0113tais pa\u0161risks;<\/li>\n<li>kravas veids;<\/li>\n<li>p\u0101rvad\u0101juma intensit\u0101te (vienreiz\u0113js reiss, regul\u0101ri reisi);<\/li>\n<li>p\u0101rkrau\u0161anas rei\u017eu skaits;<\/li>\n<li>sadarb\u012bbas ilgums ar apdro\u0161in\u0101t\u0101ju;<\/li>\n<li>transport\u0113\u0161anas nosac\u012bjumi (transport\u0113\u0161anas veids, aizsardz\u012bba, att\u0101lums u.c.).<\/li>\n<\/ul>\n<p><strong>Past\u0101v vair\u0101ki apdro\u0161in\u0101\u0161anas veidi:<\/strong><\/p>\n<ul>\n<li>atbild\u012bbas noteik\u0161ana par kravas boj\u0101jumu vai da\u013c\u0113ju zaud\u0113\u0161anu;<\/li>\n<li>atbild\u012bbas noteik\u0161ana par visiem bez iz\u0146\u0113muma riskiem, kuri iesp\u0113jami transport\u0113\u0161anas laik\u0101;<\/li>\n<li>atbild\u012bbas noteik\u0161ana par visas p\u0101rvad\u0101jam\u0101s kravas boj\u0101 eju.<\/li>\n<\/ul>\n<p>Pateicoties m\u016bsu pieredz\u0113ju\u0161o speci\u0101listu darbam, visi aktu\u0101lie jaut\u0101jumi, kas saist\u012bti ar kravu apdro\u0161in\u0101\u0161anu, tiek atrisin\u0101ti kvalitat\u012bvi un operat\u012bvi. J\u016bs vienm\u0113r sa\u0146emsiet profesion\u0101las konsult\u0101cijas par t\u0101das b\u016btiskas sast\u0101vda\u013cas kravu p\u0101rvad\u0101jumu jom\u0101 k\u0101 kravas apdro\u0161in\u0101\u0161ana.<\/p>\n<p>Kravu apdro\u0161in\u0101\u0161ana \u2013 pareiz\u0101 izv\u0113le, lai segtu zaud\u0113jumus da\u017e\u0101du iesp\u0113jamo negad\u012bjumu rezult\u0101t\u0101, piem\u0113ram, kravas pazaud\u0113\u0161anas, kravas aizie\u0161anas boj\u0101, transporta meh\u0101nisko boj\u0101jumu gad\u012bjumos. Lai izvair\u012btos no \u0161\u0101diem riskiem, izv\u0113lieties kravu apdro\u0161in\u0101\u0161anu. Ietaupiet savu laiku &#8211; m\u0113s nok\u0101rtosim visas formalit\u0101tes J\u016bsu viet\u0101!<\/p>\n","protected":false},"excerpt":{"rendered":"<p>Transporta komp\u0101nija Cargomax ir viens no l\u012bderiem kravu p\u0101rvad\u0101jumu jom\u0101, darbojoties \u0161aj\u0101 lauci\u0146\u0101 jau kop\u0161 2006. gada. Pateicoties darbinieku augstajam profesionalit\u0101tes l\u012bmenim, kravu p\u0101rvad\u0101jumu [&hellip;]<\/p>\n","protected":false},"author":1,"featured_media":0,"parent":16,"menu_order":0,"comment_status":"open","ping_status":"open","template":"","meta":[],"_links":{"self":[{"href":"https:\/\/cargomax.lv\/ru\/wp-json\/wp\/v2\/pages\/128\/"}],"collection":[{"href":"https:\/\/cargomax.lv\/ru\/wp-json\/wp\/v2\/pages\/"}],"about":[{"href":"https:\/\/cargomax.lv\/ru\/wp-json\/wp\/v2\/types\/page\/"}],"author":[{"embeddable":true,"href":"https:\/\/cargomax.lv\/ru\/wp-json\/wp\/v2\/users\/1\/"}],"replies":[{"embeddable":true,"href":"https:\/\/cargomax.lv\/ru\/wp-json\/wp\/v2\/comments\/?post=128"}],"version-history":[{"count":4,"href":"https:\/\/cargomax.lv\/ru\/wp-json\/wp\/v2\/pages\/128\/revisions\/"}],"predecessor-version":[{"id":375,"href":"https:\/\/cargomax.lv\/ru\/wp-json\/wp\/v2\/pages\/128\/revisions\/375\/"}],"up":[{"embeddable":true,"href":"https:\/\/cargomax.lv\/ru\/wp-json\/wp\/v2\/pages\/16\/"}],"wp:attachment":[{"href":"https:\/\/cargomax.lv\/ru\/wp-json\/wp\/v2\/media\/?parent=128"}],"curies":[{"name":"wp","href":"https:\/\/api.w.org\/{rel}","templated":true}]}}