{"id":77,"date":"2015-01-05T15:28:54","date_gmt":"2015-01-05T15:28:54","guid":{"rendered":"http:\/\/cargomax.lv\/?page_id=77"},"modified":"2015-04-21T15:14:43","modified_gmt":"2015-04-21T12:14:43","slug":"kravas-iepakojums-un-markejums","status":"publish","type":"page","link":"https:\/\/cargomax.lv\/en\/noderigi\/kravas-iepakojums-un-markejums\/","title":{"rendered":"Kravas iepakojums un mar\u0137\u0113jums"},"content":{"rendered":"<p><em><strong>Kravas iepakojums un mar\u0137\u0113jums.<\/strong><\/em><\/p>\n<p align=\"JUSTIFY\">Iepakojums pilda tik \u013coti svar\u012bg\u0101s pamata funkcijas, lai krava p\u0113c ilg\u0101s transport\u0113\u0161anas non\u0101ktu pie mums vesela un bez boj\u0101jumiem. Iepakojums pilda aizsardz\u012bbas un saglab\u0101\u0161anas funkcijas, k\u0101 ar\u012b tam ir j\u0101atvieglo produkta transport\u0113\u0161ana un j\u0101samazina kravas boj\u0101juma risks iekrau\u0161anas\/izkrau\u0161anas proces\u0101 un j\u0101pasarg\u0101 no laika apst\u0101k\u013cu iedarb\u012bbas (lietus, sniegs, gaisa temperat\u016bras sv\u0101rst\u012bbas), un kas ir \u013coti svar\u012bgi \u2013 iepakojums nodro\u0161ina s\u016bt\u012bjuma kvalit\u0101tes nemain\u012bgumu.<\/p>\n<p align=\"JUSTIFY\">Jau tikai pl\u0101nojot un gatavojot kravu nos\u016bt\u012b\u0161anai, ir svar\u012bgi apzin\u0101ties s\u016bt\u0101m\u0101s kravas \u012bpatn\u012bbas, lai laikus paredz\u0113tu iesp\u0113jamos riskus transport\u0113\u0161anas laik\u0101 un nodro\u0161in\u0101tos pret kravas varb\u016bt\u0113ju boj\u0101jumu t\u0101s pieg\u0101des laik\u0101.<\/p>\n<p align=\"JUSTIFY\">Un, kas ir ne maz\u0101k svar\u012bgi, tad, veicot kravas transport\u0113\u0161anu, nos\u016bt\u012bt\u0101js ir atbild\u012bgs par to, lai krava transport\u0113\u0161anas laik\u0101 nerad\u012btu apdraud\u0113jumu transportl\u012bdzek\u013ca vad\u012bt\u0101jam, tre\u0161ajai personai, apk\u0101rt\u0113jai videi, blakuseso\u0161aj\u0101m krav\u0101m un tai skait\u0101 ar\u012b pa\u0161am transporta l\u012bdzeklim.<\/p>\n<p><em><strong>Pavisam tiek izdal\u012btas 5 iepakojuma materi\u0101lu grupas un attiec\u012bgi katrai grupai ir viens vai vair\u0101ki materi\u0101la veidi.<\/strong><\/em><\/p>\n<p><strong>Pirm\u0101 Grupa:<\/strong><\/p>\n<p>1.1. Kor\u0137is;<\/p>\n<p>1.2. Pap\u012brs, kartons, gofr\u0113tais kartons;<\/p>\n<p>1.3. Tekstilmateri\u0101li (kokvilna, d\u017euta un citi tekstilmateri\u0101li).<\/p>\n<p><strong>Otr\u0101 Grupa:<\/strong><\/p>\n<p>2.1. Dzelzs, dzelzs sk\u0101rds, alum\u012bnijs un citi met\u0101li.<\/p>\n<p><strong>Tre\u0161\u0101 Grupa:<\/strong><\/p>\n<p>3.1. Bezkr\u0101sains un kr\u0101sains stikls.<\/p>\n<p><strong>Ceturt\u0101 Grupa:<\/strong><\/p>\n<p>4.1. Polietil\u0113nteraftal\u0101ts (PET);<\/p>\n<p>4.2. Augsta bl\u012bvuma polietil\u0113ns (HDPE);<\/p>\n<p>4.3. Zema bl\u012bvuma polietil\u0113ns (LDPE);<\/p>\n<p>4.4. Polivinilhlor\u012bds (PVC);<\/p>\n<p>4.5. Polipropil\u0113ns (PP);<\/p>\n<p>4.6. Orient\u0113tais polipropil\u0113ns (OPP);<\/p>\n<p>4.7. Biaksi\u0101li orient\u0113tais polipropil\u0113ns (BOPP);<\/p>\n<p>4.8. Polistirols (PS);<\/p>\n<p>4.9. Putu polistirols (EPS) un citas plastmasas.<\/p>\n<p><strong>Piekt\u0101 Grupa:<\/strong><\/p>\n<p>5.1. Pap\u012bra un kartona lamin\u0101ti ar plastmasas un\/vai met\u0101la komponentiem;<\/p>\n<p>5.2. Plastmasas lamin\u0101ti ar met\u0101la komponentiem;<\/p>\n<p>5.3. Stikla lamin\u0101ti ar plastmasas un\/vai met\u0101la komponentiem.<\/p>\n<p><em><strong>\u013boti svar\u012bgu inform\u0101ciju mums sniedz ar\u012b uz kravas iepakojuma eso\u0161ais simbols vai pat vair\u0101ki, kuri nodro\u0161ina m\u016bs ar inform\u0101ciju, k\u0101 \u0161\u012b krava ir transport\u0113jama un k\u0101di dro\u0161\u012bbas pas\u0101kumi j\u0101veic \u0161\u012bs kravas iekrau\u0161anas\/izkrau\u0161anas un uzglab\u0101\u0161anas laik\u0101.<\/strong><\/em><\/p>\n","protected":false},"excerpt":{"rendered":"<p>Kravas iepakojums un mar\u0137\u0113jums. Iepakojums pilda tik \u013coti svar\u012bg\u0101s pamata funkcijas, lai krava p\u0113c ilg\u0101s transport\u0113\u0161anas non\u0101ktu pie mums vesela un bez boj\u0101jumiem. Iepakojums [&hellip;]<\/p>\n","protected":false},"author":1,"featured_media":0,"parent":20,"menu_order":0,"comment_status":"open","ping_status":"open","template":"","meta":[],"_links":{"self":[{"href":"https:\/\/cargomax.lv\/en\/wp-json\/wp\/v2\/pages\/77\/"}],"collection":[{"href":"https:\/\/cargomax.lv\/en\/wp-json\/wp\/v2\/pages\/"}],"about":[{"href":"https:\/\/cargomax.lv\/en\/wp-json\/wp\/v2\/types\/page\/"}],"author":[{"embeddable":true,"href":"https:\/\/cargomax.lv\/en\/wp-json\/wp\/v2\/users\/1\/"}],"replies":[{"embeddable":true,"href":"https:\/\/cargomax.lv\/en\/wp-json\/wp\/v2\/comments\/?post=77"}],"version-history":[{"count":7,"href":"https:\/\/cargomax.lv\/en\/wp-json\/wp\/v2\/pages\/77\/revisions\/"}],"predecessor-version":[{"id":546,"href":"https:\/\/cargomax.lv\/en\/wp-json\/wp\/v2\/pages\/77\/revisions\/546\/"}],"up":[{"embeddable":true,"href":"https:\/\/cargomax.lv\/en\/wp-json\/wp\/v2\/pages\/20\/"}],"wp:attachment":[{"href":"https:\/\/cargomax.lv\/en\/wp-json\/wp\/v2\/media\/?parent=77"}],"curies":[{"name":"wp","href":"https:\/\/api.w.org\/{rel}","templated":true}]}}