{"id":731,"date":"2015-06-29T15:13:59","date_gmt":"2015-06-29T12:13:59","guid":{"rendered":"http:\/\/cargomax.lv\/?page_id=731"},"modified":"2015-06-29T15:19:06","modified_gmt":"2015-06-29T12:19:06","slug":"kvalitativi-drosi-un-atri-kravu-parvadajumi-no-un-uz-vaciju","status":"publish","type":"page","link":"https:\/\/cargomax.lv\/en\/pakalpojumi\/starptautiskie-kravu-parvadajumi\/kvalitativi-drosi-un-atri-kravu-parvadajumi-no-un-uz-vaciju\/","title":{"rendered":"Kvalitat\u012bvi, dro\u0161i un \u0101tri kravu p\u0101rvad\u0101jumi no un uz V\u0101ciju"},"content":{"rendered":"<p>Kad nepiecie\u0161ami apjom\u012bgu kravu p\u0101rvad\u0101jumi, piem\u0113ram, kravu p\u0101rvad\u0101jumi uz V\u0101ciju, tad skaidrs ir viens \u2013 lab\u0101k \u0161o darbu uztic\u0113t profesion\u0101\u013ciem ar ilgu gadu pieredzi, kas zina katru s\u012bkumu \u0161aj\u0101 nozar\u0113 un var darbu izpild\u012bt ar piln\u012bgu p\u0101rliec\u012bbu. <strong>Uzticiet kravu p\u0101rvad\u0101jumus mums \u2013 uz\u0146\u0113mumam Cargomax!<\/strong><\/p>\n<p>M\u0113s esam uz\u0146\u0113mums ar ilgu gadu pieredzi, esam ieguvu\u0161i starptautiskus un uzticamus partnerus, ar kuriem kop\u0101 veidojam profesion\u0101lu kravu p\u0101rvad\u0101jumu t\u012bklu.<\/p>\n<p><strong>K\u0101p\u0113c izv\u0113l\u0113ties starptautisko kravu pieg\u0101di ar autotransportu:<\/strong><\/p>\n<ul>\n<li>Tas ir viens no popul\u0101r\u0101kajiem kravu transport\u0113\u0161anas veidiem pasaul\u0113;<\/li>\n<li>Autotransporta pieg\u0101des pakalpojumiem ir sal\u012bdzino\u0161i zem\u0101ka cena, nek\u0101 citiem p\u0101rvad\u0101juma transportiem;<\/li>\n<li>Tiek nodro\u0161in\u0101ts maksim\u0101li elast\u012bgs grafiks un mar\u0161ruts;<\/li>\n<li>Tiek sniegts pilns pieg\u0101des serviss \u201eno durv\u012bm l\u012bdz durv\u012bm\u201d.<\/li>\n<\/ul>\n<p><strong>Cargomax pied\u0101v\u0101jum\u0101 \u0101tri un profesion\u0101li starptautiskie kravu p\u0101rvad\u0101jumi:<\/strong><\/p>\n<ul>\n<li>Pa sauszemi \u2013 regul\u0101ri autop\u0101rvad\u0101jumi da\u017e\u0101da veida krav\u0101m;<\/li>\n<li>Pa j\u016bru \u2013 kravu p\u0101rvad\u0101jumi eksport\u0101 un import\u0101 no liel\u0101kaj\u0101m pasaules ost\u0101m;<\/li>\n<li>Pa gaisu \u2013 dro\u0161a avio kravu pieg\u0101de.<\/li>\n<\/ul>\n<p><strong>Lai nodro\u0161in\u0101tu profesion\u0101lu kravu pieg\u0101di, atbilsto\u0161i J\u016bsu pras\u012bb\u0101m, m\u0113s pied\u0101v\u0101jam:<\/strong><\/p>\n<ul>\n<li>Salikto kravu pieg\u0101di;<\/li>\n<li>Da\u013c\u0113jo kravu pieg\u0101di;<\/li>\n<li>Pilno kravu pieg\u0101di;<\/li>\n<li>ADR (b\u012bstamo) kravu p\u0101rvad\u0101jumus;<\/li>\n<li>Kravu izseko\u0161anu.<\/li>\n<\/ul>\n<p>Ja nepiecie\u0161ami kravu p\u0101rvad\u0101jumi uz V\u0101ciju vai no V\u0101cijas, tad m\u0113s \u2013 <strong>Cargomax viennoz\u012bm\u012bgi esam tirgus l\u012bderi kravu p\u0101rvad\u0101jumos Latvij\u0101:<\/strong><\/p>\n<ul>\n<li>M\u0113s <strong>ar garantiju<\/strong> veiksim Jums nepiecie\u0161amos kravas p\u0101rvad\u0101jumus uz un no J\u016bsu v\u0113lam\u0101s valsts;<\/li>\n<li>Iekrausim kravu <strong>jebkur\u0101 darba dien\u0101, no jebkuras pils\u0113tas<\/strong>;<\/li>\n<li>Ja nepiecie\u0161ams, nodro\u0161in\u0101sim kravu iekrau\u0161anu un <strong>pieg\u0101di ar\u012b br\u012bvdien\u0101s<\/strong>;<\/li>\n<li>Kravas no \u0101rzem\u0113m <strong>iekrausim<\/strong><strong> atbilsto\u0161i konkr\u0113t\u0101s valsts darba dien\u0101m, laika joslai un darba laikam<\/strong>.<\/li>\n<\/ul>\n<p>Ja nepiecie\u0161ami kravu p\u0101rvad\u0101jumi no V\u0101cijas, vai uz\/no k\u0101das citas valsts, tad ziniet, ka m\u0113s esam lab\u0101k\u0101 izv\u0113le un veiksim kravas p\u0101rvad\u0101jumus atbilsto\u0161i vis\u0101m J\u016bsu pras\u012bb\u0101m.<\/p>\n<p>Lai nodro\u0161in\u0101tu visas priek\u0161roc\u012bbas, Cargomax ir izveidojis modernu un ekonomisku autoparku, k\u0101 ar\u012b ir izveidota sadarb\u012bba ar transporta apvien\u012bb\u0101m <em>CargoLine<\/em> un <em>ELVIS<\/em>. Tie\u0161i pateicoties \u0161ai sadarb\u012bbai m\u0113s sp\u0113jam nodro\u0161in\u0101t kravu p\u0101rvad\u0101jumus uz un no gandr\u012bz vis\u0101m Eiropas valst\u012bm, piem\u0113ram, kravu p\u0101rvad\u0101jumi uz V\u0101ciju un kravu p\u0101rvad\u0101jumi no V\u0101cijas ir viens no popul\u0101r\u0101kajiem mar\u0161rutiem. T\u0101pat ar\u012b veicam kravu p\u0101rvad\u0101jumus no un uz \u012ariju, Turciju un daudz\u0101m cit\u0101m valst\u012bm Kopum\u0101 aptveram pla\u0161as mar\u0161rutu sist\u0113mas vis\u0101 Eiropas Savien\u012bb\u0101.<\/p>\n<p>Lai nodro\u0161in\u0101tu starptautisko kravu p\u0101rvad\u0101jumu kvalit\u0101ti, kravas p\u0101rvad\u0101jumi no V\u0101cijas, Be\u013c\u0123ijas, Luksemburgas un N\u012bderlandes notiek \u0101tri un ar regul\u0101ru kravu pieg\u0101di \u2013 m\u016bsu automa\u0161\u012bnas iebrauc R\u012bgas noliktav\u0101 divas reizes ned\u0113\u013c\u0101 \u2013 otrdien\u0101s un piektdien\u0101s. Sauszemes kravu p\u0101rvad\u0101jumi no un uz \u0161\u012bm valst\u012bm notiek 2 \u2013 5 darba dienu laik\u0101, nodro\u0161inot pilnu pieg\u0101des servisu \u201eno durv\u012bm l\u012bdz durv\u012bm\u201d. Tas noz\u012bm\u0113, ka kravu p\u0101rvad\u0101jumi no V\u0101cijas non\u0101ks pl\u0101notaj\u0101 galam\u0113r\u0137\u012b jau p\u0101ris dienu laik\u0101 \u2013 maksimums 72 h laik\u0101.<\/p>\n<p><strong>Izv\u0113lieties Cargomax, jo m\u0113s lepojamies ar:<\/strong><\/p>\n<ul>\n<li>Profesion\u0101lu apkalpo\u0161anas servisu;<\/li>\n<li>Kravu pieg\u0101di nor\u0101d\u012btaj\u0101 laik\u0101 un atbilsto\u0161i vis\u0101m J\u016bsu pras\u012bb\u0101m;<\/li>\n<li>Izdev\u012bg\u0101m un tirgum atbilsto\u0161\u0101m cen\u0101m;<\/li>\n<li>Ilgu gadu pieredzi starptautiskaj\u0101 tirg\u016b;<\/li>\n<li>Kvalific\u0113tiem speci\u0101listiem, kuri ikvienu darbu veiks profesion\u0101li.<\/li>\n<\/ul>\n<p><strong>Ja Jums ir nepiecie\u0161ami kravu p\u0101rvad\u0101jumi uz vai no V\u0101cijas vai k\u0101das citas valsts, tad ziniet, ka Cargomax ir piem\u0113rots uz\u0146\u0113mums!<\/strong><\/p>\n<p><strong>Sazinieties ar mums:<\/strong><\/p>\n<p>Lai ieg\u016btu detaliz\u0113tu inform\u0101ciju par kravu p\u0101rvad\u0101jumiem pa sauszemi, j\u016bru vai, izmantojot aviotransportu, k\u0101 ar\u012b cen\u0101m un kravas pieg\u0101des nosac\u012bjumiem, sazinieties ar mums pa t\u0101lruni +371 67359770 vai ar Skype pal\u012bdz\u012bbu (cargomax.info), s\u016btot e-pastu uz <a href=\"mailto:info@cargomax.lv\">info@cargomax.lv<\/a> vai noform\u0113jot interneta piepras\u012bjumu m\u016bsu m\u0101jaslap\u0101.<\/p>\n<p>Izv\u0113lieties sav\u0101m vajadz\u012bb\u0101m piem\u0113rot\u0101ko starptautisko kravu p\u0101rvad\u0101jumu veidu!<\/p>\n","protected":false},"excerpt":{"rendered":"<p>Kad nepiecie\u0161ami apjom\u012bgu kravu p\u0101rvad\u0101jumi, piem\u0113ram, kravu p\u0101rvad\u0101jumi uz V\u0101ciju, tad skaidrs ir viens \u2013 lab\u0101k \u0161o darbu uztic\u0113t profesion\u0101\u013ciem ar ilgu gadu pieredzi, [&hellip;]<\/p>\n","protected":false},"author":1,"featured_media":0,"parent":126,"menu_order":0,"comment_status":"closed","ping_status":"closed","template":"","meta":[],"_links":{"self":[{"href":"https:\/\/cargomax.lv\/en\/wp-json\/wp\/v2\/pages\/731\/"}],"collection":[{"href":"https:\/\/cargomax.lv\/en\/wp-json\/wp\/v2\/pages\/"}],"about":[{"href":"https:\/\/cargomax.lv\/en\/wp-json\/wp\/v2\/types\/page\/"}],"author":[{"embeddable":true,"href":"https:\/\/cargomax.lv\/en\/wp-json\/wp\/v2\/users\/1\/"}],"replies":[{"embeddable":true,"href":"https:\/\/cargomax.lv\/en\/wp-json\/wp\/v2\/comments\/?post=731"}],"version-history":[{"count":2,"href":"https:\/\/cargomax.lv\/en\/wp-json\/wp\/v2\/pages\/731\/revisions\/"}],"predecessor-version":[{"id":733,"href":"https:\/\/cargomax.lv\/en\/wp-json\/wp\/v2\/pages\/731\/revisions\/733\/"}],"up":[{"embeddable":true,"href":"https:\/\/cargomax.lv\/en\/wp-json\/wp\/v2\/pages\/126\/"}],"wp:attachment":[{"href":"https:\/\/cargomax.lv\/en\/wp-json\/wp\/v2\/media\/?parent=731"}],"curies":[{"name":"wp","href":"https:\/\/api.w.org\/{rel}","templated":true}]}}