{"id":73,"date":"2015-01-05T15:27:59","date_gmt":"2015-01-05T15:27:59","guid":{"rendered":"http:\/\/cargomax.lv\/?page_id=73"},"modified":"2015-04-14T07:56:38","modified_gmt":"2015-04-14T05:56:38","slug":"kravas-taksacijas-svara-aprekinasana","status":"publish","type":"page","link":"https:\/\/cargomax.lv\/en\/noderigi\/kravas-taksacijas-svara-aprekinasana\/","title":{"rendered":"Kravas taks\u0101cijas svara apr\u0113\u0137in\u0101\u0161ana"},"content":{"rendered":"<p>Taks\u0101cijas svara apr\u0113\u0137in\u0101\u0161ana<\/p>\n<p>Apskat\u012bsim taks\u0101cijas svara apr\u0113\u0137in\u0101\u0161anu autotransport\u0101, par pamatu \u0146emot m\u016bsu taks\u0101cijas svaru kalkul\u0101ciju.<\/p>\n<p>Kad runa ir par taks\u0101cijas svaru apr\u0113\u0137inu, tad tiek \u0146emti v\u0113t\u0101 tr\u012bs parametri:<\/p>\n<p>1) kravas bruto svars kilogramos (kg).<\/p>\n<p>2) kravas apjoms kubikmetros (cbm) = garums * platums * augstums.<\/p>\n<p>3) kravas iekrau\u0161anas metri (ldm) = garums * platums \/ 2,4 (standarta kravas ma\u0161\u012bnas piekabes platums).<\/p>\n<p>Katram no \u0161iem parametriem tiek piem\u0113rots savs koeficents p\u0113c transporta komp\u0101nijas ieskatiem, ta\u010du m\u016bsu gad\u012bjum\u0101 tie ir:<\/p>\n<p>1) 1kg = 1kg<\/p>\n<p>2) 1cbm = 300kg<\/p>\n<p>3) 1ldm = 1600kg.<\/p>\n<p>Kas ir svar\u012bgi, tad m\u016bsu gad\u012bjum\u0101 ldm tiek \u0146emti v\u0113r\u0101 tikai krav\u0101m ar garumu vai platumu gar\u0101ku par 1,6m, vai ar\u012b apjomam virs 1,2ldm, kas ir 3 eiropas pale\u0161u (eplt) vietas. T\u0101pat ldm netiek \u0146emti v\u0113r\u0101 kast\u0113m, bet ir noteikums, ka standarta gad\u012bjum\u0101, kad kastu daudzums ir liel\u0101ks par 10 vien\u012bb\u0101m, t\u0101m j\u0101b\u016bt salikt\u0101m uz paletes.<\/p>\n<p>M\u016bsu komp\u0101nijas gad\u012bjum\u0101 ir v\u0113l divi papildus noteikumi:<\/p>\n<p>1) 1eplt (1,2*0,8m) = minimums 300kg, vai kravas re\u0101lais taks\u0101cijas apjoms \u0146emot v\u0113r\u0101 liel\u0101ko.<\/p>\n<p>2) 1 FIN plt (1,2*1,0m) = minimums 400kg, vai kravas re\u0101lais apjoms.<\/p>\n<p>Attiec\u012bgi, lai apr\u0113\u0137in\u0101tu taks\u0101cijas svaru, m\u0113s vispirms izr\u0113\u0137in\u0101m kop\u0113jo svaru, cbm un ldm un par pamatu \u0146emam liel\u0101ko v\u0113rt\u012bbu. Lai saprastu k\u0101 tad tiek r\u0113\u0137in\u0101ts taks\u0101cijas svars, apl\u016bkosim tr\u012bs piem\u0113rus:<\/p>\n<p>1) krava ir 2 kastes = 0,4*0,6*0,45m katra, un katras svars ir 15kg<\/p>\n<p>Bruto svars = 15*2gab. = 30kg<\/p>\n<p>Cbm svars = 0,4*0,6*0,45*2gab.*300 = 64,80kg<\/p>\n<p>Ldm svars = netiek \u0146emts v\u0113r\u0101, jo ir 2 kastes un izm\u0113rs nep\u0101rsniedz 1,6m<\/p>\n<p>Taks\u0101cijas svars = 64,80kg, jo tas ir liel\u0101kais koeficientiem.<\/p>\n<p>2) 1eplt = 0,5m augsta = 190kg<\/p>\n<p>Bruto svars = 190kg<\/p>\n<p>Cbm svars = 144kg<\/p>\n<p>Ldm svars = 1,2*0,8\/2,4 = 0,4ldm. Netiek \u0146emts v\u0113r\u0101, jo nep\u0101rsniedz 1,2ldm<\/p>\n<p>1eplt minim\u0101lais taks\u0101cijas svars = 300kg<\/p>\n","protected":false},"excerpt":{"rendered":"<p>Taks\u0101cijas svara apr\u0113\u0137in\u0101\u0161ana Apskat\u012bsim taks\u0101cijas svara apr\u0113\u0137in\u0101\u0161anu autotransport\u0101, par pamatu \u0146emot m\u016bsu taks\u0101cijas svaru kalkul\u0101ciju. Kad runa ir par taks\u0101cijas svaru apr\u0113\u0137inu, tad tiek [&hellip;]<\/p>\n","protected":false},"author":1,"featured_media":0,"parent":20,"menu_order":0,"comment_status":"open","ping_status":"open","template":"","meta":[],"_links":{"self":[{"href":"https:\/\/cargomax.lv\/en\/wp-json\/wp\/v2\/pages\/73\/"}],"collection":[{"href":"https:\/\/cargomax.lv\/en\/wp-json\/wp\/v2\/pages\/"}],"about":[{"href":"https:\/\/cargomax.lv\/en\/wp-json\/wp\/v2\/types\/page\/"}],"author":[{"embeddable":true,"href":"https:\/\/cargomax.lv\/en\/wp-json\/wp\/v2\/users\/1\/"}],"replies":[{"embeddable":true,"href":"https:\/\/cargomax.lv\/en\/wp-json\/wp\/v2\/comments\/?post=73"}],"version-history":[{"count":6,"href":"https:\/\/cargomax.lv\/en\/wp-json\/wp\/v2\/pages\/73\/revisions\/"}],"predecessor-version":[{"id":324,"href":"https:\/\/cargomax.lv\/en\/wp-json\/wp\/v2\/pages\/73\/revisions\/324\/"}],"up":[{"embeddable":true,"href":"https:\/\/cargomax.lv\/en\/wp-json\/wp\/v2\/pages\/20\/"}],"wp:attachment":[{"href":"https:\/\/cargomax.lv\/en\/wp-json\/wp\/v2\/media\/?parent=73"}],"curies":[{"name":"wp","href":"https:\/\/api.w.org\/{rel}","templated":true}]}}