{"id":728,"date":"2015-06-29T15:07:13","date_gmt":"2015-06-29T12:07:13","guid":{"rendered":"http:\/\/cargomax.lv\/?page_id=728"},"modified":"2015-06-29T15:10:51","modified_gmt":"2015-06-29T12:10:51","slug":"atri-starptautiskie-kravu-parvadajumi-uz-un-no-niderlandes","status":"publish","type":"page","link":"https:\/\/cargomax.lv\/en\/pakalpojumi\/starptautiskie-kravu-parvadajumi\/atri-starptautiskie-kravu-parvadajumi-uz-un-no-niderlandes\/","title":{"rendered":"\u0100tri starptautiskie kravu p\u0101rvad\u0101jumi uz un no N\u012bderlandes"},"content":{"rendered":"<p><strong>\u0100tri starptautiskie kravu p\u0101rvad\u0101jumi uz un no N\u012bderlandes<\/strong><\/p>\n<p>M\u016bsdienu straujaj\u0101 dz\u012bves ritm\u0101 sevi\u0161\u0137i svar\u012bgi, lai viss notiktu laic\u012bgi un neb\u016btu nek\u0101du sare\u017e\u0123\u012bjumu, \u012bpa\u0161i tad, ja dom\u0101jam par kravu pieg\u0101di, termi\u0146iem un kvalit\u0101ti. Piem\u0113ram, ja nepiecie\u0161ami kravu p\u0101rvad\u0101jumi uz N\u012bderlandi konkr\u0113t\u0101 laik\u0101, tad ta\u010du m\u0113s nevaram pie\u013caut, ka krava galam\u0113r\u0137\u012b kav\u0113jas. \u0160\u012b iemesla d\u0113\u013c ikvienam, kam uz\u0146\u0113mum\u0101 svar\u012bga precizit\u0101te, <strong>kravu p\u0101rvad\u0101jumi ir j\u0101uztic speci\u0101listiem ar pieredzi un p\u0101rliec\u012bbu par savu darbu \u2013 Cargomax!<\/strong><\/p>\n<p><strong>M\u0113s esam vieni no tirgus l\u012bderiem kravu p\u0101rvad\u0101jumu nozar\u0113 Latvij\u0101<\/strong>. Pateicoties sadarb\u012bbai ar Eiropas transporta uz\u0146\u0113mumiem <em>CargoLine<\/em> un <em>ELVIS<\/em>, esam izveidoju\u0161i starptautisku t\u012bklu vis\u0101 Eiropas Savien\u012bb\u0101.<\/p>\n<p>Sevi\u0161\u0137i lepojamies ar m\u016bsu kravu p\u0101rvad\u0101jumiem pa Centr\u0101leiropu un Rietumeiropu. Piem\u0113ram, kravu p\u0101rvad\u0101jumi no N\u012bderlandes, V\u0101cijas, Luksemburgas vai Be\u013c\u0123ijas ir Cargomax ikdiena, kas noz\u012bm\u0113, ka \u0161aj\u0101 nozar\u0113 tik tie\u0161\u0101m esam profesion\u0101\u013ci. Piem\u0113ram, kravu p\u0101rvad\u0101jumi no N\u012bderlandes Latvij\u0101 non\u0101k jau 3 \u2013 6 darba dienu laik\u0101, savuk\u0101rt kravu p\u0101rvad\u0101jumi uz N\u012bderlandi, V\u0101ciju, Luksemburgu un Be\u013c\u0123iju galam\u0113r\u0137i sasniedz aptuveni 3-5 darba dienu laik\u0101. Tas noz\u012bm\u0113, ka nepiecie\u0161amo kravu J\u016bs sa\u0146emsiet tikai vienas ned\u0113\u013cas laik\u0101. M\u016bsu kravu p\u0101rvad\u0101jumi b\u016bs piem\u0113rots risin\u0101jums gan eksportam, gan importam.<\/p>\n<p><strong>Pied\u0101v\u0101jam pla\u0161u kravu p\u0101rvad\u0101jumu kl\u0101stu:<\/strong><\/p>\n<ul>\n<li>Salikto kravu pieg\u0101de;<\/li>\n<li>Da\u013c\u0113jo kravu pieg\u0101de;<\/li>\n<li>Pilno kravu pieg\u0101de;<\/li>\n<li>ADR (b\u012bstamo) kravu p\u0101rvad\u0101jumi;<\/li>\n<li>Kravu izseko\u0161ana;<\/li>\n<li>Elast\u012bgi un\/vai nestandarta risin\u0101jumi kravu p\u0101rvad\u0101jumos.<\/li>\n<\/ul>\n<p><strong>Tiek nodro\u0161in\u0101ta starptautisk\u0101 kravu pieg\u0101de:<\/strong><\/p>\n<ul>\n<li>Pa sauszemi \u2013 regul\u0101ri un dro\u0161i autop\u0101rvad\u0101jumi;<\/li>\n<li>Pa j\u016bru \u2013 kravu p\u0101rvad\u0101jumi no liel\u0101kaj\u0101m ost\u0101m gan eksportam, gan importam;<\/li>\n<li>Pa gaisu \u2013 \u0101trs pieg\u0101des veids no nos\u016bt\u012bt\u0101ja l\u012bdz sa\u0146\u0113m\u0113jam.<\/li>\n<li>Izv\u0113lieties J\u016bsu pras\u012bb\u0101m piem\u0113rot\u0101ko kravas transport\u0113\u0161anas veidu jau tagad!<\/li>\n<\/ul>\n<p><strong>K\u0101p\u0113c izv\u0113l\u0113ties m\u016bsu kravu p\u0101rvad\u0101jumus<\/strong>?<\/p>\n<ul>\n<li><strong>\u0100tra pieg\u0101de &#8211;<\/strong> veicam kravu p\u0101rvad\u0101jumus \u012bs\u0101 laika posm\u0101, jo m\u016bsu r\u012bc\u012bb\u0101 ir lab\u0101k\u0101s transporta sist\u0113mas, kas nodro\u0161ina teicamu lo\u0123istiku;<\/li>\n<li><strong>Kvalit\u0101te &#8211;<\/strong> piln\u012bb\u0101 uz\u0146emamies atbild\u012bbu par J\u016bsu uztic\u0113to kravu un nodro\u0161in\u0101m t\u0101s nog\u0101di galam\u0113r\u0137\u012b;<\/li>\n<li><strong>Kravu izseko\u0161ana &#8211;<\/strong> nodro\u0161in\u0101m kravas izseko\u0161anu, lai vienm\u0113r zin\u0101tu, kur J\u016bsu krava atrodas;<\/li>\n<li><strong>Regul\u0101ra kravu iekrau\u0161ana un izkrau\u0161ana \u2013 <\/strong>nodro\u0161in\u0101m regul\u0101ru, \u0101tru un dro\u0161u starptautisko kravu pieg\u0101di, kas garant\u0113 darbu izpildi sol\u012btaj\u0101 laika period\u0101;<\/li>\n<li><strong>Pieg\u0101de no durv\u012bm l\u012bdz durv\u012bm &#8211;<\/strong> Cargomax apvieno p\u0101rdom\u0101tu lo\u0123istikas sist\u0113mu, kas noz\u012bm\u0113, ka J\u016bsu nodot\u0101 krava tiks sav\u0101kta Jums \u0113rt\u0101k\u0101 viet\u0101, k\u0101 ar\u012b izkrauta viet\u0101, kuru nor\u0101d\u012bj\u0101t k\u0101 galam\u0113r\u0137i. Piem\u0113ram, kravas p\u0101rvad\u0101jumi N\u012bderland\u0113 tiks nog\u0101d\u0101ti tie\u0161i taj\u0101 viet\u0101, kur sol\u012bts;<\/li>\n<li><strong>Kvalitat\u012bvs serviss un individu\u0101li risin\u0101jumi \u2013 <\/strong>pateicoties profesion\u0101lajiem starptautiskajiem sadarb\u012bbas partneriem un transporta sist\u0113m\u0101m, Cargomax nodro\u0161ina kvalitat\u012bvu servisu, k\u0101 ar\u012b, atkar\u012bb\u0101 no klienta v\u0113lm\u0113m, nodro\u0161in\u0101m individu\u0101los risin\u0101jumus ikvienam klientam.<\/li>\n<\/ul>\n<p>J\u0101piemin, ka m\u0113s pied\u0101v\u0101jam kravu pieg\u0101di bez daudz\u0101m p\u0101rkrau\u0161an\u0101m vair\u0101kos termin\u0101los, kas attiec\u012bgi noz\u012bm\u0113, ka transport\u0113\u0161anas laik\u0101 tiek maksim\u0101li samazin\u0101ts kravas boj\u0101juma risks. Piem\u0113ram, ja pl\u0101nojiet s\u016bt\u012bt kravu uz N\u012bderlandi, tad ziniet, ka krava tiks izkrauta tikai J\u016bsu galam\u0113r\u0137\u012b \u2013 N\u012bderland\u0113.<\/p>\n<p><strong>Sazinieties ar mums:<\/strong><\/p>\n<p>Lai ieg\u016btu prec\u012bzu inform\u0101ciju par kravu p\u0101rvad\u0101jumiem, cen\u0101m vai kravas pieg\u0101des nosac\u012bjumiem, sazinieties ar mums pa t\u0101lruni +371 67359770 vai ar Skype pal\u012bdz\u012bbu (cargomax.info), s\u016btot e-pastu uz <a href=\"mailto:info@cargomax.lv\">info@cargomax.lv<\/a> vai noform\u0113jot interneta piepras\u012bjumu m\u016bsu m\u0101jaslap\u0101.<\/p>\n<p>Izv\u0113lieties Cargomax pakalpojumus, lai p\u0101rliecin\u0101tos, ka starptautisko kravu pieg\u0101de var b\u016bt \u0101tra un dro\u0161a!<\/p>\n<p>&nbsp;<\/p>\n","protected":false},"excerpt":{"rendered":"<p>\u0100tri starptautiskie kravu p\u0101rvad\u0101jumi uz un no N\u012bderlandes M\u016bsdienu straujaj\u0101 dz\u012bves ritm\u0101 sevi\u0161\u0137i svar\u012bgi, lai viss notiktu laic\u012bgi un neb\u016btu nek\u0101du sare\u017e\u0123\u012bjumu, \u012bpa\u0161i tad, [&hellip;]<\/p>\n","protected":false},"author":1,"featured_media":0,"parent":126,"menu_order":0,"comment_status":"closed","ping_status":"closed","template":"","meta":[],"_links":{"self":[{"href":"https:\/\/cargomax.lv\/en\/wp-json\/wp\/v2\/pages\/728\/"}],"collection":[{"href":"https:\/\/cargomax.lv\/en\/wp-json\/wp\/v2\/pages\/"}],"about":[{"href":"https:\/\/cargomax.lv\/en\/wp-json\/wp\/v2\/types\/page\/"}],"author":[{"embeddable":true,"href":"https:\/\/cargomax.lv\/en\/wp-json\/wp\/v2\/users\/1\/"}],"replies":[{"embeddable":true,"href":"https:\/\/cargomax.lv\/en\/wp-json\/wp\/v2\/comments\/?post=728"}],"version-history":[{"count":2,"href":"https:\/\/cargomax.lv\/en\/wp-json\/wp\/v2\/pages\/728\/revisions\/"}],"predecessor-version":[{"id":730,"href":"https:\/\/cargomax.lv\/en\/wp-json\/wp\/v2\/pages\/728\/revisions\/730\/"}],"up":[{"embeddable":true,"href":"https:\/\/cargomax.lv\/en\/wp-json\/wp\/v2\/pages\/126\/"}],"wp:attachment":[{"href":"https:\/\/cargomax.lv\/en\/wp-json\/wp\/v2\/media\/?parent=728"}],"curies":[{"name":"wp","href":"https:\/\/api.w.org\/{rel}","templated":true}]}}