{"id":51,"date":"2015-01-05T15:19:32","date_gmt":"2015-01-05T15:19:32","guid":{"rendered":"http:\/\/cargomax.lv\/?page_id=51"},"modified":"2015-05-26T10:11:19","modified_gmt":"2015-05-26T07:11:19","slug":"sauszemes-kravu-parvadajumi","status":"publish","type":"page","link":"https:\/\/cargomax.lv\/en\/noderigi\/kravu-parvadajumu-veidi\/sauszemes-kravu-parvadajumi\/","title":{"rendered":"Sauszemes kravu p\u0101rvad\u0101jumi"},"content":{"rendered":"<p><strong>Sauszemes kravu p\u0101rvad\u0101jumu iesp\u0113jas<\/strong><\/p>\n<p>Autotransporta kravu p\u0101rvad\u0101jumi.\u00a0Sauszemes kravu p\u0101rvad\u0101jumus m\u0113s veicam atbilsto\u0161i CMR konvencijas pras\u012bb\u0101m ar pieg\u0101d\u0113m no durv\u012bm l\u012bdz durv\u012bm, k\u0101 ar\u012b nodro\u0161in\u0101m b\u012bstamo (ADR) kravu p\u0101rvad\u0101jumus.<\/p>\n<p>Apl\u016bkosim iesp\u0113jamos risin\u0101jumus un k\u0101 tie darbojas, s\u0101kot no v\u0113stu\u013cu l\u012bdz negabar\u012bta kravu p\u0101rvad\u0101jumiem:<\/p>\n<ol>\n<li>\n<p align=\"JUSTIFY\"><strong>S\u012bkpakas<\/strong> \u2013 s\u012bkpakas ir maz\u0101k\u0101 kravu p\u0101rvad\u0101jumu forma, kad runa ir par s\u016bt\u012bjumiem, s\u0101kot no v\u0113stules l\u012bdz 20 kg lieliem s\u016bt\u012bjumiem. \u0160ie s\u016bt\u012bjumi tiek transport\u0113ti izmantojot termin\u0101lu kravu p\u0101rvad\u0101jumu sist\u0113mu un liel\u0101koties ar\u012b mazos kravu busi\u0146us, kas \u0161o kravu p\u0101rvad\u0101jumu veidu padara par \u0101tr\u0101ko, bet ar\u012b sal\u012bdzino\u0161i d\u0101rg\u0101ko starp autotransporta kravu p\u0101rvad\u0101jumiem. \u0160is ir ide\u0101ls risin\u0101jums, ja ir nepiecie\u0161amas \u0101tras pieg\u0101des.<\/p>\n<\/li>\n<li>\n<p align=\"JUSTIFY\"><strong>Salikto kravu p\u0101rvad\u0101jumi<\/strong> \u2013 kad runa ir par \u0161o kravu p\u0101rvad\u0101jumu veidu, tad m\u0113s saprotam s\u016bt\u012bjumus no 20 kg l\u012bdz trim, \u010detr\u0101m eiro pale\u0161u viet\u0101m.\u0160\u0101di s\u016bt\u012bjumi, t\u0101pat k\u0101 s\u012bkpakas, liel\u0101koties tiek vestas izmantojot termin\u0101la kravu p\u0101rvad\u0101jumu sist\u0113mu. \u0160is transporta veids ir \u013coti labs risin\u0101jums, kad J\u016bsu krava ir par mazu, lai to \u0113rti pa\u0146emtu ar tie\u0161o ma\u0161\u012bnu. K\u0101 liel\u0101ko plusu var min\u0113t fiks\u0113t\u0101s izmaksas, kuras salikto kravu p\u0101rvad\u0101jumu gad\u012bjum\u0101 parasti fiks\u0113 uz gadu.<\/p>\n<\/li>\n<li>\n<p align=\"JUSTIFY\"><strong>Da\u013c\u0113jo kravu p\u0101rvad\u0101jumi<\/strong> \u2013 tiek izmantoti s\u016bt\u012bjumiem no trim, \u010detr\u0101m eiro pale\u0161u viet\u0101m l\u012bdz pat apjomam, kad kravas specifikas, dro\u0161\u012bbas apsv\u0113rumu un izmaksu zi\u0146\u0101 ir izdev\u012bg\u0101k pas\u016bt\u012bt pilnu ma\u0161\u012bnu. \u0160is relat\u012bvi ir l\u0113t\u0101ks autotransporta kravu p\u0101rvad\u0101juma veids, ko nodro\u0161ina kravu pa\u0146em\u0161ana ar tie\u0161o ma\u0161\u012bnu, bet parasti \u0161is transporta veids ir l\u0113n\u0101ks par salikto kravu p\u0101rvad\u0101jumu risin\u0101jumu, jo ma\u0161\u012bnas komplekt\u0113\u0161ana aiz\u0146em vair\u0101k laika nek\u0101 salikto kravu p\u0101rvad\u0101jumu gad\u012bjum\u0101, izmantojot termin\u0101lu sist\u0113mu.<\/p>\n<\/li>\n<li>\n<p align=\"JUSTIFY\"><strong>Pilno kravu p\u0101rvad\u0101jumi<\/strong> \u2013 \u0161o transporta veidu izmanto gad\u012bjumos, kad j\u0101ved sal\u012bdzino\u0161i liels kravas apjoms vai ar\u012b gad\u012bjumos, kad krava ir j\u016bt\u012bga pret \u0101r\u0113j\u0101s vides faktoriem un t\u0101 nedr\u012bkst tikt transport\u0113ta kop\u0101 ar citu kravu. Pilno kravu p\u0101rvad\u0101jumu gad\u012bjum\u0101 liel\u0101kais plus ir prognoz\u0113jamais un pat garant\u0113tais pieg\u0101\u017eu laiks, ta\u010du k\u0101 m\u012bnusu var\u0113tu min\u0113t main\u012bg\u0101s cenas, kuras main\u0101s atkar\u012bb\u0101 no sezonas un situ\u0101cijas uz ce\u013ciem.<\/p>\n<\/li>\n<li>\n<p align=\"JUSTIFY\"><strong>Negabar\u012bta (nestandarta) kravas<\/strong> \u2013 ir atsevi\u0161\u0137s un \u013coti sare\u017e\u0123\u012bts kravu autotransporta kravu p\u0101rvad\u0101juma veids, kuru izmanto \u013coti lielu vai specifisku kravu transport\u0113\u0161anai, kad nav iesp\u0113jams izmantot standarta kravas ma\u0161\u012bnu. \u0160is transporta veids parasti ir j\u0101piesaka l\u012bdz pat vair\u0101kiem m\u0113ne\u0161iem iepriek\u0161, lai visp\u0101r b\u016btu iesp\u0113ja nodro\u0161in\u0101t \u0161\u0101du risin\u0101jumu, kas \u0161o transporta veidu padara par sal\u012bdzino\u0161i d\u0101rg\u0101ko, bet tai pat laik\u0101 dro\u0161\u0101ko risin\u0101jumu.<\/p>\n<\/li>\n<\/ol>\n<p align=\"JUSTIFY\"><strong>Papildus risin\u0101jumi un iesp\u0113jas:<\/strong><\/p>\n<ol>\n<li>\n<p align=\"JUSTIFY\">B\u012bstamo (ADR) kravu p\u0101rvad\u0101jumi<\/p>\n<\/li>\n<li>\n<p align=\"JUSTIFY\">Temperat\u016bras re\u017e\u012bms \u2013 parasti k\u0101 risin\u0101jums tiek nodro\u0161in\u0101ts da\u013c\u0113jo un pilno kravu p\u0101rvad\u0101jumu gad\u012bjum\u0101. Diem\u017e\u0113l, bet savas milz\u012bg\u0101s specifikas un ierobe\u017eojumu d\u0113\u013c temperat\u016bras re\u017e\u012bma kravas ir \u013coti gr\u016bti transport\u0113t k\u0101 salikto kravu.<\/p>\n<\/li>\n<li>\n<p align=\"JUSTIFY\">Mitruma kontrole \u2013 ret\u0101k pras\u012bts risin\u0101jums, kur\u0161 parasti tiek nodro\u0161in\u0101ts kop\u0101 ar temperat\u016bras re\u017e\u012bmu. P\u0101rsvar\u0101 \u0161\u012b mitruma kontrole ir pieejama da\u013c\u0113jo un pilno kravu p\u0101rvad\u0101jumu gad\u012bjum\u0101.<\/p>\n<\/li>\n<\/ol>\n","protected":false},"excerpt":{"rendered":"<p>Sauszemes kravu p\u0101rvad\u0101jumu iesp\u0113jas Autotransporta kravu p\u0101rvad\u0101jumi.\u00a0Sauszemes kravu p\u0101rvad\u0101jumus m\u0113s veicam atbilsto\u0161i CMR konvencijas pras\u012bb\u0101m ar pieg\u0101d\u0113m no durv\u012bm l\u012bdz durv\u012bm, k\u0101 ar\u012b nodro\u0161in\u0101m [&hellip;]<\/p>\n","protected":false},"author":1,"featured_media":0,"parent":49,"menu_order":0,"comment_status":"open","ping_status":"open","template":"","meta":[],"_links":{"self":[{"href":"https:\/\/cargomax.lv\/en\/wp-json\/wp\/v2\/pages\/51\/"}],"collection":[{"href":"https:\/\/cargomax.lv\/en\/wp-json\/wp\/v2\/pages\/"}],"about":[{"href":"https:\/\/cargomax.lv\/en\/wp-json\/wp\/v2\/types\/page\/"}],"author":[{"embeddable":true,"href":"https:\/\/cargomax.lv\/en\/wp-json\/wp\/v2\/users\/1\/"}],"replies":[{"embeddable":true,"href":"https:\/\/cargomax.lv\/en\/wp-json\/wp\/v2\/comments\/?post=51"}],"version-history":[{"count":5,"href":"https:\/\/cargomax.lv\/en\/wp-json\/wp\/v2\/pages\/51\/revisions\/"}],"predecessor-version":[{"id":657,"href":"https:\/\/cargomax.lv\/en\/wp-json\/wp\/v2\/pages\/51\/revisions\/657\/"}],"up":[{"embeddable":true,"href":"https:\/\/cargomax.lv\/en\/wp-json\/wp\/v2\/pages\/49\/"}],"wp:attachment":[{"href":"https:\/\/cargomax.lv\/en\/wp-json\/wp\/v2\/media\/?parent=51"}],"curies":[{"name":"wp","href":"https:\/\/api.w.org\/{rel}","templated":true}]}}