{"id":450,"date":"2015-04-21T13:14:52","date_gmt":"2015-04-21T10:14:52","guid":{"rendered":"http:\/\/cargomax.lv\/?page_id=450"},"modified":"2015-04-21T15:48:22","modified_gmt":"2015-04-21T12:48:22","slug":"palesu-izmeri","status":"publish","type":"page","link":"https:\/\/cargomax.lv\/en\/noderigi\/kravas-iepakojums-un-markejums\/palesu-izmeri\/","title":{"rendered":"Pale\u0161u izm\u0113ri"},"content":{"rendered":"<p>Kas v\u0113l ir interesanti, run\u0101jot par palet\u0113m \u2013 katr\u0101 re\u0123ion\u0101 ir savi standarti un pale\u0161u izm\u0113ri, piem\u0113ram, Eirop\u0101 ir eiro paletes \u2013 120 x 80, uz kur\u0101m pamat\u0101 tiek iepakotas kravas (bet ne vienm\u0113r!), savuk\u0101rt, \u0136\u012bn\u0101, Jap\u0101n\u0101 un Austr\u0101lij\u0101 t\u0101 saucam\u0101s standarta paletes ir 110 x 110, Somij\u0101 \u2013 100 x 120 un Amerikas Savienotaj\u0101s Valst\u012bs \u0161ie izm\u0113ri ir 1016 mm x 1219 mm un 1219 mm x 1219 mm.<\/p>\n","protected":false},"excerpt":{"rendered":"<p>Kas v\u0113l ir interesanti, run\u0101jot par palet\u0113m \u2013 katr\u0101 re\u0123ion\u0101 ir savi standarti un pale\u0161u izm\u0113ri, piem\u0113ram, Eirop\u0101 ir eiro paletes \u2013 120 x [&hellip;]<\/p>\n","protected":false},"author":1,"featured_media":0,"parent":77,"menu_order":0,"comment_status":"closed","ping_status":"closed","template":"","meta":[],"_links":{"self":[{"href":"https:\/\/cargomax.lv\/en\/wp-json\/wp\/v2\/pages\/450\/"}],"collection":[{"href":"https:\/\/cargomax.lv\/en\/wp-json\/wp\/v2\/pages\/"}],"about":[{"href":"https:\/\/cargomax.lv\/en\/wp-json\/wp\/v2\/types\/page\/"}],"author":[{"embeddable":true,"href":"https:\/\/cargomax.lv\/en\/wp-json\/wp\/v2\/users\/1\/"}],"replies":[{"embeddable":true,"href":"https:\/\/cargomax.lv\/en\/wp-json\/wp\/v2\/comments\/?post=450"}],"version-history":[{"count":3,"href":"https:\/\/cargomax.lv\/en\/wp-json\/wp\/v2\/pages\/450\/revisions\/"}],"predecessor-version":[{"id":562,"href":"https:\/\/cargomax.lv\/en\/wp-json\/wp\/v2\/pages\/450\/revisions\/562\/"}],"up":[{"embeddable":true,"href":"https:\/\/cargomax.lv\/en\/wp-json\/wp\/v2\/pages\/77\/"}],"wp:attachment":[{"href":"https:\/\/cargomax.lv\/en\/wp-json\/wp\/v2\/media\/?parent=450"}],"curies":[{"name":"wp","href":"https:\/\/api.w.org\/{rel}","templated":true}]}}