{"id":169,"date":"2015-01-19T16:16:53","date_gmt":"2015-01-19T16:16:53","guid":{"rendered":"http:\/\/cargomax.lv\/?page_id=169"},"modified":"2015-02-09T15:03:21","modified_gmt":"2015-02-09T13:03:21","slug":"pieprasijuma-noformesana","status":"publish","type":"page","link":"https:\/\/cargomax.lv\/en\/pieprasijuma-noformesana\/","title":{"rendered":"Transporta pas\u016bt\u012bjums"},"content":{"rendered":"\n                <div class='gf_browser_gecko gform_wrapper' id='gform_wrapper_1' ><a id='gf_1' class='gform_anchor' ><\/a><form method='post' enctype='multipart\/form-data' target='gform_ajax_frame_1' id='gform_1'  action='\/en\/wp-json\/wp\/v2\/pages\/169\/#gf_1'>\n        <div id='gf_progressbar_wrapper_1' class='gf_progressbar_wrapper'>\n            <h3 class='gf_progressbar_title'>Step 1 of 4\n        <\/h3>\n            <div class='gf_progressbar'>\n                <div class='gf_progressbar_percentage percentbar_red percentbar_25' style='width:25%;'><span>25%<\/span><\/div>\n            <\/div><\/div>\n                        <div class='gform_body'><div id='gform_page_1_1' class='gform_page' >\n                                    <div class='gform_page_fields'><ul id='gform_fields_1' class='gform_fields left_label form_sublabel_below description_below'><li id='field_1_9' class='gfield gsection field_sublabel_below field_description_below' ><h2 class='gsection_title'>Pas\u016bt\u012bt\u0101js<\/h2><\/li><li id='field_1_1' class='gfield bigform field_sublabel_below field_description_below' ><label class='gfield_label' for='input_1_1' >Uz\u0146\u0113mums<\/label><div class='ginput_container ginput_container_text'><input name='input_1' id='input_1_1' type='text' value='' class='medium'  tabindex='86'   \/><\/div><\/li><li id='field_1_2' class='gfield field_sublabel_below field_description_below' ><label class='gfield_label' for='input_1_2' >Re\u0123istr\u0101cijas numurs<\/label><div class='ginput_container ginput_container_text'><input name='input_2' id='input_1_2' type='text' value='' class='medium'  tabindex='87'   \/><\/div><\/li><li id='field_1_3' class='gfield gfield_contains_required field_sublabel_below field_description_below' ><label class='gfield_label' for='input_1_3' >Kontaktpersona<span class='gfield_required'>*<\/span><\/label><div class='ginput_container ginput_container_text'><input name='input_3' id='input_1_3' type='text' value='' class='medium'  tabindex='88'   \/><\/div><\/li><li id='field_1_4' class='gfield gfield_contains_required field_sublabel_below field_description_below' ><label class='gfield_label' for='input_1_4' >T\u0101lrunis<span class='gfield_required'>*<\/span><\/label><div class='ginput_container ginput_container_text'><input name='input_4' id='input_1_4' type='text' value='' class='medium'  tabindex='89'   \/><\/div><\/li><li id='field_1_5' class='gfield gfield_contains_required field_sublabel_below field_description_below' ><label class='gfield_label' for='input_1_5' >E-pasts<span class='gfield_required'>*<\/span><\/label><div class='ginput_container ginput_container_email'>\n                            <input name='input_5' id='input_1_5' type='email' value='' class='medium' tabindex='90'   \/>\n                        <\/div><\/li><\/ul>\n                    <\/div>\n                    <div class='gform_page_footer'>\n                         <input type='button' id='gform_next_button_1_8' class='gform_next_button button' value='T\u0101l\u0101k' tabindex='91' onclick='jQuery(\"#gform_target_page_number_1\").val(\"2\");  jQuery(\"#gform_1\").trigger(\"submit\",[true]); ' \/> \n                    <\/div>\n                <\/div>\n                <div id='gform_page_1_2' class='gform_page' style='display:none;'>\n                    <div class='gform_page_fields'>\n                        <ul id='gform_fields_1_2' class='gform_fields left_label form_sublabel_below description_below'><li id='field_1_10' class='gfield gsection field_sublabel_below field_description_below' ><h2 class='gsection_title'>Nos\u016bt\u012bt\u0101js<\/h2><\/li><li id='field_1_12' class='gfield field_sublabel_below field_description_below' ><label class='gfield_label' for='input_1_12' >Uz\u0146\u0113mums<\/label><div class='ginput_container ginput_container_text'><input name='input_12' id='input_1_12' type='text' value='' class='medium'  tabindex='92'   \/><\/div><\/li><li id='field_1_13' class='gfield field_sublabel_below field_description_below' ><label class='gfield_label' for='input_1_13' >Iekrau\u0161anas adrese<\/label><div class='ginput_container ginput_container_text'><input name='input_13' id='input_1_13' type='text' value='' class='medium'  tabindex='93'  placeholder='Latvija' \/><\/div><\/li><li id='field_1_14' class='gfield gfield_contains_required field_sublabel_below field_description_below' ><label class='gfield_label' for='input_1_14' >Kontaktpersona<span class='gfield_required'>*<\/span><\/label><div class='ginput_container ginput_container_text'><input name='input_14' id='input_1_14' type='text' value='' class='medium'  tabindex='94'   \/><\/div><\/li><li id='field_1_15' class='gfield gfield_contains_required field_sublabel_below field_description_below' ><label class='gfield_label' for='input_1_15' >T\u0101lrunis<span class='gfield_required'>*<\/span><\/label><div class='ginput_container ginput_container_text'><input name='input_15' id='input_1_15' type='text' value='' class='medium'  tabindex='95'   \/><\/div><\/li><li id='field_1_16' class='gfield gfield_contains_required field_sublabel_below field_description_below' ><label class='gfield_label' for='input_1_16' >E-pasts<span class='gfield_required'>*<\/span><\/label><div class='ginput_container ginput_container_email'>\n                            <input name='input_16' id='input_1_16' type='email' value='' class='medium' tabindex='96'   \/>\n                        <\/div><\/li><li id='field_1_17' class='gfield field_sublabel_below field_description_below' ><label class='gfield_label' for='input_1_17' >Pl\u0101notais uzkrau\u0161an\u0101s datums<\/label><div class='ginput_container ginput_container_date'>\n                            <input name='input_17' id='input_1_17' type='text' value='' class='datepicker medium dmy_dot datepicker_with_icon' tabindex='97'  \/>\n                        <\/div>\n                        <input type='hidden' id='gforms_calendar_icon_input_1_17' class='gform_hidden' value='https:\/\/cargomax.lv\/wp-content\/plugins\/gravityforms\/images\/calendar.png'\/><\/li><\/ul>\n                    <\/div>\n                    <div class='gform_page_footer'>\n                        <input type='button' id='gform_previous_button_1_11' class='gform_previous_button button' value='Atgriezties' tabindex='99' onclick='jQuery(\"#gform_target_page_number_1\").val(\"1\");  jQuery(\"#gform_1\").trigger(\"submit\",[true]); ' \/> <input type='button' id='gform_next_button_1_11' class='gform_next_button button' value='T\u0101l\u0101k' tabindex='98' onclick='jQuery(\"#gform_target_page_number_1\").val(\"3\");  jQuery(\"#gform_1\").trigger(\"submit\",[true]); ' \/> \n                    <\/div>\n                <\/div>\n                <div id='gform_page_1_3' class='gform_page' style='display:none;'>\n                    <div class='gform_page_fields'>\n                        <ul id='gform_fields_1_3' class='gform_fields left_label form_sublabel_below description_below'><li id='field_1_18' class='gfield gsection field_sublabel_below field_description_below' ><h2 class='gsection_title'>Sa\u0146\u0113m\u0113js<\/h2><\/li><li id='field_1_19' class='gfield field_sublabel_below field_description_below' ><label class='gfield_label' for='input_1_19' >Uz\u0146\u0113mums<\/label><div class='ginput_container ginput_container_text'><input name='input_19' id='input_1_19' type='text' value='' class='medium'  tabindex='100'   \/><\/div><\/li><li id='field_1_20' class='gfield field_sublabel_below field_description_below' ><label class='gfield_label' for='input_1_20' >Pieg\u0101des adrese<\/label><div class='ginput_container ginput_container_text'><input name='input_20' id='input_1_20' type='text' value='' class='medium'  tabindex='101'   \/><\/div><\/li><li id='field_1_21' class='gfield gfield_contains_required field_sublabel_below field_description_below' ><label class='gfield_label' for='input_1_21' >Kontaktpersona<span class='gfield_required'>*<\/span><\/label><div class='ginput_container ginput_container_text'><input name='input_21' id='input_1_21' type='text' value='' class='medium'  tabindex='102'   \/><\/div><\/li><li id='field_1_22' class='gfield gfield_contains_required field_sublabel_below field_description_below' ><label class='gfield_label' for='input_1_22' >T\u0101lrunis<span class='gfield_required'>*<\/span><\/label><div class='ginput_container ginput_container_text'><input name='input_22' id='input_1_22' type='text' value='' class='medium'  tabindex='103'   \/><\/div><\/li><li id='field_1_23' class='gfield field_sublabel_below field_description_below' ><label class='gfield_label' for='input_1_23' >Darba laiks<\/label><div class='ginput_container ginput_container_text'><input name='input_23' id='input_1_23' type='text' value='' class='medium'  tabindex='104'   \/><\/div><\/li><li id='field_1_26' class='gfield field_sublabel_below field_description_below' ><label class='gfield_label' for='input_1_26' >V\u0113lamais pieg\u0101des datums<\/label><div class='ginput_container ginput_container_date'>\n                            <input name='input_26' id='input_1_26' type='text' value='' class='datepicker medium dmy_dot datepicker_no_icon' tabindex='105'  \/>\n                        <\/div>\n                        <input type='hidden' id='gforms_calendar_icon_input_1_26' class='gform_hidden' value='https:\/\/cargomax.lv\/wp-content\/plugins\/gravityforms\/images\/calendar.png'\/><\/li><\/ul>\n                    <\/div>\n                    <div class='gform_page_footer'>\n                        <input type='button' id='gform_previous_button_1_25' class='gform_previous_button button' value='Atgriezties' tabindex='107' onclick='jQuery(\"#gform_target_page_number_1\").val(\"2\");  jQuery(\"#gform_1\").trigger(\"submit\",[true]); ' \/> <input type='button' id='gform_next_button_1_25' class='gform_next_button button' value='T\u0101l\u0101k' tabindex='106' onclick='jQuery(\"#gform_target_page_number_1\").val(\"4\");  jQuery(\"#gform_1\").trigger(\"submit\",[true]); ' \/> \n                    <\/div>\n                <\/div>\n                <div id='gform_page_1_4' class='gform_page' style='display:none;'>\n                    <div class='gform_page_fields'>\n                        <ul id='gform_fields_1_4' class='gform_fields left_label form_sublabel_below description_below'><li id='field_1_24' class='gfield gsection field_sublabel_below field_description_below' ><h2 class='gsection_title'>Inform\u0101cija par kravu<\/h2><\/li><li id='field_1_27' class='gfield field_sublabel_below field_description_below' ><label class='gfield_label' for='input_1_27' >Svars (kg)<\/label><div class='ginput_container ginput_container_text'><input name='input_27' id='input_1_27' type='text' value='' class='medium'  tabindex='108'   \/><\/div><\/li><li id='field_1_28' class='gfield field_sublabel_below field_description_below' ><label class='gfield_label' for='input_1_28' >Vien\u012bbu skaits<\/label><div class='ginput_container ginput_container_number'><input name='input_28' id='input_1_28' type='number' step='any'   value='' class='medium' tabindex='109'    \/><\/div><\/li><li id='field_1_33' class='gfield field_sublabel_below field_description_below' ><label class='gfield_label' for='input_1_33' >Izm\u0113ri (garums x augstums x platums)<\/label><div class='ginput_container ginput_container_textarea'>\n\t\t\t\t\t<textarea name='input_33' id='input_1_33' class='textarea medium' tabindex='110'    rows='10' cols='50'><\/textarea>\n\t\t\t\t<\/div><\/li><li id='field_1_30' class='gfield field_sublabel_below field_description_below' ><label class='gfield_label'  >B\u012bstama krava<\/label><div class='ginput_container ginput_container_radio'><ul class='gfield_radio' id='input_1_30'><li class='gchoice_1_30_0'><input name='input_30' type='radio' value='J\u0101'  id='choice_1_30_0' tabindex='111'    \/><label for='choice_1_30_0' id='label_1_30_0'>J\u0101<\/label><\/li><li class='gchoice_1_30_1'><input name='input_30' type='radio' value='N\u0113'  id='choice_1_30_1' tabindex='112'    \/><label for='choice_1_30_1' id='label_1_30_1'>N\u0113<\/label><\/li><\/ul><\/div><\/li><li id='field_1_31' class='gfield field_sublabel_below field_description_below' ><label class='gfield_label' for='input_1_31' >Kravas p\u0101rvad\u0101juma veids<\/label><div class='ginput_container ginput_container_select'><select name='input_31' id='input_1_31'  class='medium gfield_select' tabindex='113' ><option value='---' >---<\/option><option value='Avio p\u0101rvad\u0101jumi' >Avio p\u0101rvad\u0101jumi<\/option><option value='Sauszemes parvad\u0101jumi' >Sauszemes parvad\u0101jumi<\/option><option value='J\u016bras p\u0101rvad\u0101jumi' >J\u016bras p\u0101rvad\u0101jumi<\/option><\/select><\/div><\/li><li id='field_1_32' class='gfield field_sublabel_below field_description_below' ><label class='gfield_label' for='input_1_32' >Papildus inform\u0101cija<\/label><div class='ginput_container ginput_container_textarea'>\n\t\t\t\t\t<textarea name='input_32' id='input_1_32' class='textarea medium' tabindex='114'    rows='10' cols='50'><\/textarea>\n\t\t\t\t<\/div><\/li>\n                            <\/ul><\/div>\n        <div class='gform_page_footer left_label'><input type='submit' id='gform_previous_button_1' class='gform_previous_button button' value='Atgriezties' tabindex='115' onclick='if(window[\"gf_submitting_1\"]){return false;}  if( !jQuery(\"#gform_1\")[0].checkValidity || jQuery(\"#gform_1\")[0].checkValidity()){window[\"gf_submitting_1\"]=true;}  ' \/> <input type='submit' id='gform_submit_button_1' class='gform_button button' value='Nos\u016bt\u012bt' tabindex='116' onclick='if(window[\"gf_submitting_1\"]){return false;}  if( !jQuery(\"#gform_1\")[0].checkValidity || jQuery(\"#gform_1\")[0].checkValidity()){window[\"gf_submitting_1\"]=true;}  ' \/> <input type='hidden' name='gform_ajax' value='form_id=1&amp;title=&amp;description=&amp;tabindex=0' \/>\n            <input type='hidden' class='gform_hidden' name='is_submit_1' value='1' \/>\n            <input type='hidden' class='gform_hidden' name='gform_submit' value='1' \/>\n            \n            <input type='hidden' class='gform_hidden' name='gform_unique_id' value='' \/>\n            <input type='hidden' class='gform_hidden' name='state_1' value='WyJbXSIsImQ5YWMxMjFlZTE2MmUzNmI1ZWFjMDM0ZGY4NTFmOTI5Il0=' \/>\n            <input type='hidden' class='gform_hidden' name='gform_target_page_number_1' id='gform_target_page_number_1' value='2' \/>\n            <input type='hidden' class='gform_hidden' name='gform_source_page_number_1' id='gform_source_page_number_1' value='1' \/>\n            <input type='hidden' name='gform_field_values' value='' \/>\n            \n        <\/div>\n                        <\/div><\/div>\n                        <\/form>\n                        <\/div>\n                <iframe style='display:none;width:0px;height:0px;' src='about:blank' name='gform_ajax_frame_1' id='gform_ajax_frame_1' title='Ajax Frame'><\/iframe>\n                <script type='text\/javascript'>jQuery(document).ready(function($){gformInitSpinner( 1, 'https:\/\/cargomax.lv\/wp-content\/plugins\/gravityforms\/images\/spinner.gif' );jQuery('#gform_ajax_frame_1').load( function(){var contents = jQuery(this).contents().find('*').html();var is_postback = contents.indexOf('GF_AJAX_POSTBACK') >= 0;if(!is_postback){return;}var form_content = jQuery(this).contents().find('#gform_wrapper_1');var is_confirmation = jQuery(this).contents().find('#gform_confirmation_wrapper_1').length > 0;var is_redirect = contents.indexOf('gformRedirect(){') >= 0;var is_form = form_content.length > 0 && ! is_redirect && ! is_confirmation;if(is_form){jQuery('#gform_wrapper_1').html(form_content.html());setTimeout( function() { \/* delay the scroll by 50 milliseconds to fix a bug in chrome *\/ jQuery(document).scrollTop(jQuery('#gform_wrapper_1').offset().top); }, 50 );if(window['gformInitDatepicker']) {gformInitDatepicker();}if(window['gformInitPriceFields']) {gformInitPriceFields();}var current_page = jQuery('#gform_source_page_number_1').val();gformInitSpinner( 1, 'https:\/\/cargomax.lv\/wp-content\/plugins\/gravityforms\/images\/spinner.gif' );jQuery(document).trigger('gform_page_loaded', [1, current_page]);window['gf_submitting_1'] = false;}else if(!is_redirect){var confirmation_content = jQuery(this).contents().find('#gforms_confirmation_message_1').html();if(!confirmation_content){confirmation_content = contents;}setTimeout(function(){jQuery('#gform_wrapper_1').replaceWith('<' + 'div id=\\'gforms_confirmation_message_1\\' class=\\'gform_confirmation_message_1 gforms_confirmation_message\\'' + '>' + confirmation_content + '<' + '\/div' + '>');jQuery(document).scrollTop(jQuery('#gforms_confirmation_message_1').offset().top);jQuery(document).trigger('gform_confirmation_loaded', [1]);window['gf_submitting_1'] = false;}, 50);}else{jQuery('#gform_1').append(contents);if(window['gformRedirect']) {gformRedirect();}}jQuery(document).trigger('gform_post_render', [1, current_page]);} );} );<\/script><script type='text\/javascript'> if(typeof gf_global == 'undefined') var gf_global = {\"gf_currency_config\":{\"name\":\"Euro\",\"symbol_left\":\"\",\"symbol_right\":\"&#8364;\",\"symbol_padding\":\" \",\"thousand_separator\":\".\",\"decimal_separator\":\",\",\"decimals\":2},\"base_url\":\"https:\\\/\\\/cargomax.lv\\\/wp-content\\\/plugins\\\/gravityforms\",\"number_formats\":[],\"spinnerUrl\":\"https:\\\/\\\/cargomax.lv\\\/wp-content\\\/plugins\\\/gravityforms\\\/images\\\/spinner.gif\"};jQuery(document).bind('gform_post_render', function(event, formId, currentPage){if(formId == 1) {if(typeof Placeholders != 'undefined'){\n                        Placeholders.enable();\n                    }} } );jQuery(document).bind('gform_post_conditional_logic', function(event, formId, fields, isInit){} );<\/script><script type='text\/javascript'> jQuery(document).ready(function(){jQuery(document).trigger('gform_post_render', [1, 1]) } ); <\/script>\n","protected":false},"excerpt":{"rendered":"","protected":false},"author":1,"featured_media":0,"parent":0,"menu_order":0,"comment_status":"open","ping_status":"open","template":"","meta":[],"_links":{"self":[{"href":"https:\/\/cargomax.lv\/en\/wp-json\/wp\/v2\/pages\/169\/"}],"collection":[{"href":"https:\/\/cargomax.lv\/en\/wp-json\/wp\/v2\/pages\/"}],"about":[{"href":"https:\/\/cargomax.lv\/en\/wp-json\/wp\/v2\/types\/page\/"}],"author":[{"embeddable":true,"href":"https:\/\/cargomax.lv\/en\/wp-json\/wp\/v2\/users\/1\/"}],"replies":[{"embeddable":true,"href":"https:\/\/cargomax.lv\/en\/wp-json\/wp\/v2\/comments\/?post=169"}],"version-history":[{"count":6,"href":"https:\/\/cargomax.lv\/en\/wp-json\/wp\/v2\/pages\/169\/revisions\/"}],"predecessor-version":[{"id":242,"href":"https:\/\/cargomax.lv\/en\/wp-json\/wp\/v2\/pages\/169\/revisions\/242\/"}],"wp:attachment":[{"href":"https:\/\/cargomax.lv\/en\/wp-json\/wp\/v2\/media\/?parent=169"}],"curies":[{"name":"wp","href":"https:\/\/api.w.org\/{rel}","templated":true}]}}