{"id":130,"date":"2015-01-09T13:56:31","date_gmt":"2015-01-09T13:56:31","guid":{"rendered":"http:\/\/cargomax.lv\/?page_id=130"},"modified":"2015-04-21T14:37:50","modified_gmt":"2015-04-21T11:37:50","slug":"muitas-pakalpojumi","status":"publish","type":"page","link":"https:\/\/cargomax.lv\/en\/pakalpojumi\/muitas-pakalpojumi\/","title":{"rendered":"Muitas pakalpojumi"},"content":{"rendered":"<p>Cargomax ir transporta komp\u0101nija, kas pied\u0101v\u0101 sauszemes, gaisa, j\u016bras un multimod\u0101los kravu p\u0101rvad\u0101jumus un da\u017e\u0101dus lo\u0123istikas risin\u0101jumus. Cargomax nodro\u0161ina kravu transportu no un uz Eiropu, \u0100ziju, \u0100friku, Austr\u0101liju, Dienvidameriku un Zieme\u013cameriku. Cargomax kravu p\u0101rvad\u0101jumu jom\u0101 sevi pozicion\u0113 k\u0101 <em>one-stop-shop<\/em> transporta partneri, pie kura v\u0113r\u0161oties J\u016bs varat atrisin\u0101t sava uz\u0146\u0113muma lo\u0123istikas probl\u0113mas un sa\u0146emt atbildes uz Jums aktu\u0101liem jaut\u0101jumiem par efekt\u012bviem lo\u0123istikas risin\u0101jumiem.<\/p>\n<p>Savu klientu \u0113rt\u012bbai Cargomax pied\u0101v\u0101 muitas formalit\u0101\u0161u k\u0101rto\u0161anu. Muitas pakalpojumi ir \u013coti b\u016btiska glob\u0101lo transporta risin\u0101jumu sast\u0101vda\u013ca, t\u0101p\u0113c ir \u013coti svar\u012bgi izv\u0113l\u0113ties profesion\u0101\u013cu komandu, kas pal\u012bdz\u0113s atrast vislab\u0101ko risin\u0101jumu muitas formalit\u0101\u0161u k\u0101rto\u0161an\u0101. Cargomax atrisin\u0101s sare\u017e\u0123\u012btos muitas jaut\u0101jumus, nodro\u0161inot dro\u0161u un \u0101tru kravu pieg\u0101di.<\/p>\n<p>Kvalitat\u012bvi muitas brokeru pakalpojumi iev\u0113rojami atvieglo un pa\u0101trina kravu import\u0113\u0161anu un eksport\u0113\u0161anu.<\/p>\n<h2 style=\"font-size: 18px;line-height: inherit;\">M\u016bsu muitas brokeri sniedz \u0161\u0101dus muitas brokeru pakalpojumus:<\/h2>\n<ul>\n<li>muitas kravu noform\u0113\u0161ana muitas kontroles punktos;<\/li>\n<li>kravu noform\u0113\u0161ana eksportam, importam un tranz\u012btam;<\/li>\n<li>klientu p\u0101rst\u0101v\u0113\u0161ana muitas kontroles iest\u0101d\u0113s;<\/li>\n<li>kravu muitas inspekcijas nodro\u0161in\u0101\u0161ana;<\/li>\n<li>padomu snieg\u0161ana tarifu un kodu klasifik\u0101cij\u0101;<\/li>\n<li>nodok\u013cu apr\u0113\u0137in\u0101\u0161ana;<\/li>\n<li>nodok\u013cu un nodevu nomaksu veik\u0161ana;<\/li>\n<li>konsult\u0101cijas saist\u012bb\u0101 ar muitas formalit\u0101t\u0113m;<\/li>\n<li>citu oper\u0101ciju veik\u0161ana J\u016bsu kravu noform\u0113\u0161anai.<\/li>\n<\/ul>\n<p>Muitas pakalpojumi ietver ar\u012b t\u0101dus pakalpojumus, kas nepiecie\u0161ami pirmsmuito\u0161anas darb\u012bbu veik\u0161anai. M\u0113s atbr\u012bvosim J\u016bsu darbiniekus no nepiecie\u0161am\u012bbas atrasties muitas iest\u0101d\u0113s, iesniedzot muitas deklar\u0101cijas vai veicot pirmsmuito\u0161anas darb\u012bbas.<\/p>\n<h3 style=\"font-size: 18px;line-height: inherit;\">Muitas brokeri pal\u012bdz\u0113s nok\u0101rtot formalit\u0101tes, kas saist\u012btas ar:<\/h3>\n<ul>\n<li>Sanit\u0101ro robe\u017einspekciju;<\/li>\n<li>Vides ministrijas Dabas aizsardz\u012bbas p\u0101rvaldi;<\/li>\n<li>LR \u0100M Strat\u0113\u0123iskas noz\u012bmes pre\u010du kontroles noda\u013cu;<\/li>\n<li>cit\u0101m instit\u016bcij\u0101m, kuru at\u013cauja ir nepiecie\u0161ama J\u016bsu pre\u010du atmuito\u0161anai.<\/li>\n<\/ul>\n<h3 style=\"font-size: 18px;line-height: inherit;\">Muitas dokumentu noform\u0113\u0161anas posmi:<\/h3>\n<ol>\n<li>Muitas brokeri sagatavo muitas proced\u016bru noform\u0113\u0161anai nepiecie\u0161amos dokumentus.<\/li>\n<li>Muitas brokeri iesniedz muit\u0101 deklar\u0101cijas, pievienotos dokumentus, at\u013caujas un deklar\u0113tas preces (p\u0113c muitas piepras\u012bjuma).<\/li>\n<li>Muitas brokeris sniedz muitai piepras\u012bto inform\u0101ciju.<\/li>\n<li>Importa gad\u012bjum\u0101 \u2013 muitas brokeru pakalpojumi ietver muitas nodok\u013cu maks\u0101jumus.<\/li>\n<li>Muitas brokeri sa\u0146em noform\u0113tos dokumentus muit\u0101.<\/li>\n<\/ol>\n<h3 style=\"font-size: 18px;line-height: inherit;\">Profesion\u0101ls un kvalitat\u012bvs serviss<\/h3>\n<p>Cargomax sadarbojas ar profesion\u0101liem un pieredz\u0113ju\u0161iem speci\u0101listiem muitas pakalpojumu jom\u0101, nodro\u0161inot visu iesp\u0113jamo pal\u012bdz\u012bbu un kvalific\u0113tas konsult\u0101cijas par kravu transport\u0113\u0161anu un muitas formalit\u0101\u0161u k\u0101rto\u0161anu. M\u016bsu muitas brokeri k\u013c\u016bs par J\u016bsu uzticamajiem partneriem, kuri nodro\u0161in\u0101s kvalitat\u012bvus pakalpojumus J\u016bsu biznesa veiksm\u012bgai att\u012bst\u012bbai!<\/p>\n<h3 style=\"font-size: 18px;line-height: inherit;\"><strong>Kodu klasifik\u0101cija<\/strong><\/h3>\n<p>Muitas brokeri str\u0101d\u0101 ar \u013coti pla\u0161u kombin\u0113t\u0101s nomenklat\u016bras pre\u010du diapazonu, t\u0101p\u0113c muitas brokeru pakalpojumi ietver ar\u012b iesp\u0113ju piemekl\u0113t pareiz\u0101ko pre\u010du kodu J\u016bsu precei, sniedzot visp\u0101r\u0113ju ieskatu par muitas kodu klasifik\u0101ciju.<\/p>\n<h3 style=\"font-size: 18px;line-height: inherit;\">Cargomax muitas pakalpojumi<\/h3>\n<p>Cargomax muitas brokeru pakalpojumi nodro\u0161ina pilnu dokumentu noform\u0113\u0161anas proced\u016bru \u201eno-l\u012bdz\u201d. T\u0101pat Cargomax muitas brokeri p\u0101rst\u0101v klientu intereses Latvijas Republikas muitas iest\u0101d\u0113s, piesakot importa, eksporta un tranz\u012bta proced\u016bras. Muitas brokeri nodro\u0161ina ar\u012b muitas galvojumu Eiropas tranz\u012btam un sniedz brokeru pakalpojumus, veicot nodok\u013ca maks\u0101jumus un nodok\u013cu apr\u0113\u0137in\u0101\u0161anu. Ar Cargomax J\u016bs varat b\u016bt dro\u0161i, ka visi muitas pakalpojumi, kas saist\u012bti ar J\u016bsu kravu, tiks nodro\u0161in\u0101ti \u013coti augst\u0101 l\u012bmen\u012b, pateicoties profesion\u0101lu un kompetentu speci\u0101listu darbam.<\/p>\n","protected":false},"excerpt":{"rendered":"<p>Cargomax ir transporta komp\u0101nija, kas pied\u0101v\u0101 sauszemes, gaisa, j\u016bras un multimod\u0101los kravu p\u0101rvad\u0101jumus un da\u017e\u0101dus lo\u0123istikas risin\u0101jumus. Cargomax nodro\u0161ina kravu transportu no un uz [&hellip;]<\/p>\n","protected":false},"author":1,"featured_media":0,"parent":16,"menu_order":0,"comment_status":"open","ping_status":"open","template":"","meta":[],"_links":{"self":[{"href":"https:\/\/cargomax.lv\/en\/wp-json\/wp\/v2\/pages\/130\/"}],"collection":[{"href":"https:\/\/cargomax.lv\/en\/wp-json\/wp\/v2\/pages\/"}],"about":[{"href":"https:\/\/cargomax.lv\/en\/wp-json\/wp\/v2\/types\/page\/"}],"author":[{"embeddable":true,"href":"https:\/\/cargomax.lv\/en\/wp-json\/wp\/v2\/users\/1\/"}],"replies":[{"embeddable":true,"href":"https:\/\/cargomax.lv\/en\/wp-json\/wp\/v2\/comments\/?post=130"}],"version-history":[{"count":8,"href":"https:\/\/cargomax.lv\/en\/wp-json\/wp\/v2\/pages\/130\/revisions\/"}],"predecessor-version":[{"id":467,"href":"https:\/\/cargomax.lv\/en\/wp-json\/wp\/v2\/pages\/130\/revisions\/467\/"}],"up":[{"embeddable":true,"href":"https:\/\/cargomax.lv\/en\/wp-json\/wp\/v2\/pages\/16\/"}],"wp:attachment":[{"href":"https:\/\/cargomax.lv\/en\/wp-json\/wp\/v2\/media\/?parent=130"}],"curies":[{"name":"wp","href":"https:\/\/api.w.org\/{rel}","templated":true}]}}